{"id":8613,"date":"2025-08-04T16:14:21","date_gmt":"2025-08-04T16:14:21","guid":{"rendered":"https:\/\/aquamarine-salamander-419260.hostingersite.com\/?page_id=8613"},"modified":"2025-08-05T14:42:58","modified_gmt":"2025-08-05T14:42:58","slug":"politica-de-privacidad","status":"publish","type":"page","link":"https:\/\/ciecompraenlinea.com\/en\/politica-de-privacidad\/","title":{"rendered":"Pol\u00edtica de privacidad"},"content":{"rendered":"<div data-elementor-type=\"wp-page\" data-elementor-id=\"8613\" class=\"elementor elementor-8613\" data-elementor-post-type=\"page\">\n\t\t\t\t<div class=\"elementor-element elementor-element-2b5ea883 e-con-full contenedor-expandido e-flex e-con e-child\" data-id=\"2b5ea883\" data-element_type=\"container\" data-settings=\"{&quot;background_background&quot;:&quot;classic&quot;}\">\n\t\t\t\t<div class=\"elementor-element elementor-element-3156d8a8 elementor-widget elementor-widget-heading\" data-id=\"3156d8a8\" data-element_type=\"widget\" data-widget_type=\"heading.default\">\n\t\t\t\t\t<h1 class=\"elementor-heading-title elementor-size-default\">Pol\u00edtica de Privacidad\n<\/h1>\t\t\t\t<\/div>\n\t\t\t\t<div class=\"elementor-element elementor-element-70157079 elementor-widget__width-initial elementor-widget elementor-widget-text-editor\" data-id=\"70157079\" data-element_type=\"widget\" data-widget_type=\"text-editor.default\">\n\t\t\t\t\t\t\t\t\t<p data-start=\"438\" data-end=\"486\"><strong data-start=\"438\" data-end=\"486\">\u00daltima actualizaci\u00f3n: 04\/08\/2025<\/strong><\/p>\t\t\t\t\t\t\t\t<\/div>\n\t\t\t\t<\/div>\n\t\t<div class=\"elementor-element elementor-element-ba6635f e-con-full e-flex e-con e-child\" data-id=\"ba6635f\" data-element_type=\"container\">\n\t\t\t\t<div class=\"elementor-element elementor-element-a7e8501 elementor-widget elementor-widget-text-editor\" data-id=\"a7e8501\" data-element_type=\"widget\" data-widget_type=\"text-editor.default\">\n\t\t\t\t\t\t\t\t\t<p data-start=\"488\" data-end=\"766\"><span style=\"color: #000000;\">La presente <strong data-start=\"500\" data-end=\"526\">Pol\u00edtica de Privacidad<\/strong> establece los t\u00e9rminos en que <strong data-start=\"557\" data-end=\"582\">CIE DE COLOMBIA S.A.S<\/strong>, identificada con NIT <b>860043397-3<\/b>, utiliza y protege la informaci\u00f3n personal que es proporcionada por los usuarios al momento de utilizar su sitio web: <strong data-start=\"737\" data-end=\"765\"><a class=\"\" style=\"color: #000000;\" href=\"https:\/\/ciecompraenlinea.com\/en\/\" target=\"_new\" rel=\"noopener\" data-start=\"739\" data-end=\"763\">www.ciecompraenlinea.com<\/a><\/strong>.<\/span><\/p>\n<p data-start=\"768\" data-end=\"996\"><span style=\"color: #000000;\">Esta compa\u00f1\u00eda est\u00e1 comprometida con la protecci\u00f3n de los datos personales, la confidencialidad de la informaci\u00f3n y el cumplimiento de la normatividad vigente en Colombia, incluyendo la Ley 1581 de 2012 y el Decreto 1377 de 2013.<\/span><\/p>\n<hr data-start=\"998\" data-end=\"1001\">\n<h3 data-start=\"1003\" data-end=\"1035\"><span style=\"color: #000000;\">1. Informaci\u00f3n que recogemos<\/span><\/h3>\n<p data-start=\"1037\" data-end=\"1123\"><span style=\"color: #000000;\">Nuestro sitio web podr\u00e1 recopilar informaci\u00f3n personal, incluyendo pero no limitada a:<\/span><\/p>\n<ul data-start=\"1125\" data-end=\"1413\">\n<li data-start=\"1125\" data-end=\"1147\">\n<p data-start=\"1127\" data-end=\"1147\"><span style=\"color: #000000;\">Nombre y apellidos<\/span><\/p>\n<\/li>\n<li data-start=\"1148\" data-end=\"1176\">\n<p data-start=\"1150\" data-end=\"1176\"><span style=\"color: #000000;\">N\u00famero de identificaci\u00f3n<\/span><\/p>\n<\/li>\n<li data-start=\"1177\" data-end=\"1235\">\n<p data-start=\"1179\" data-end=\"1235\"><span style=\"color: #000000;\">Informaci\u00f3n de contacto (correo electr\u00f3nico, tel\u00e9fono)<\/span><\/p>\n<\/li>\n<li data-start=\"1236\" data-end=\"1256\">\n<p data-start=\"1238\" data-end=\"1256\"><span style=\"color: #000000;\">Direcci\u00f3n f\u00edsica<\/span><\/p>\n<\/li>\n<li data-start=\"1257\" data-end=\"1291\">\n<p data-start=\"1259\" data-end=\"1291\"><span style=\"color: #000000;\">Datos de facturaci\u00f3n y entrega<\/span><\/p>\n<\/li>\n<li data-start=\"1292\" data-end=\"1365\">\n<p data-start=\"1294\" data-end=\"1365\"><span style=\"color: #000000;\">Informaci\u00f3n de navegaci\u00f3n (cookies, IP, dispositivo, geolocalizaci\u00f3n)<\/span><\/p>\n<\/li>\n<li data-start=\"1366\" data-end=\"1413\">\n<p data-start=\"1368\" data-end=\"1413\"><span style=\"color: #000000;\">Preferencias de productos y h\u00e1bitos de compra<\/span><\/p>\n<\/li>\n<\/ul>\n<p data-start=\"1415\" data-end=\"1585\"><span style=\"color: #000000;\">Esta informaci\u00f3n puede ser solicitada al momento de realizar un pedido, registrarse como usuario, suscribirse a nuestro bolet\u00edn, contactarnos o participar en promociones.<\/span><\/p>\n<hr data-start=\"1587\" data-end=\"1590\">\n<h3 data-start=\"1592\" data-end=\"1637\"><span style=\"color: #000000;\">2. Finalidad del tratamiento de los datos<\/span><\/h3>\n<p data-start=\"1639\" data-end=\"1683\"><span style=\"color: #000000;\">La informaci\u00f3n recogida ser\u00e1 utilizada para:<\/span><\/p>\n<ul data-start=\"1685\" data-end=\"2072\">\n<li data-start=\"1685\" data-end=\"1743\">\n<p data-start=\"1687\" data-end=\"1743\"><span style=\"color: #000000;\">Procesar pedidos, entregas, facturaci\u00f3n y devoluciones<\/span><\/p>\n<\/li>\n<li data-start=\"1744\" data-end=\"1810\">\n<p data-start=\"1746\" data-end=\"1810\"><span style=\"color: #000000;\">Contactar al usuario para fines de servicio posventa o soporte<\/span><\/p>\n<\/li>\n<li data-start=\"1811\" data-end=\"1880\">\n<p data-start=\"1813\" data-end=\"1880\"><span style=\"color: #000000;\">Enviar informaci\u00f3n relevante sobre productos, ofertas o novedades<\/span><\/p>\n<\/li>\n<li data-start=\"1881\" data-end=\"1942\">\n<p data-start=\"1883\" data-end=\"1942\"><span style=\"color: #000000;\">Gestionar encuestas de satisfacci\u00f3n o estudios de mercado<\/span><\/p>\n<\/li>\n<li data-start=\"1943\" data-end=\"2021\">\n<p data-start=\"1945\" data-end=\"2021\"><span style=\"color: #000000;\">Mejorar nuestros procesos comerciales, log\u00edsticos y de atenci\u00f3n al cliente<\/span><\/p>\n<\/li>\n<li data-start=\"2022\" data-end=\"2072\">\n<p data-start=\"2024\" data-end=\"2072\"><span style=\"color: #000000;\">Cumplir con obligaciones legales o contractuales<\/span><\/p>\n<\/li>\n<\/ul>\n<hr data-start=\"2074\" data-end=\"2077\">\n<h3 data-start=\"2079\" data-end=\"2115\"><span style=\"color: #000000;\">3. Legitimaci\u00f3n y consentimiento<\/span><\/h3>\n<p data-start=\"2117\" data-end=\"2401\"><span style=\"color: #000000;\">El tratamiento de sus datos personales se realiza con base en su <strong data-start=\"2182\" data-end=\"2208\">consentimiento expreso<\/strong>, el cumplimiento de obligaciones contractuales y legales, y el inter\u00e9s leg\u00edtimo de mejorar nuestros servicios. Al usar este sitio web y proporcionar sus datos, el usuario acepta esta pol\u00edtica.<\/span><\/p>\n<hr data-start=\"2403\" data-end=\"2406\">\n<h3 data-start=\"2408\" data-end=\"2442\"><span style=\"color: #000000;\">4. Seguridad de la informaci\u00f3n<\/span><\/h3>\n<p data-start=\"2444\" data-end=\"2683\"><span style=\"color: #000000;\"><strong data-start=\"2444\" data-end=\"2469\">CIE DE COLOMBIA S.A.S<\/strong> est\u00e1 comprometida con garantizar la seguridad de su informaci\u00f3n. Para ello, implementamos medidas t\u00e9cnicas, administrativas y organizativas que evitan el acceso no autorizado, la p\u00e9rdida o alteraci\u00f3n de los datos.<\/span><\/p>\n<p data-start=\"2685\" data-end=\"2863\"><span style=\"color: #000000;\">Nuestro sitio web cuenta con <strong data-start=\"2714\" data-end=\"2733\">certificado SSL<\/strong> (Secure Socket Layer) y utilizamos sistemas de pago certificados como <b>Wompi<\/b>, que brindan protecci\u00f3n durante las transacciones.<\/span><\/p>\n<hr data-start=\"2865\" data-end=\"2868\">\n<h3 data-start=\"2870\" data-end=\"2884\"><span style=\"color: #000000;\">5. Cookies<\/span><\/h3>\n<p data-start=\"2886\" data-end=\"3025\"><span style=\"color: #000000;\">Utilizamos cookies para mejorar la experiencia de navegaci\u00f3n y obtener informaci\u00f3n estad\u00edstica an\u00f3nima sobre el uso del sitio. Las cookies:<\/span><\/p>\n<ul data-start=\"3027\" data-end=\"3205\">\n<li data-start=\"3027\" data-end=\"3081\">\n<p data-start=\"3029\" data-end=\"3081\"><span style=\"color: #000000;\">No permiten identificar al usuario individualmente<\/span><\/p>\n<\/li>\n<li data-start=\"3082\" data-end=\"3139\">\n<p data-start=\"3084\" data-end=\"3139\"><span style=\"color: #000000;\">No acceden a informaci\u00f3n almacenada en su dispositivo<\/span><\/p>\n<\/li>\n<li data-start=\"3140\" data-end=\"3205\">\n<p data-start=\"3142\" data-end=\"3205\"><span style=\"color: #000000;\">Pueden ser desactivadas en cualquier momento desde su navegador<\/span><\/p>\n<\/li>\n<\/ul>\n<p data-start=\"3207\" data-end=\"3309\"><span style=\"color: #000000;\">Al continuar navegando por nuestro sitio, usted acepta el uso de cookies en los t\u00e9rminos establecidos.<\/span><\/p>\n<hr data-start=\"3311\" data-end=\"3314\">\n<h3 data-start=\"3316\" data-end=\"3351\"><span style=\"color: #000000;\">6. Enlaces a sitios de terceros<\/span><\/h3>\n<p data-start=\"3353\" data-end=\"3644\"><span style=\"color: #000000;\">Este sitio puede contener enlaces a otros portales externos. Al hacer clic en ellos y abandonar nuestra web, <strong data-start=\"3462\" data-end=\"3487\">CIE DE COLOMBIA S.A.S<\/strong> no se hace responsable por las pol\u00edticas de privacidad ni el tratamiento de datos en dichos sitios. Recomendamos revisar sus propios t\u00e9rminos y condiciones.<\/span><\/p>\n<hr data-start=\"3646\" data-end=\"3649\">\n<h3 data-start=\"3651\" data-end=\"3691\"><span style=\"color: #000000;\">7. Derechos del titular de los datos<\/span><\/h3>\n<p data-start=\"3693\" data-end=\"3729\"><span style=\"color: #000000;\">Como usuario, usted tiene derecho a:<\/span><\/p>\n<ul data-start=\"3731\" data-end=\"3992\">\n<li data-start=\"3731\" data-end=\"3788\">\n<p data-start=\"3733\" data-end=\"3788\"><span style=\"color: #000000;\">Conocer, actualizar y rectificar sus datos personales<\/span><\/p>\n<\/li>\n<li data-start=\"3789\" data-end=\"3866\">\n<p data-start=\"3791\" data-end=\"3866\"><span style=\"color: #000000;\">Solicitar la eliminaci\u00f3n de sus datos o la revocatoria del consentimiento<\/span><\/p>\n<\/li>\n<li data-start=\"3867\" data-end=\"3924\">\n<p data-start=\"3869\" data-end=\"3924\"><span style=\"color: #000000;\">Ser informado sobre el uso que se da a su informaci\u00f3n<\/span><\/p>\n<\/li>\n<li data-start=\"3925\" data-end=\"3992\">\n<p data-start=\"3927\" data-end=\"3992\"><span style=\"color: #000000;\">Presentar quejas ante la Superintendencia de Industria y Comercio<\/span><\/p>\n<\/li>\n<\/ul>\n<hr data-start=\"4111\" data-end=\"4114\">\n<h3 data-start=\"4116\" data-end=\"4160\"><span style=\"color: #000000;\">8. Control sobre su informaci\u00f3n personal<\/span><\/h3>\n<p data-start=\"4162\" data-end=\"4378\"><span style=\"color: #000000;\">Usted puede restringir la recopilaci\u00f3n o uso de su informaci\u00f3n personal en cualquier momento. Cada vez que se le solicite diligenciar un formulario, podr\u00e1 aceptar o rechazar el uso de sus datos con fines comerciales.<\/span><\/p>\n<p data-start=\"4380\" data-end=\"4562\"><span style=\"color: #000000;\">Los usuarios que hayan aceptado recibir comunicaciones pueden cancelar su suscripci\u00f3n en cualquier momento mediante los enlaces disponibles o escribiendo a nuestro canal de atenci\u00f3n.<\/span><\/p>\n<hr data-start=\"4564\" data-end=\"4567\">\n<h3 data-start=\"4569\" data-end=\"4598\"><span style=\"color: #000000;\">9. Transferencia de datos<\/span><\/h3>\n<p data-start=\"4600\" data-end=\"4778\"><span style=\"color: #000000;\"><strong data-start=\"4600\" data-end=\"4625\">CIE DE COLOMBIA S.A.S<\/strong> no vender\u00e1, alquilar\u00e1 ni ceder\u00e1 los datos personales a terceros sin su consentimiento, salvo que sea requerido por autoridad judicial o normativa legal.<\/span><\/p>\n<hr data-start=\"4780\" data-end=\"4783\">\n<h3 data-start=\"4785\" data-end=\"4831\"><span style=\"color: #000000;\">10. Cambios en esta Pol\u00edtica de Privacidad<\/span><\/h3>\n<p data-start=\"4833\" data-end=\"5058\"><span style=\"color: #000000;\">Nos reservamos el derecho de modificar esta pol\u00edtica en cualquier momento. Cualquier cambio ser\u00e1 publicado en esta misma p\u00e1gina. Recomendamos revisarla peri\u00f3dicamente para estar informado sobre c\u00f3mo protegemos su informaci\u00f3n.<\/span><\/p>\t\t\t\t\t\t\t\t<\/div>\n\t\t\t\t<\/div>\n\t\t\t\t<\/div>","protected":false},"excerpt":{"rendered":"<p>Pol\u00edtica de Privacidad \u00daltima actualizaci\u00f3n: 04\/08\/2025 La presente Pol\u00edtica de Privacidad establece los t\u00e9rminos en que CIE DE COLOMBIA S.A.S, identificada con NIT 860043397-3, utiliza y protege la informaci\u00f3n personal [&hellip;]<\/p>","protected":false},"author":1,"featured_media":0,"parent":0,"menu_order":0,"comment_status":"closed","ping_status":"closed","template":"","meta":{"_acf_changed":false,"two_page_speed":[],"footnotes":""},"class_list":["post-8613","page","type-page","status-publish","hentry"],"acf":[],"_links":{"self":[{"href":"https:\/\/ciecompraenlinea.com\/en\/wp-json\/wp\/v2\/pages\/8613","targetHints":{"allow":["GET"]}}],"collection":[{"href":"https:\/\/ciecompraenlinea.com\/en\/wp-json\/wp\/v2\/pages"}],"about":[{"href":"https:\/\/ciecompraenlinea.com\/en\/wp-json\/wp\/v2\/types\/page"}],"author":[{"embeddable":true,"href":"https:\/\/ciecompraenlinea.com\/en\/wp-json\/wp\/v2\/users\/1"}],"replies":[{"embeddable":true,"href":"https:\/\/ciecompraenlinea.com\/en\/wp-json\/wp\/v2\/comments?post=8613"}],"version-history":[{"count":16,"href":"https:\/\/ciecompraenlinea.com\/en\/wp-json\/wp\/v2\/pages\/8613\/revisions"}],"predecessor-version":[{"id":8731,"href":"https:\/\/ciecompraenlinea.com\/en\/wp-json\/wp\/v2\/pages\/8613\/revisions\/8731"}],"wp:attachment":[{"href":"https:\/\/ciecompraenlinea.com\/en\/wp-json\/wp\/v2\/media?parent=8613"}],"curies":[{"name":"wp","href":"https:\/\/api.w.org\/{rel}","templated":true}]}}