{"id":8637,"date":"2025-08-04T16:35:45","date_gmt":"2025-08-04T16:35:45","guid":{"rendered":"https:\/\/aquamarine-salamander-419260.hostingersite.com\/?page_id=8637"},"modified":"2025-08-04T16:40:29","modified_gmt":"2025-08-04T16:40:29","slug":"politica-de-devoluciones-y-reembolsos","status":"publish","type":"page","link":"https:\/\/ciecompraenlinea.com\/en\/politica-de-devoluciones-y-reembolsos\/","title":{"rendered":"Pol\u00edtica de Devoluciones y Reembolsos"},"content":{"rendered":"<div data-elementor-type=\"wp-page\" data-elementor-id=\"8637\" class=\"elementor elementor-8637\" data-elementor-post-type=\"page\">\n\t\t\t\t<div class=\"elementor-element elementor-element-7eed8c29 e-con-full contenedor-expandido e-flex e-con e-child\" data-id=\"7eed8c29\" data-element_type=\"container\" data-settings=\"{&quot;background_background&quot;:&quot;classic&quot;}\">\n\t\t\t\t<div class=\"elementor-element elementor-element-4e048261 elementor-widget elementor-widget-heading\" data-id=\"4e048261\" data-element_type=\"widget\" data-widget_type=\"heading.default\">\n\t\t\t\t\t<h1 class=\"elementor-heading-title elementor-size-default\">Pol\u00edtica de Devoluciones y Reembolsos\n<\/h1>\t\t\t\t<\/div>\n\t\t\t\t<div class=\"elementor-element elementor-element-7d06a989 elementor-widget__width-initial elementor-widget elementor-widget-text-editor\" data-id=\"7d06a989\" data-element_type=\"widget\" data-widget_type=\"text-editor.default\">\n\t\t\t\t\t\t\t\t\t<p data-start=\"252\" data-end=\"277\"><strong data-start=\"252\" data-end=\"277\">CIE DE COLOMBIA S.A.S<\/strong><\/p>\t\t\t\t\t\t\t\t<\/div>\n\t\t\t\t<\/div>\n\t\t<div class=\"elementor-element elementor-element-7048d6e7 e-con-full e-flex e-con e-child\" data-id=\"7048d6e7\" data-element_type=\"container\">\n\t\t\t\t<div class=\"elementor-element elementor-element-2c94de0d elementor-widget elementor-widget-text-editor\" data-id=\"2c94de0d\" data-element_type=\"widget\" data-widget_type=\"text-editor.default\">\n\t\t\t\t\t\t\t\t\t<p data-start=\"279\" data-end=\"550\"><span style=\"color: #000000;\">En <strong data-start=\"282\" data-end=\"305\">CIE Compra en L\u00ednea<\/strong>, queremos que tengas total confianza al realizar tus compras. Por eso, contamos con una pol\u00edtica clara de devoluciones y reembolsos que garantiza tu derecho a retractarte, reclamar productos defectuosos o solicitar revisi\u00f3n por inconformidades.<\/span><\/p><hr data-start=\"552\" data-end=\"555\" \/><h3 data-start=\"557\" data-end=\"596\"><span style=\"color: #000000;\">Plazo para solicitar una devoluci\u00f3n<\/span><\/h3><p data-start=\"598\" data-end=\"804\"><span style=\"color: #000000;\">Tienes hasta <strong data-start=\"611\" data-end=\"632\">8 d\u00edas calendario<\/strong> para devolver un producto, contados a partir del d\u00eda en que lo recibes.<\/span><br data-start=\"704\" data-end=\"707\" \/><span style=\"color: #000000;\">Pasado este plazo, no se aceptar\u00e1n devoluciones, salvo por garant\u00eda legal o falla de fabricaci\u00f3n.<\/span><\/p><hr data-start=\"806\" data-end=\"809\" \/><h3 data-start=\"811\" data-end=\"847\"><span style=\"color: #000000;\">Causales v\u00e1lidas para devoluci\u00f3n<\/span><\/h3><p data-start=\"849\" data-end=\"905\"><span style=\"color: #000000;\">Puedes solicitar una devoluci\u00f3n en los siguientes casos:<\/span><\/p><ol data-start=\"907\" data-end=\"1065\"><li data-start=\"907\" data-end=\"941\"><p data-start=\"910\" data-end=\"941\"><span style=\"color: #000000;\">Te arrepentiste de la compra.<\/span><\/p><\/li><li data-start=\"942\" data-end=\"995\"><p data-start=\"945\" data-end=\"995\"><span style=\"color: #000000;\">El producto recibido es diferente al solicitado.<\/span><\/p><\/li><li data-start=\"996\" data-end=\"1065\"><p data-start=\"999\" data-end=\"1065\"><span style=\"color: #000000;\">El producto est\u00e1 incompleto o presenta fallas evidentes de origen.<\/span><\/p><\/li><\/ol><hr data-start=\"1067\" data-end=\"1070\" \/><h3 data-start=\"1072\" data-end=\"1118\"><span style=\"color: #000000;\">Requisitos generales del producto devuelto<\/span><\/h3><p data-start=\"1120\" data-end=\"1165\"><span style=\"color: #000000;\">Para procesar tu solicitud, el producto debe:<\/span><\/p><ul data-start=\"1167\" data-end=\"1495\"><li data-start=\"1167\" data-end=\"1217\"><p data-start=\"1169\" data-end=\"1217\"><span style=\"color: #000000;\">Estar sin marcas de uso, da\u00f1os o alteraciones.<\/span><\/p><\/li><li data-start=\"1218\" data-end=\"1287\"><p data-start=\"1220\" data-end=\"1287\"><span style=\"color: #000000;\">Contar con todos sus accesorios originales, manuales y etiquetas.<\/span><\/p><\/li><li data-start=\"1288\" data-end=\"1348\"><p data-start=\"1290\" data-end=\"1348\"><span style=\"color: #000000;\">Ser devuelto en el mismo estado en el que fue entregado.<\/span><\/p><\/li><li data-start=\"1349\" data-end=\"1495\"><p data-start=\"1351\" data-end=\"1495\"><span style=\"color: #000000;\">En caso de reclamos por fallas o defectos, el producto debe estar en las condiciones descritas en el reclamo. Esto ser\u00e1 verificado al recibirlo.<\/span><\/p><\/li><\/ul><hr data-start=\"1497\" data-end=\"1500\" \/><h3 data-start=\"1502\" data-end=\"1540\"><span style=\"color: #000000;\">Pasos para realizar una devoluci\u00f3n<\/span><\/h3><ol data-start=\"1542\" data-end=\"2065\"><li data-start=\"1542\" data-end=\"1745\"><p data-start=\"1545\" data-end=\"1631\"><span style=\"color: #000000;\">Cont\u00e1ctanos dentro de los 8 d\u00edas posteriores a la recepci\u00f3n del producto, indicando:<\/span><\/p><ul data-start=\"1635\" data-end=\"1745\"><li data-start=\"1635\" data-end=\"1665\"><p data-start=\"1637\" data-end=\"1665\"><span style=\"color: #000000;\">N\u00famero de pedido o factura<\/span><\/p><\/li><li data-start=\"1669\" data-end=\"1696\"><p data-start=\"1671\" data-end=\"1696\"><span style=\"color: #000000;\">Motivo de la devoluci\u00f3n<\/span><\/p><\/li><li data-start=\"1700\" data-end=\"1745\"><p data-start=\"1702\" data-end=\"1745\"><span style=\"color: #000000;\">Evidencia (si aplica) del da\u00f1o o diferencia<\/span><\/p><\/li><\/ul><\/li><li data-start=\"1747\" data-end=\"1835\"><p data-start=\"1750\" data-end=\"1835\"><span style=\"color: #000000;\">Nuestro equipo revisar\u00e1 el caso y te indicar\u00e1 los pasos para el retorno del producto.<\/span><\/p><\/li><li data-start=\"1837\" data-end=\"1938\"><p data-start=\"1840\" data-end=\"1938\"><span style=\"color: #000000;\">Env\u00eda el producto a nuestra direcci\u00f3n de devoluciones:<\/span><br data-start=\"1894\" data-end=\"1897\" \/><span style=\"color: #000000;\">Cra. 21 #100-20, Oficina 703, Bogot\u00e1 D.C.<\/span><\/p><\/li><li data-start=\"1940\" data-end=\"2065\"><p data-start=\"1943\" data-end=\"2065\"><span style=\"color: #000000;\">Una vez recibido y evaluado el producto, te confirmaremos si procede el reembolso, cambio o reparaci\u00f3n, seg\u00fan corresponda.<\/span><\/p><\/li><\/ol><hr data-start=\"2067\" data-end=\"2070\" \/><h3 data-start=\"2072\" data-end=\"2104\"><span style=\"color: #000000;\">\u00bfCu\u00e1ndo aplica un reembolso?<\/span><\/h3><p data-start=\"2106\" data-end=\"2145\"><span style=\"color: #000000;\">El reembolso se aprobar\u00e1 \u00fanicamente si:<\/span><\/p><ul data-start=\"2147\" data-end=\"2330\"><li data-start=\"2147\" data-end=\"2214\"><p data-start=\"2149\" data-end=\"2214\"><span style=\"color: #000000;\">El producto cumple con las condiciones descritas anteriormente.<\/span><\/p><\/li><li data-start=\"2215\" data-end=\"2257\"><p data-start=\"2217\" data-end=\"2257\"><span style=\"color: #000000;\">No ha sido usado, manipulado o da\u00f1ado.<\/span><\/p><\/li><li data-start=\"2258\" data-end=\"2330\"><p data-start=\"2260\" data-end=\"2330\"><span style=\"color: #000000;\">El error, da\u00f1o o incumplimiento es atribuible a CIE DE COLOMBIA S.A.S.<\/span><\/p><\/li><\/ul><p data-start=\"2332\" data-end=\"2496\"><span style=\"color: #000000;\">El valor ser\u00e1 reembolsado a trav\u00e9s del mismo medio de pago utilizado en la compra, dentro de un plazo m\u00e1ximo de <strong data-start=\"2444\" data-end=\"2463\">10 d\u00edas h\u00e1biles<\/strong> luego de aprobada la devoluci\u00f3n.<\/span><\/p><hr data-start=\"2498\" data-end=\"2501\" \/><h3 data-start=\"2503\" data-end=\"2527\"><span style=\"color: #000000;\">Costos de transporte<\/span><\/h3><ul data-start=\"2529\" data-end=\"2767\"><li data-start=\"2529\" data-end=\"2660\"><p data-start=\"2531\" data-end=\"2660\"><span style=\"color: #000000;\">Si la devoluci\u00f3n se debe a un error nuestro (producto equivocado, defectuoso, incompleto), <strong data-start=\"2622\" data-end=\"2657\">CIE asumir\u00e1 los costos de env\u00edo<\/strong>.<\/span><\/p><\/li><li data-start=\"2661\" data-end=\"2767\"><p data-start=\"2663\" data-end=\"2767\"><span style=\"color: #000000;\">Si es por retracto o decisi\u00f3n del cliente, <strong data-start=\"2706\" data-end=\"2766\">los costos de transporte ser\u00e1n asumidos por el comprador<\/strong>.<\/span><\/p><\/li><\/ul><hr data-start=\"2769\" data-end=\"2772\" \/><h3 data-start=\"2774\" data-end=\"2788\"><span style=\"color: #000000;\">Importante<\/span><\/h3><ul data-start=\"2790\" data-end=\"3025\"><li data-start=\"2790\" data-end=\"2903\"><p data-start=\"2792\" data-end=\"2903\"><span style=\"color: #000000;\">No se aceptar\u00e1n devoluciones de productos usados, manipulados indebidamente o sin sus componentes originales.<\/span><\/p><\/li><li data-start=\"2904\" data-end=\"3025\"><p data-start=\"2906\" data-end=\"3025\"><span style=\"color: #000000;\">No se realizan cambios ni devoluciones en productos personalizados o bajo pedido especial, salvo por fallas de f\u00e1brica.<\/span><\/p><\/li><\/ul><hr data-start=\"3027\" data-end=\"3030\" \/><p data-start=\"3032\" data-end=\"3144\"><span style=\"color: #000000;\"><strong data-start=\"3032\" data-end=\"3050\">\u00bfTienes dudas?<\/strong><\/span><br data-start=\"3050\" data-end=\"3053\" \/><span style=\"color: #000000;\">Cont\u00e1ctanos por nuestros canales oficiales. Nuestro equipo estar\u00e1 disponible para ayudarte.<\/span><\/p>\t\t\t\t\t\t\t\t<\/div>\n\t\t\t\t<\/div>\n\t\t\t\t<\/div>","protected":false},"excerpt":{"rendered":"<p>Pol\u00edtica de Devoluciones y Reembolsos CIE DE COLOMBIA S.A.S En CIE Compra en L\u00ednea, queremos que tengas total confianza al realizar tus compras. Por eso, contamos con una pol\u00edtica clara [&hellip;]<\/p>","protected":false},"author":1,"featured_media":0,"parent":0,"menu_order":0,"comment_status":"closed","ping_status":"closed","template":"","meta":{"_acf_changed":false,"two_page_speed":[],"footnotes":""},"class_list":["post-8637","page","type-page","status-publish","hentry"],"acf":[],"_links":{"self":[{"href":"https:\/\/ciecompraenlinea.com\/en\/wp-json\/wp\/v2\/pages\/8637","targetHints":{"allow":["GET"]}}],"collection":[{"href":"https:\/\/ciecompraenlinea.com\/en\/wp-json\/wp\/v2\/pages"}],"about":[{"href":"https:\/\/ciecompraenlinea.com\/en\/wp-json\/wp\/v2\/types\/page"}],"author":[{"embeddable":true,"href":"https:\/\/ciecompraenlinea.com\/en\/wp-json\/wp\/v2\/users\/1"}],"replies":[{"embeddable":true,"href":"https:\/\/ciecompraenlinea.com\/en\/wp-json\/wp\/v2\/comments?post=8637"}],"version-history":[{"count":4,"href":"https:\/\/ciecompraenlinea.com\/en\/wp-json\/wp\/v2\/pages\/8637\/revisions"}],"predecessor-version":[{"id":8645,"href":"https:\/\/ciecompraenlinea.com\/en\/wp-json\/wp\/v2\/pages\/8637\/revisions\/8645"}],"wp:attachment":[{"href":"https:\/\/ciecompraenlinea.com\/en\/wp-json\/wp\/v2\/media?parent=8637"}],"curies":[{"name":"wp","href":"https:\/\/api.w.org\/{rel}","templated":true}]}}