{"id":11301,"date":"2025-09-15T11:42:23","date_gmt":"2025-09-15T16:42:23","guid":{"rendered":"https:\/\/ciecompraenlinea.com\/?post_type=product&#038;p=11301"},"modified":"2026-02-19T15:47:44","modified_gmt":"2026-02-19T20:47:44","slug":"sierra-circular-a-bateria-stayer","status":"publish","type":"product","link":"https:\/\/ciecompraenlinea.com\/en\/product\/sierra-circular-a-bateria-stayer\/","title":{"rendered":"SIERRA CIRCULAR DE BATER\u00cdA 18V + 2 BT 4AH Y CARGADOR"},"content":{"rendered":"<p>Las sierras circulares de bater\u00eda CP L20 de 18V dise\u00f1adas para cortes precisos, seguros y vers\u00e1tiles en m\u00faltiples materiales. Equipada con disco de widia de 165 mm, doble empu\u00f1adura ergon\u00f3mica y base de aluminio, combina potencia y ligereza con solo 3.2 kg de peso, ofreciendo comodidad incluso en trabajos prolongados. Su gu\u00eda l\u00e1ser integrada y la gu\u00eda lateral aseguran cortes rectos y exactos, mientras que la inclinaci\u00f3n hasta 45\u00b0 y la profundidad regulable permiten una gran flexibilidad en cada aplicaci\u00f3n.<\/p>\n<div style=\"display:flex; gap:10px;justify-content:center\" class=\"wps-pgfw-pdf-generate-icon__wrapper-frontend\">\n\t\t<a  href=\"https:\/\/ciecompraenlinea.com\/en\/wp-json\/wp\/v2\/product\/11301?action=genpdf&amp;id=11301\" class=\"pgfw-single-pdf-download-button\" ><img src=\"https:\/\/ciecompraenlinea.com\/wp-content\/uploads\/2025\/08\/Untitled-image-5.png\" title=\"Generate PDF\" style=\"width:auto; height:50px;\"><\/a>\n\t\t<\/div>","protected":false},"excerpt":{"rendered":"<p>Las sierras circulares de bater\u00eda CP L20 de 18V dise\u00f1adas para cortes precisos, seguros y vers\u00e1tiles en m\u00faltiples materiales. Equipada con disco de widia de 165 mm, doble empu\u00f1adura ergon\u00f3mica [&hellip;]<\/p>","protected":false},"featured_media":11302,"comment_status":"open","ping_status":"closed","template":"","meta":{"_acf_changed":false},"product_brand":[276],"product_cat":[121,177,382,143],"product_tag":[],"class_list":{"0":"post-11301","1":"product","2":"type-product","3":"status-publish","4":"has-post-thumbnail","6":"product_brand-stayer","7":"product_cat-herramientas","8":"product_cat-inalambrico","9":"product_cat-sierra-circular","10":"product_cat-sierras-cortadoras","12":"first","13":"instock","14":"taxable","15":"shipping-taxable","16":"purchasable","17":"product-type-simple"},"acf":[],"_links":{"self":[{"href":"https:\/\/ciecompraenlinea.com\/en\/wp-json\/wp\/v2\/product\/11301","targetHints":{"allow":["GET"]}}],"collection":[{"href":"https:\/\/ciecompraenlinea.com\/en\/wp-json\/wp\/v2\/product"}],"about":[{"href":"https:\/\/ciecompraenlinea.com\/en\/wp-json\/wp\/v2\/types\/product"}],"replies":[{"embeddable":true,"href":"https:\/\/ciecompraenlinea.com\/en\/wp-json\/wp\/v2\/comments?post=11301"}],"wp:featuredmedia":[{"embeddable":true,"href":"https:\/\/ciecompraenlinea.com\/en\/wp-json\/wp\/v2\/media\/11302"}],"wp:attachment":[{"href":"https:\/\/ciecompraenlinea.com\/en\/wp-json\/wp\/v2\/media?parent=11301"}],"wp:term":[{"taxonomy":"product_brand","embeddable":true,"href":"https:\/\/ciecompraenlinea.com\/en\/wp-json\/wp\/v2\/product_brand?post=11301"},{"taxonomy":"product_cat","embeddable":true,"href":"https:\/\/ciecompraenlinea.com\/en\/wp-json\/wp\/v2\/product_cat?post=11301"},{"taxonomy":"product_tag","embeddable":true,"href":"https:\/\/ciecompraenlinea.com\/en\/wp-json\/wp\/v2\/product_tag?post=11301"}],"curies":[{"name":"wp","href":"https:\/\/api.w.org\/{rel}","templated":true}]}}