{"id":11645,"date":"2025-10-06T09:16:28","date_gmt":"2025-10-06T14:16:28","guid":{"rendered":"https:\/\/ciecompraenlinea.com\/?post_type=product&#038;p=11645"},"modified":"2025-12-12T12:47:34","modified_gmt":"2025-12-12T17:47:34","slug":"pernos-soldables-inox","status":"publish","type":"product","link":"https:\/\/ciecompraenlinea.com\/en\/product\/pernos-soldables-inox\/","title":{"rendered":"PERNOS SOLDABLES INOX"},"content":{"rendered":"<p>Los <strong data-start=\"292\" data-end=\"336\">pernos soldables en acero inoxidable 304<\/strong> est\u00e1n dise\u00f1ados para ofrecer una fijaci\u00f3n firme, duradera y est\u00e9tica en aplicaciones industriales y de fabricaci\u00f3n met\u00e1lica. Su composici\u00f3n en <strong data-start=\"480\" data-end=\"498\">acero AISI 304<\/strong> les brinda una excelente <strong data-start=\"524\" data-end=\"554\">resistencia a la corrosi\u00f3n<\/strong>, incluso en ambientes h\u00famedos o expuestos a productos qu\u00edmicos.<br data-start=\"618\" data-end=\"621\" \/>Estos pernos permiten una uni\u00f3n segura mediante <strong data-start=\"669\" data-end=\"715\">soldadura por descarga de condensador (CD)<\/strong>, sin necesidad de perforar ni debilitar el material base, asegurando una instalaci\u00f3n r\u00e1pida, limpia y confiable.<\/p>","protected":false},"excerpt":{"rendered":"<p>Los pernos soldables en acero inoxidable 304 est\u00e1n dise\u00f1ados para ofrecer una fijaci\u00f3n firme, duradera y est\u00e9tica en aplicaciones industriales y de fabricaci\u00f3n met\u00e1lica. Su composici\u00f3n en acero AISI 304 [&hellip;]<\/p>","protected":false},"featured_media":11662,"comment_status":"closed","ping_status":"closed","template":"","meta":{"_acf_changed":false},"product_brand":[297],"product_cat":[128,175,253],"product_tag":[],"class_list":{"0":"post-11645","1":"product","2":"type-product","3":"status-publish","4":"has-post-thumbnail","6":"product_brand-megafix-systems","7":"product_cat-consumibles","8":"product_cat-otros","9":"product_cat-perno-soldable","11":"first","12":"instock","13":"featured","14":"taxable","15":"shipping-taxable","16":"purchasable","17":"product-type-variable"},"acf":[],"_links":{"self":[{"href":"https:\/\/ciecompraenlinea.com\/en\/wp-json\/wp\/v2\/product\/11645","targetHints":{"allow":["GET"]}}],"collection":[{"href":"https:\/\/ciecompraenlinea.com\/en\/wp-json\/wp\/v2\/product"}],"about":[{"href":"https:\/\/ciecompraenlinea.com\/en\/wp-json\/wp\/v2\/types\/product"}],"replies":[{"embeddable":true,"href":"https:\/\/ciecompraenlinea.com\/en\/wp-json\/wp\/v2\/comments?post=11645"}],"wp:featuredmedia":[{"embeddable":true,"href":"https:\/\/ciecompraenlinea.com\/en\/wp-json\/wp\/v2\/media\/11662"}],"wp:attachment":[{"href":"https:\/\/ciecompraenlinea.com\/en\/wp-json\/wp\/v2\/media?parent=11645"}],"wp:term":[{"taxonomy":"product_brand","embeddable":true,"href":"https:\/\/ciecompraenlinea.com\/en\/wp-json\/wp\/v2\/product_brand?post=11645"},{"taxonomy":"product_cat","embeddable":true,"href":"https:\/\/ciecompraenlinea.com\/en\/wp-json\/wp\/v2\/product_cat?post=11645"},{"taxonomy":"product_tag","embeddable":true,"href":"https:\/\/ciecompraenlinea.com\/en\/wp-json\/wp\/v2\/product_tag?post=11645"}],"curies":[{"name":"wp","href":"https:\/\/api.w.org\/{rel}","templated":true}]}}