{"id":11658,"date":"2025-10-06T09:32:12","date_gmt":"2025-10-06T14:32:12","guid":{"rendered":"https:\/\/ciecompraenlinea.com\/?post_type=product&#038;p=11658"},"modified":"2026-02-19T15:02:01","modified_gmt":"2026-02-19T20:02:01","slug":"set-brocas-de-pala-para-madera","status":"publish","type":"product","link":"https:\/\/ciecompraenlinea.com\/en\/product\/set-brocas-de-pala-para-madera\/","title":{"rendered":"SET DE BROCAS DE PALA PARA MADERA"},"content":{"rendered":"<p data-start=\"302\" data-end=\"769\">El Set de Brocas de Pala STAYER est\u00e1 dise\u00f1ado para realizar perforaciones r\u00e1pidas y precisas en madera. Fabricadas en acero al carbono reforzado, ofrecen una excelente durabilidad y resistencia en aplicaciones de carpinter\u00eda, construcci\u00f3n y bricolaje.<br data-start=\"561\" data-end=\"564\" \/>Su punta centradora y doble filo de corte garantizan una perforaci\u00f3n limpia y estable, mientras que la ranura lateral facilita la evacuaci\u00f3n del material, optimizando la velocidad de trabajo.<\/p>\n<p data-start=\"771\" data-end=\"961\">Gracias a su v\u00e1stago hexagonal con cambio r\u00e1pido, estas brocas pueden utilizarse tanto en taladros manuales como en taladros de columna, permitiendo un ajuste seguro y eficiente.<\/p>\n<div style=\"display:flex; gap:10px;justify-content:center\" class=\"wps-pgfw-pdf-generate-icon__wrapper-frontend\">\n\t\t<a  href=\"https:\/\/ciecompraenlinea.com\/en\/wp-json\/wp\/v2\/product\/11658?action=genpdf&amp;id=11658\" class=\"pgfw-single-pdf-download-button\" ><img src=\"https:\/\/ciecompraenlinea.com\/wp-content\/uploads\/2025\/08\/Untitled-image-5.png\" title=\"Generate PDF\" style=\"width:auto; height:50px;\"><\/a>\n\t\t<\/div>","protected":false},"excerpt":{"rendered":"<p>El Set de Brocas de Pala STAYER est\u00e1 dise\u00f1ado para realizar perforaciones r\u00e1pidas y precisas en madera. Fabricadas en acero al carbono reforzado, ofrecen una excelente durabilidad y resistencia en [&hellip;]<\/p>","protected":false},"featured_media":11659,"comment_status":"open","ping_status":"closed","template":"","meta":{"_acf_changed":false},"product_brand":[276],"product_cat":[131,165],"product_tag":[],"class_list":{"0":"post-11658","1":"product","2":"type-product","3":"status-publish","4":"has-post-thumbnail","6":"product_brand-stayer","7":"product_cat-accesorios","8":"product_cat-brocas","10":"first","11":"instock","12":"taxable","13":"shipping-taxable","14":"purchasable","15":"product-type-simple"},"acf":[],"_links":{"self":[{"href":"https:\/\/ciecompraenlinea.com\/en\/wp-json\/wp\/v2\/product\/11658","targetHints":{"allow":["GET"]}}],"collection":[{"href":"https:\/\/ciecompraenlinea.com\/en\/wp-json\/wp\/v2\/product"}],"about":[{"href":"https:\/\/ciecompraenlinea.com\/en\/wp-json\/wp\/v2\/types\/product"}],"replies":[{"embeddable":true,"href":"https:\/\/ciecompraenlinea.com\/en\/wp-json\/wp\/v2\/comments?post=11658"}],"wp:featuredmedia":[{"embeddable":true,"href":"https:\/\/ciecompraenlinea.com\/en\/wp-json\/wp\/v2\/media\/11659"}],"wp:attachment":[{"href":"https:\/\/ciecompraenlinea.com\/en\/wp-json\/wp\/v2\/media?parent=11658"}],"wp:term":[{"taxonomy":"product_brand","embeddable":true,"href":"https:\/\/ciecompraenlinea.com\/en\/wp-json\/wp\/v2\/product_brand?post=11658"},{"taxonomy":"product_cat","embeddable":true,"href":"https:\/\/ciecompraenlinea.com\/en\/wp-json\/wp\/v2\/product_cat?post=11658"},{"taxonomy":"product_tag","embeddable":true,"href":"https:\/\/ciecompraenlinea.com\/en\/wp-json\/wp\/v2\/product_tag?post=11658"}],"curies":[{"name":"wp","href":"https:\/\/api.w.org\/{rel}","templated":true}]}}