{"id":11669,"date":"2026-02-18T15:48:34","date_gmt":"2026-02-18T20:48:34","guid":{"rendered":"https:\/\/ciecompraenlinea.com\/?post_type=product&#038;p=11669"},"modified":"2026-02-18T15:48:34","modified_gmt":"2026-02-18T20:48:34","slug":"portabrocas-mandril-cremallera-13mm-1-2","status":"publish","type":"product","link":"https:\/\/ciecompraenlinea.com\/en\/product\/portabrocas-mandril-cremallera-13mm-1-2\/","title":{"rendered":"PORTABROCAS (MANDRIL) CREMALLERA 13mm (1\/2&#8243;)"},"content":{"rendered":"<p>El Portabrocas Cremallera 13 mm (1\/2\u201d \u00d7 20) de STAYER es un accesorio robusto y fiable dise\u00f1ado para sujetar brocas con firmeza en taladros. Ideal para tareas de perforaci\u00f3n en materiales como madera, metal y pl\u00e1sticos, ofrece sujeci\u00f3n segura gracias a su mecanismo de cremallera (apriete con llave).<br data-start=\"589\" data-end=\"592\" \/>Compatible con herramientas que aceptan rosca \u00bd\u201d \u00d7 20, es apto para trabajos profesionales y de mantenimiento.<\/p>\n<div style=\"display:flex; gap:10px;justify-content:center\" class=\"wps-pgfw-pdf-generate-icon__wrapper-frontend\">\n\t\t<a  href=\"https:\/\/ciecompraenlinea.com\/en\/wp-json\/wp\/v2\/product\/11669?action=genpdf&amp;id=11669\" class=\"pgfw-single-pdf-download-button\" ><img src=\"https:\/\/ciecompraenlinea.com\/wp-content\/uploads\/2025\/08\/Untitled-image-5.png\" title=\"Generate PDF\" style=\"width:auto; height:50px;\"><\/a>\n\t\t<\/div>","protected":false},"excerpt":{"rendered":"<p>El Portabrocas Cremallera 13 mm (1\/2\u201d \u00d7 20) de STAYER es un accesorio robusto y fiable dise\u00f1ado para sujetar brocas con firmeza en taladros. Ideal para tareas de perforaci\u00f3n en [&hellip;]<\/p>","protected":false},"featured_media":11670,"comment_status":"open","ping_status":"closed","template":"","meta":{"_acf_changed":false},"product_brand":[276],"product_cat":[131,210],"product_tag":[],"class_list":{"0":"post-11669","1":"product","2":"type-product","3":"status-publish","4":"has-post-thumbnail","6":"product_brand-stayer","7":"product_cat-accesorios","8":"product_cat-mandriles-portabrocas","10":"first","11":"instock","12":"taxable","13":"shipping-taxable","14":"purchasable","15":"product-type-simple"},"acf":[],"_links":{"self":[{"href":"https:\/\/ciecompraenlinea.com\/en\/wp-json\/wp\/v2\/product\/11669","targetHints":{"allow":["GET"]}}],"collection":[{"href":"https:\/\/ciecompraenlinea.com\/en\/wp-json\/wp\/v2\/product"}],"about":[{"href":"https:\/\/ciecompraenlinea.com\/en\/wp-json\/wp\/v2\/types\/product"}],"replies":[{"embeddable":true,"href":"https:\/\/ciecompraenlinea.com\/en\/wp-json\/wp\/v2\/comments?post=11669"}],"wp:featuredmedia":[{"embeddable":true,"href":"https:\/\/ciecompraenlinea.com\/en\/wp-json\/wp\/v2\/media\/11670"}],"wp:attachment":[{"href":"https:\/\/ciecompraenlinea.com\/en\/wp-json\/wp\/v2\/media?parent=11669"}],"wp:term":[{"taxonomy":"product_brand","embeddable":true,"href":"https:\/\/ciecompraenlinea.com\/en\/wp-json\/wp\/v2\/product_brand?post=11669"},{"taxonomy":"product_cat","embeddable":true,"href":"https:\/\/ciecompraenlinea.com\/en\/wp-json\/wp\/v2\/product_cat?post=11669"},{"taxonomy":"product_tag","embeddable":true,"href":"https:\/\/ciecompraenlinea.com\/en\/wp-json\/wp\/v2\/product_tag?post=11669"}],"curies":[{"name":"wp","href":"https:\/\/api.w.org\/{rel}","templated":true}]}}