{"id":11693,"date":"2026-02-18T16:53:51","date_gmt":"2026-02-18T21:53:51","guid":{"rendered":"https:\/\/ciecompraenlinea.com\/?post_type=product&#038;p=11693"},"modified":"2026-02-18T16:53:52","modified_gmt":"2026-02-18T21:53:52","slug":"set-5-hojas-de-sierra-de-sable-para-todo-tipo-de-materiales","status":"publish","type":"product","link":"https:\/\/ciecompraenlinea.com\/en\/product\/set-5-hojas-de-sierra-de-sable-para-todo-tipo-de-materiales\/","title":{"rendered":"SET 5 HOJAS DE SIERRA DE SABLE PARA TODO TIPO DE MATERIALES"},"content":{"rendered":"<p data-start=\"388\" data-end=\"996\">El set de hojas de sierra de sable STAYER combina 5 piezas profesionales dise\u00f1adas para cubrir m\u00faltiples aplicaciones en corte de madera, metal, pl\u00e1stico, PVC, fibra de vidrio y materiales compuestos.<br data-start=\"600\" data-end=\"603\" \/>Fabricadas en materiales de alta resistencia como BIM (bimet\u00e1licas) y HCS (acero al carbono), estas hojas ofrecen cortes r\u00e1pidos, precisos y duraderos en tareas de demolici\u00f3n, mantenimiento o carpinter\u00eda profesional.<br data-start=\"831\" data-end=\"834\" \/>Cada hoja ha sido fabricada mediante procesos de triscado, fresado y rectificado, optimizados para reducir la vibraci\u00f3n y aumentar la estabilidad del corte.<\/p>\n<p data-start=\"998\" data-end=\"1156\">Este kit es ideal para profesionales que requieren versatilidad en un solo paquete, compatible con la mayor\u00eda de sierras de sable universales del mercado.<\/p>\n<div style=\"display:flex; gap:10px;justify-content:center\" class=\"wps-pgfw-pdf-generate-icon__wrapper-frontend\">\n\t\t<a  href=\"https:\/\/ciecompraenlinea.com\/en\/wp-json\/wp\/v2\/product\/11693?action=genpdf&amp;id=11693\" class=\"pgfw-single-pdf-download-button\" ><img src=\"https:\/\/ciecompraenlinea.com\/wp-content\/uploads\/2025\/08\/Untitled-image-5.png\" title=\"Generate PDF\" style=\"width:auto; height:50px;\"><\/a>\n\t\t<\/div>","protected":false},"excerpt":{"rendered":"<p>El set de hojas de sierra de sable STAYER combina 5 piezas profesionales dise\u00f1adas para cubrir m\u00faltiples aplicaciones en corte de madera, metal, pl\u00e1stico, PVC, fibra de vidrio y materiales [&hellip;]<\/p>","protected":false},"featured_media":11700,"comment_status":"open","ping_status":"closed","template":"","meta":{"_acf_changed":false},"product_brand":[276],"product_cat":[364],"product_tag":[],"class_list":{"0":"post-11693","1":"product","2":"type-product","3":"status-publish","4":"has-post-thumbnail","6":"product_brand-stayer","7":"product_cat-hojas-de-sierra","9":"first","10":"instock","11":"taxable","12":"shipping-taxable","13":"purchasable","14":"product-type-simple"},"acf":[],"_links":{"self":[{"href":"https:\/\/ciecompraenlinea.com\/en\/wp-json\/wp\/v2\/product\/11693","targetHints":{"allow":["GET"]}}],"collection":[{"href":"https:\/\/ciecompraenlinea.com\/en\/wp-json\/wp\/v2\/product"}],"about":[{"href":"https:\/\/ciecompraenlinea.com\/en\/wp-json\/wp\/v2\/types\/product"}],"replies":[{"embeddable":true,"href":"https:\/\/ciecompraenlinea.com\/en\/wp-json\/wp\/v2\/comments?post=11693"}],"wp:featuredmedia":[{"embeddable":true,"href":"https:\/\/ciecompraenlinea.com\/en\/wp-json\/wp\/v2\/media\/11700"}],"wp:attachment":[{"href":"https:\/\/ciecompraenlinea.com\/en\/wp-json\/wp\/v2\/media?parent=11693"}],"wp:term":[{"taxonomy":"product_brand","embeddable":true,"href":"https:\/\/ciecompraenlinea.com\/en\/wp-json\/wp\/v2\/product_brand?post=11693"},{"taxonomy":"product_cat","embeddable":true,"href":"https:\/\/ciecompraenlinea.com\/en\/wp-json\/wp\/v2\/product_cat?post=11693"},{"taxonomy":"product_tag","embeddable":true,"href":"https:\/\/ciecompraenlinea.com\/en\/wp-json\/wp\/v2\/product_tag?post=11693"}],"curies":[{"name":"wp","href":"https:\/\/api.w.org\/{rel}","templated":true}]}}