{"id":11710,"date":"2026-02-18T16:39:52","date_gmt":"2026-02-18T21:39:52","guid":{"rendered":"https:\/\/ciecompraenlinea.com\/?post_type=product&#038;p=11710"},"modified":"2026-02-18T16:45:45","modified_gmt":"2026-02-18T21:45:45","slug":"set-32-puntas-de-atornillador","status":"publish","type":"product","link":"https:\/\/ciecompraenlinea.com\/en\/product\/set-32-puntas-de-atornillador\/","title":{"rendered":"SET 32 PUNTAS DE ATORNILLADOR"},"content":{"rendered":"<p data-start=\"370\" data-end=\"730\">El Set de Puntas STAYER de 32 piezas est\u00e1 dise\u00f1ado para profesionales y usuarios que requieren versatilidad, precisi\u00f3n y rapidez al atornillar.<br data-start=\"517\" data-end=\"520\" \/>Incluye 30 puntas de 25 mm de diferentes tipos y medidas, adem\u00e1s de un adaptador magn\u00e9tico y un adaptador de cambio r\u00e1pido, todo organizado en un resistente estuche compacto con tapa transparente.<\/p>\n<p data-start=\"732\" data-end=\"955\">Fabricadas en acero de alta resistencia, las puntas STAYER garantizan una excelente transmisi\u00f3n de par, reduciendo el desgaste y asegurando un ajuste firme. Ideal para atornilladores el\u00e9ctricos, manuales o de impacto.<\/p>","protected":false},"excerpt":{"rendered":"<p>El Set de Puntas STAYER de 32 piezas est\u00e1 dise\u00f1ado para profesionales y usuarios que requieren versatilidad, precisi\u00f3n y rapidez al atornillar.Incluye 30 puntas de 25 mm de diferentes tipos [&hellip;]<\/p>","protected":false},"featured_media":11711,"comment_status":"open","ping_status":"closed","template":"","meta":{"_acf_changed":false},"product_brand":[276],"product_cat":[131,173,213],"product_tag":[],"class_list":{"0":"post-11710","1":"product","2":"type-product","3":"status-publish","4":"has-post-thumbnail","6":"product_brand-stayer","7":"product_cat-accesorios","8":"product_cat-accesorios-para-taller","9":"product_cat-puntas-para-atornillador","11":"first","12":"instock","13":"taxable","14":"shipping-taxable","15":"purchasable","16":"product-type-simple"},"acf":[],"_links":{"self":[{"href":"https:\/\/ciecompraenlinea.com\/en\/wp-json\/wp\/v2\/product\/11710","targetHints":{"allow":["GET"]}}],"collection":[{"href":"https:\/\/ciecompraenlinea.com\/en\/wp-json\/wp\/v2\/product"}],"about":[{"href":"https:\/\/ciecompraenlinea.com\/en\/wp-json\/wp\/v2\/types\/product"}],"replies":[{"embeddable":true,"href":"https:\/\/ciecompraenlinea.com\/en\/wp-json\/wp\/v2\/comments?post=11710"}],"wp:featuredmedia":[{"embeddable":true,"href":"https:\/\/ciecompraenlinea.com\/en\/wp-json\/wp\/v2\/media\/11711"}],"wp:attachment":[{"href":"https:\/\/ciecompraenlinea.com\/en\/wp-json\/wp\/v2\/media?parent=11710"}],"wp:term":[{"taxonomy":"product_brand","embeddable":true,"href":"https:\/\/ciecompraenlinea.com\/en\/wp-json\/wp\/v2\/product_brand?post=11710"},{"taxonomy":"product_cat","embeddable":true,"href":"https:\/\/ciecompraenlinea.com\/en\/wp-json\/wp\/v2\/product_cat?post=11710"},{"taxonomy":"product_tag","embeddable":true,"href":"https:\/\/ciecompraenlinea.com\/en\/wp-json\/wp\/v2\/product_tag?post=11710"}],"curies":[{"name":"wp","href":"https:\/\/api.w.org\/{rel}","templated":true}]}}