{"id":11727,"date":"2025-10-07T11:36:50","date_gmt":"2025-10-07T16:36:50","guid":{"rendered":"https:\/\/ciecompraenlinea.com\/?post_type=product&#038;p=11727"},"modified":"2025-10-15T10:17:36","modified_gmt":"2025-10-15T15:17:36","slug":"torquimetros-digitales-bms-serie","status":"publish","type":"product","link":"https:\/\/ciecompraenlinea.com\/en\/product\/torquimetros-digitales-bms-serie\/","title":{"rendered":"Torqu\u00edmetros Digitales BMS Serie"},"content":{"rendered":"<p>Los torqu\u00edmetros digitales BMS serie Super est\u00e1n dise\u00f1ados para profesionales que requieren m\u00e1xima precisi\u00f3n y control en aplicaciones de apriete y verificaci\u00f3n de torque. Incorporan tecnolog\u00eda digital avanzada con pantalla OLED de alto contraste que ofrece una lectura clara y confiable, junto con se\u00f1alizaci\u00f3n visual y auditiva (PASS\/FAIL) para validar cada operaci\u00f3n.<\/p>\n<p>Su estructura ligera y resistente garantiza un uso ergon\u00f3mico y duradero, ideal para entornos de trabajo exigentes como l\u00edneas de ensamble, talleres industriales, mantenimiento automotriz y laboratorios de calibraci\u00f3n.<\/p>\n<p>Con una desviaci\u00f3n m\u00e1xima de \u00b11% de la lectura real, aseguran resultados exactos y repetibles. Todos los modelos incluyen conectividad USB para transferencia de datos a software de PC, lo que facilita la trazabilidad y la auditor\u00eda de mediciones.<\/p>\n<p>Disponibles en rangos que van desde 1 Nm hasta 340 Nm, cubren distintas necesidades de control de torque bajo, medio y alto en la industria.<\/p>\n<div style=\"display:flex; gap:10px;justify-content:center\" class=\"wps-pgfw-pdf-generate-icon__wrapper-frontend\">\n\t\t<a  href=\"https:\/\/ciecompraenlinea.com\/en\/wp-json\/wp\/v2\/product\/11727?action=genpdf&amp;id=11727\" class=\"pgfw-single-pdf-download-button\" ><img src=\"https:\/\/ciecompraenlinea.com\/wp-content\/uploads\/2025\/08\/Untitled-image-5.png\" title=\"Generate PDF\" style=\"width:auto; height:50px;\"><\/a>\n\t\t<\/div>","protected":false},"excerpt":{"rendered":"<p>Los torqu\u00edmetros digitales BMS serie Super est\u00e1n dise\u00f1ados para profesionales que requieren m\u00e1xima precisi\u00f3n y control en aplicaciones de apriete y verificaci\u00f3n de torque. Incorporan tecnolog\u00eda digital avanzada con pantalla [&hellip;]<\/p>","protected":false},"featured_media":11728,"comment_status":"open","ping_status":"closed","template":"","meta":{"_acf_changed":false},"product_brand":[285],"product_cat":[121,149,150],"product_tag":[],"class_list":{"0":"post-11727","1":"product","2":"type-product","3":"status-publish","4":"has-post-thumbnail","6":"product_brand-bms","7":"product_cat-herramientas","8":"product_cat-herramientas-de-torque","9":"product_cat-torcometros-digitales","11":"first","12":"instock","13":"taxable","14":"shipping-taxable","15":"purchasable","16":"product-type-variable"},"acf":[],"_links":{"self":[{"href":"https:\/\/ciecompraenlinea.com\/en\/wp-json\/wp\/v2\/product\/11727","targetHints":{"allow":["GET"]}}],"collection":[{"href":"https:\/\/ciecompraenlinea.com\/en\/wp-json\/wp\/v2\/product"}],"about":[{"href":"https:\/\/ciecompraenlinea.com\/en\/wp-json\/wp\/v2\/types\/product"}],"replies":[{"embeddable":true,"href":"https:\/\/ciecompraenlinea.com\/en\/wp-json\/wp\/v2\/comments?post=11727"}],"wp:featuredmedia":[{"embeddable":true,"href":"https:\/\/ciecompraenlinea.com\/en\/wp-json\/wp\/v2\/media\/11728"}],"wp:attachment":[{"href":"https:\/\/ciecompraenlinea.com\/en\/wp-json\/wp\/v2\/media?parent=11727"}],"wp:term":[{"taxonomy":"product_brand","embeddable":true,"href":"https:\/\/ciecompraenlinea.com\/en\/wp-json\/wp\/v2\/product_brand?post=11727"},{"taxonomy":"product_cat","embeddable":true,"href":"https:\/\/ciecompraenlinea.com\/en\/wp-json\/wp\/v2\/product_cat?post=11727"},{"taxonomy":"product_tag","embeddable":true,"href":"https:\/\/ciecompraenlinea.com\/en\/wp-json\/wp\/v2\/product_tag?post=11727"}],"curies":[{"name":"wp","href":"https:\/\/api.w.org\/{rel}","templated":true}]}}