{"id":11746,"date":"2025-10-20T09:46:17","date_gmt":"2025-10-20T14:46:17","guid":{"rendered":"https:\/\/ciecompraenlinea.com\/?post_type=product&#038;p=11746"},"modified":"2025-10-20T09:46:18","modified_gmt":"2025-10-20T14:46:18","slug":"grapadora-paletizadora-neumatica-meite","status":"publish","type":"product","link":"https:\/\/ciecompraenlinea.com\/en\/product\/grapadora-paletizadora-neumatica-meite\/","title":{"rendered":"GRAPADORA PALETIZADORA NEUM\u00c1TICA MEITE"},"content":{"rendered":"<p data-start=\"344\" data-end=\"675\">La grapadora neum\u00e1tica Meite N851-L ha sido dise\u00f1ada para trabajos exigentes en carpinter\u00eda, embalaje, paletizaci\u00f3n, fabricaci\u00f3n de muebles y estructuras de madera. Su construcci\u00f3n robusta y su mecanismo de gran calibre la hacen ideal para uso profesional, logrando fijaciones firmes y duraderas incluso en entornos industriales.<\/p>\n<p data-start=\"679\" data-end=\"916\">Con una corona de 7\u204416\u2033 (\u224810,8 mm) y calibre 16 (\u22481,6 mm de grosor de grapa), este modelo permite realizar fijaciones de 25 mm a 51 mm de longitud, adapt\u00e1ndose a materiales de diferentes espesores.<\/p>\n<p data-start=\"918\" data-end=\"1231\">Su sistema neum\u00e1tico permite una velocidad de trabajo superior, mientras que su dise\u00f1o ergon\u00f3mico y peso reducido facilitan su manejo incluso durante largas jornadas. Es la elecci\u00f3n ideal para fabricantes de embalajes de madera, estructuras, palets, sof\u00e1s, sujetado de bases de camas, revestimientos, entre otros.<\/p>","protected":false},"excerpt":{"rendered":"<p>La grapadora neum\u00e1tica Meite N851-L ha sido dise\u00f1ada para trabajos exigentes en carpinter\u00eda, embalaje, paletizaci\u00f3n, fabricaci\u00f3n de muebles y estructuras de madera. Su construcci\u00f3n robusta y su mecanismo de gran [&hellip;]<\/p>","protected":false},"featured_media":11747,"comment_status":"open","ping_status":"closed","template":"","meta":{"_acf_changed":false},"product_brand":[301],"product_cat":[121,133,124],"product_tag":[],"class_list":{"0":"post-11746","1":"product","2":"type-product","3":"status-publish","4":"has-post-thumbnail","6":"product_brand-meite","7":"product_cat-herramientas","8":"product_cat-grapadoras-y-pinadoras","9":"product_cat-neumaticas","11":"first","12":"instock","13":"taxable","14":"shipping-taxable","15":"purchasable","16":"product-type-simple"},"acf":[],"_links":{"self":[{"href":"https:\/\/ciecompraenlinea.com\/en\/wp-json\/wp\/v2\/product\/11746","targetHints":{"allow":["GET"]}}],"collection":[{"href":"https:\/\/ciecompraenlinea.com\/en\/wp-json\/wp\/v2\/product"}],"about":[{"href":"https:\/\/ciecompraenlinea.com\/en\/wp-json\/wp\/v2\/types\/product"}],"replies":[{"embeddable":true,"href":"https:\/\/ciecompraenlinea.com\/en\/wp-json\/wp\/v2\/comments?post=11746"}],"wp:featuredmedia":[{"embeddable":true,"href":"https:\/\/ciecompraenlinea.com\/en\/wp-json\/wp\/v2\/media\/11747"}],"wp:attachment":[{"href":"https:\/\/ciecompraenlinea.com\/en\/wp-json\/wp\/v2\/media?parent=11746"}],"wp:term":[{"taxonomy":"product_brand","embeddable":true,"href":"https:\/\/ciecompraenlinea.com\/en\/wp-json\/wp\/v2\/product_brand?post=11746"},{"taxonomy":"product_cat","embeddable":true,"href":"https:\/\/ciecompraenlinea.com\/en\/wp-json\/wp\/v2\/product_cat?post=11746"},{"taxonomy":"product_tag","embeddable":true,"href":"https:\/\/ciecompraenlinea.com\/en\/wp-json\/wp\/v2\/product_tag?post=11746"}],"curies":[{"name":"wp","href":"https:\/\/api.w.org\/{rel}","templated":true}]}}