{"id":11927,"date":"2026-01-27T09:03:43","date_gmt":"2026-01-27T14:03:43","guid":{"rendered":"https:\/\/ciecompraenlinea.com\/?post_type=product&#038;p=11927"},"modified":"2026-02-18T12:15:50","modified_gmt":"2026-02-18T17:15:50","slug":"llave-de-impacto-de-bateria-1-brushless-a-bateria-iwb-1800-2-bt-5amp-cargador-y-estuche","status":"publish","type":"product","link":"https:\/\/ciecompraenlinea.com\/en\/product\/llave-de-impacto-de-bateria-1-brushless-a-bateria-iwb-1800-2-bt-5amp-cargador-y-estuche\/","title":{"rendered":"LLAVE DE IMPACTO DE BATER\u00cdA 1&#8243; BRUSHLESS A BATER\u00cdA IWB 1800 + 2 BT 5AMP + CARGADOR Y ESTUCHE"},"content":{"rendered":"<p data-start=\"232\" data-end=\"509\">Es conocida como pistola de impacto de bater\u00eda profesional dise\u00f1ada para trabajos de alto esfuerzo y uso industrial continuo, ideal para mantenimiento de maquinaria pesada, construcci\u00f3n, montaje estructural y aplicaciones donde se requiere potencia extrema y control total.<\/p>\n<p data-start=\"511\" data-end=\"910\">Equipada con motor Brushless (sin escobillas), esta herramienta ofrece mayor eficiencia energ\u00e9tica, menor calentamiento y una vida \u00fatil superior, garantizando un rendimiento constante incluso en jornadas prolongadas. Su sistema de control electr\u00f3nico permite adaptar la herramienta a diferentes tipos de trabajo, logrando un apriete seguro y un desapriete eficiente sin da\u00f1ar la torniller\u00eda.<\/p>\n<p data-start=\"912\" data-end=\"1275\">Estas llaves de impacto de bater\u00eda o pistolas de impacto de bater\u00eda mantienen un dise\u00f1o robusto y equilibrado, junto con la empu\u00f1adura ergon\u00f3mica con recubrimiento antideslizante, proporciona un manejo c\u00f3modo, seguro y estable. Incorpora luz LED integrada para mejorar la visibilidad en zonas de trabajo con poca iluminaci\u00f3n, adem\u00e1s de indicador de carga, lo que facilita una gesti\u00f3n m\u00e1s eficiente del uso de la bater\u00eda en campo.<\/p>","protected":false},"excerpt":{"rendered":"<p>Es conocida como pistola de impacto de bater\u00eda profesional dise\u00f1ada para trabajos de alto esfuerzo y uso industrial continuo, ideal para mantenimiento de maquinaria pesada, construcci\u00f3n, montaje estructural y aplicaciones [&hellip;]<\/p>","protected":false},"featured_media":11928,"comment_status":"open","ping_status":"closed","template":"","meta":{"_acf_changed":false},"product_brand":[276],"product_cat":[121,177,345],"product_tag":[],"class_list":{"0":"post-11927","1":"product","2":"type-product","3":"status-publish","4":"has-post-thumbnail","6":"product_brand-stayer","7":"product_cat-herramientas","8":"product_cat-inalambrico","9":"product_cat-llave-de-impacto-inalambrico","11":"first","12":"outofstock","13":"taxable","14":"shipping-taxable","15":"purchasable","16":"product-type-simple"},"acf":[],"_links":{"self":[{"href":"https:\/\/ciecompraenlinea.com\/en\/wp-json\/wp\/v2\/product\/11927","targetHints":{"allow":["GET"]}}],"collection":[{"href":"https:\/\/ciecompraenlinea.com\/en\/wp-json\/wp\/v2\/product"}],"about":[{"href":"https:\/\/ciecompraenlinea.com\/en\/wp-json\/wp\/v2\/types\/product"}],"replies":[{"embeddable":true,"href":"https:\/\/ciecompraenlinea.com\/en\/wp-json\/wp\/v2\/comments?post=11927"}],"wp:featuredmedia":[{"embeddable":true,"href":"https:\/\/ciecompraenlinea.com\/en\/wp-json\/wp\/v2\/media\/11928"}],"wp:attachment":[{"href":"https:\/\/ciecompraenlinea.com\/en\/wp-json\/wp\/v2\/media?parent=11927"}],"wp:term":[{"taxonomy":"product_brand","embeddable":true,"href":"https:\/\/ciecompraenlinea.com\/en\/wp-json\/wp\/v2\/product_brand?post=11927"},{"taxonomy":"product_cat","embeddable":true,"href":"https:\/\/ciecompraenlinea.com\/en\/wp-json\/wp\/v2\/product_cat?post=11927"},{"taxonomy":"product_tag","embeddable":true,"href":"https:\/\/ciecompraenlinea.com\/en\/wp-json\/wp\/v2\/product_tag?post=11927"}],"curies":[{"name":"wp","href":"https:\/\/api.w.org\/{rel}","templated":true}]}}