{"id":11931,"date":"2026-01-27T11:52:13","date_gmt":"2026-01-27T16:52:13","guid":{"rendered":"https:\/\/ciecompraenlinea.com\/?post_type=product&#038;p=11931"},"modified":"2026-01-27T16:26:53","modified_gmt":"2026-01-27T21:26:53","slug":"atornillador-de-torque-1-4-1-8-nm","status":"publish","type":"product","link":"https:\/\/ciecompraenlinea.com\/en\/product\/atornillador-de-torque-1-4-1-8-nm\/","title":{"rendered":"Atornillador de torque 1\/4&#8243;, 1 -8 Nm (Incluye kit de puntas)"},"content":{"rendered":"<p data-start=\"259\" data-end=\"620\">Los atornilladores de torque manuales ONPIN est\u00e1n dise\u00f1ados para aplicaciones donde el control preciso del apriete es fundamental, especialmente en ensamblajes t\u00e9cnicos, mantenimiento industrial y trabajos con torniller\u00eda peque\u00f1a. El modelo OP-1408NT es ideal para tareas que requieren repetibilidad, seguridad y protecci\u00f3n de componentes sensibles.<\/p>\n<p data-start=\"622\" data-end=\"999\">Este atornillador permite un ajuste r\u00e1pido y sencillo del torque mediante dial, con una ventana de lectura clara, facilitando la configuraci\u00f3n correcta antes de cada operaci\u00f3n. Su mecanismo interno est\u00e1 dise\u00f1ado para evitar el sobreapriete, ya que al alcanzar el torque ajustado el sistema act\u00faa autom\u00e1ticamente, protegiendo la torniller\u00eda y el material ensamblado.<\/p>\n<p data-start=\"1001\" data-end=\"1344\">El dise\u00f1o compacto y robusto, junto con su empu\u00f1adura ergon\u00f3mica, proporciona un manejo c\u00f3modo y estable incluso en trabajos repetitivos o espacios reducidos. Gracias a su inserci\u00f3n de 1\/4\u201d, es compatible con una amplia variedad de puntas est\u00e1ndar, lo que lo convierte en una herramienta vers\u00e1til para diferentes aplicaciones t\u00e9cnicas.<\/p>","protected":false},"excerpt":{"rendered":"<p>Los atornilladores de torque manuales ONPIN est\u00e1n dise\u00f1ados para aplicaciones donde el control preciso del apriete es fundamental, especialmente en ensamblajes t\u00e9cnicos, mantenimiento industrial y trabajos con torniller\u00eda peque\u00f1a. El [&hellip;]<\/p>","protected":false},"featured_media":11934,"comment_status":"open","ping_status":"closed","template":"","meta":{"_acf_changed":false},"product_brand":[284],"product_cat":[149,380,180],"product_tag":[],"class_list":{"0":"post-11931","1":"product","2":"type-product","3":"status-publish","4":"has-post-thumbnail","6":"product_brand-onpin","7":"product_cat-herramientas-de-torque","8":"product_cat-atornillador-de-torque","9":"product_cat-torcometros-torquimetros","11":"first","12":"instock","13":"taxable","14":"shipping-taxable","15":"purchasable","16":"product-type-simple"},"acf":[],"_links":{"self":[{"href":"https:\/\/ciecompraenlinea.com\/en\/wp-json\/wp\/v2\/product\/11931","targetHints":{"allow":["GET"]}}],"collection":[{"href":"https:\/\/ciecompraenlinea.com\/en\/wp-json\/wp\/v2\/product"}],"about":[{"href":"https:\/\/ciecompraenlinea.com\/en\/wp-json\/wp\/v2\/types\/product"}],"replies":[{"embeddable":true,"href":"https:\/\/ciecompraenlinea.com\/en\/wp-json\/wp\/v2\/comments?post=11931"}],"wp:featuredmedia":[{"embeddable":true,"href":"https:\/\/ciecompraenlinea.com\/en\/wp-json\/wp\/v2\/media\/11934"}],"wp:attachment":[{"href":"https:\/\/ciecompraenlinea.com\/en\/wp-json\/wp\/v2\/media?parent=11931"}],"wp:term":[{"taxonomy":"product_brand","embeddable":true,"href":"https:\/\/ciecompraenlinea.com\/en\/wp-json\/wp\/v2\/product_brand?post=11931"},{"taxonomy":"product_cat","embeddable":true,"href":"https:\/\/ciecompraenlinea.com\/en\/wp-json\/wp\/v2\/product_cat?post=11931"},{"taxonomy":"product_tag","embeddable":true,"href":"https:\/\/ciecompraenlinea.com\/en\/wp-json\/wp\/v2\/product_tag?post=11931"}],"curies":[{"name":"wp","href":"https:\/\/api.w.org\/{rel}","templated":true}]}}