{"id":12052,"date":"2026-02-18T12:29:04","date_gmt":"2026-02-18T17:29:04","guid":{"rendered":"https:\/\/ciecompraenlinea.com\/?post_type=product&#038;p=12052"},"modified":"2026-02-18T12:32:17","modified_gmt":"2026-02-18T17:32:17","slug":"llave-de-impacto-de-bateria-1-2-brushless-a-bateria-iwb-1000-2-bt-4amp-cargador-y-estuche","status":"publish","type":"product","link":"https:\/\/ciecompraenlinea.com\/en\/product\/llave-de-impacto-de-bateria-1-2-brushless-a-bateria-iwb-1000-2-bt-4amp-cargador-y-estuche\/","title":{"rendered":"LLAVE DE IMPACTO DE BATER\u00cdA 1\/2&#8243; BRUSHLESS A BATER\u00cdA IWB 1000 + 2 BT 4AMP + CARGADOR Y ESTUCHE"},"content":{"rendered":"<p data-start=\"455\" data-end=\"784\">La llave de impacto de bater\u00eda STAYER 18V es una herramienta profesional de alto torque dise\u00f1ada para aplicaciones industriales exigentes. Esta potente pistola de impacto de bater\u00eda incorpora motor brushless sin escobillas que mejora la eficiencia, reduce el calentamiento y prolonga la vida \u00fatil del equipo y la bater\u00eda.<\/p>\n<p data-start=\"786\" data-end=\"1069\">Con un par de apriete ajustable hasta 1000 Nm y 3 niveles combinados de velocidad, impactos y torque, ofrece control total seg\u00fan la aplicaci\u00f3n. Adem\u00e1s, cuenta con 2 modos de aflojado de hasta 1300 Nm (modo continuo y modo autom\u00e1tico de 1 segundo), ideales para desmontajes exigentes.<\/p>\n<p data-start=\"1071\" data-end=\"1441\">Las llaves de impacto de bater\u00eda y pistolas de impacto de bater\u00eda STAYER est\u00e1n dise\u00f1adas para montaje de ruedas en veh\u00edculos, estructuras met\u00e1licas, andamios y fijaciones directas en madera y hormig\u00f3n. Su construcci\u00f3n robusta incluye recubrimiento en goma anti-vibraci\u00f3n, freno electr\u00f3nico, embrague de seguridad, luz LED integrada y clip met\u00e1lico para cintur\u00f3n.<\/p>\n<p data-start=\"1443\" data-end=\"1551\">Equilibrio perfecto entre potencia, autonom\u00eda y resistencia para trabajos profesionales de alto rendimiento.<\/p>\n<div style=\"display:flex; gap:10px;justify-content:center\" class=\"wps-pgfw-pdf-generate-icon__wrapper-frontend\">\n\t\t<a  href=\"https:\/\/ciecompraenlinea.com\/en\/wp-json\/wp\/v2\/product\/12052?action=genpdf&amp;id=12052\" class=\"pgfw-single-pdf-download-button\" ><img src=\"https:\/\/ciecompraenlinea.com\/wp-content\/uploads\/2025\/08\/Untitled-image-5.png\" title=\"Generate PDF\" style=\"width:auto; height:50px;\"><\/a>\n\t\t<\/div>","protected":false},"excerpt":{"rendered":"<p>La llave de impacto de bater\u00eda STAYER 18V es una herramienta profesional de alto torque dise\u00f1ada para aplicaciones industriales exigentes. Esta potente pistola de impacto de bater\u00eda incorpora motor brushless [&hellip;]<\/p>","protected":false},"featured_media":12054,"comment_status":"open","ping_status":"closed","template":"","meta":{"_acf_changed":false},"product_brand":[276],"product_cat":[121,177,345],"product_tag":[],"class_list":{"0":"post-12052","1":"product","2":"type-product","3":"status-publish","4":"has-post-thumbnail","6":"product_brand-stayer","7":"product_cat-herramientas","8":"product_cat-inalambrico","9":"product_cat-llave-de-impacto-inalambrico","11":"first","12":"instock","13":"taxable","14":"shipping-taxable","15":"purchasable","16":"product-type-simple"},"acf":[],"_links":{"self":[{"href":"https:\/\/ciecompraenlinea.com\/en\/wp-json\/wp\/v2\/product\/12052","targetHints":{"allow":["GET"]}}],"collection":[{"href":"https:\/\/ciecompraenlinea.com\/en\/wp-json\/wp\/v2\/product"}],"about":[{"href":"https:\/\/ciecompraenlinea.com\/en\/wp-json\/wp\/v2\/types\/product"}],"replies":[{"embeddable":true,"href":"https:\/\/ciecompraenlinea.com\/en\/wp-json\/wp\/v2\/comments?post=12052"}],"wp:featuredmedia":[{"embeddable":true,"href":"https:\/\/ciecompraenlinea.com\/en\/wp-json\/wp\/v2\/media\/12054"}],"wp:attachment":[{"href":"https:\/\/ciecompraenlinea.com\/en\/wp-json\/wp\/v2\/media?parent=12052"}],"wp:term":[{"taxonomy":"product_brand","embeddable":true,"href":"https:\/\/ciecompraenlinea.com\/en\/wp-json\/wp\/v2\/product_brand?post=12052"},{"taxonomy":"product_cat","embeddable":true,"href":"https:\/\/ciecompraenlinea.com\/en\/wp-json\/wp\/v2\/product_cat?post=12052"},{"taxonomy":"product_tag","embeddable":true,"href":"https:\/\/ciecompraenlinea.com\/en\/wp-json\/wp\/v2\/product_tag?post=12052"}],"curies":[{"name":"wp","href":"https:\/\/api.w.org\/{rel}","templated":true}]}}