{"id":12062,"date":"2026-02-19T08:00:54","date_gmt":"2026-02-19T13:00:54","guid":{"rendered":"https:\/\/ciecompraenlinea.com\/?post_type=product&#038;p=12062"},"modified":"2026-02-19T08:01:13","modified_gmt":"2026-02-19T13:01:13","slug":"amoladora-pulidora-electrica-4-1-2%e2%80%b3-1000w","status":"publish","type":"product","link":"https:\/\/ciecompraenlinea.com\/en\/product\/amoladora-pulidora-electrica-4-1-2%e2%80%b3-1000w\/","title":{"rendered":"AMOLADORA \/ PULIDORA EL\u00c9CTRICA 4 1\/2\u2033 1000W"},"content":{"rendered":"<p data-start=\"304\" data-end=\"483\">La pulidora el\u00e9ctrica STAYER SAB 1000 incorpora un potente motor de 1000W, ideal para trabajos de corte, desbaste, amolado, lijado, pulido y satinado en diferentes materiales.<\/p>\n<p data-start=\"485\" data-end=\"738\">Esta amoladora angular el\u00e9ctrica para discos de 115 mm (4 1\/2\u201d) ofrece un excelente equilibrio entre potencia y maniobrabilidad, siendo adecuada para aplicaciones en metales, maderas, piedra natural y artificial, materiales porcel\u00e1nicos y pl\u00e1sticos.<\/p>\n<p data-start=\"740\" data-end=\"1115\">Las pulidoras el\u00e9ctricas y amoladoras angulares el\u00e9ctricas STAYER est\u00e1n fabricadas con componentes de gran resistencia, incorporando rodamientos de doble blindaje que prolongan la vida \u00fatil del equipo. Su sistema anti abrasi\u00f3n incluye doble blindaje, pol\u00edmero de protecci\u00f3n, encordado reforzado y barrera en el colector, lo que mejora la protecci\u00f3n interna del motor.<\/p>\n<p data-start=\"1117\" data-end=\"1251\">Cuenta adem\u00e1s con empu\u00f1adura auxiliar enroscable en dos posiciones, permitiendo un manejo seguro y mayor control durante la operaci\u00f3n.<\/p>\n<p data-start=\"1253\" data-end=\"1321\">Una herramienta confiable y robusta para aplicaciones profesionales.<\/p>\n<div style=\"display:flex; gap:10px;justify-content:center\" class=\"wps-pgfw-pdf-generate-icon__wrapper-frontend\">\n\t\t<a  href=\"https:\/\/ciecompraenlinea.com\/en\/wp-json\/wp\/v2\/product\/12062?action=genpdf&amp;id=12062\" class=\"pgfw-single-pdf-download-button\" ><img src=\"https:\/\/ciecompraenlinea.com\/wp-content\/uploads\/2025\/08\/Untitled-image-5.png\" title=\"Generate PDF\" style=\"width:auto; height:50px;\"><\/a>\n\t\t<\/div>","protected":false},"excerpt":{"rendered":"<p>La pulidora el\u00e9ctrica STAYER SAB 1000 incorpora un potente motor de 1000W, ideal para trabajos de corte, desbaste, amolado, lijado, pulido y satinado en diferentes materiales. Esta amoladora angular el\u00e9ctrica [&hellip;]<\/p>","protected":false},"featured_media":12063,"comment_status":"open","ping_status":"closed","template":"","meta":{"_acf_changed":false},"product_brand":[276],"product_cat":[121,338,122,123,339],"product_tag":[],"class_list":{"0":"post-12062","1":"product","2":"type-product","3":"status-publish","4":"has-post-thumbnail","6":"product_brand-stayer","7":"product_cat-herramientas","8":"product_cat-electricas-herramientas","9":"product_cat-electricas","10":"product_cat-pulidora","11":"product_cat-pulidora-electricas-herramientas","13":"first","14":"instock","15":"taxable","16":"shipping-taxable","17":"purchasable","18":"product-type-simple"},"acf":[],"_links":{"self":[{"href":"https:\/\/ciecompraenlinea.com\/en\/wp-json\/wp\/v2\/product\/12062","targetHints":{"allow":["GET"]}}],"collection":[{"href":"https:\/\/ciecompraenlinea.com\/en\/wp-json\/wp\/v2\/product"}],"about":[{"href":"https:\/\/ciecompraenlinea.com\/en\/wp-json\/wp\/v2\/types\/product"}],"replies":[{"embeddable":true,"href":"https:\/\/ciecompraenlinea.com\/en\/wp-json\/wp\/v2\/comments?post=12062"}],"wp:featuredmedia":[{"embeddable":true,"href":"https:\/\/ciecompraenlinea.com\/en\/wp-json\/wp\/v2\/media\/12063"}],"wp:attachment":[{"href":"https:\/\/ciecompraenlinea.com\/en\/wp-json\/wp\/v2\/media?parent=12062"}],"wp:term":[{"taxonomy":"product_brand","embeddable":true,"href":"https:\/\/ciecompraenlinea.com\/en\/wp-json\/wp\/v2\/product_brand?post=12062"},{"taxonomy":"product_cat","embeddable":true,"href":"https:\/\/ciecompraenlinea.com\/en\/wp-json\/wp\/v2\/product_cat?post=12062"},{"taxonomy":"product_tag","embeddable":true,"href":"https:\/\/ciecompraenlinea.com\/en\/wp-json\/wp\/v2\/product_tag?post=12062"}],"curies":[{"name":"wp","href":"https:\/\/api.w.org\/{rel}","templated":true}]}}