{"id":12111,"date":"2026-03-06T15:39:39","date_gmt":"2026-03-06T20:39:39","guid":{"rendered":"https:\/\/ciecompraenlinea.com\/?post_type=product&#038;p=12111"},"modified":"2026-03-06T15:39:39","modified_gmt":"2026-03-06T20:39:39","slug":"taladro-atornillador-percutor-80-nm-de-bateria-18v","status":"publish","type":"product","link":"https:\/\/ciecompraenlinea.com\/en\/product\/taladro-atornillador-percutor-80-nm-de-bateria-18v\/","title":{"rendered":"TALADRO \/ ATORNILLADOR PERCUTOR 80 Nm DE BATER\u00cdA 18V"},"content":{"rendered":"<p data-start=\"181\" data-end=\"644\">Estos taladros atornilladores inal\u00e1mbricos de 18V con motor Brushless (sin escobillas) est\u00e1n dise\u00f1ado para quienes buscan un taladro potente y eficiente con libertad total de movimiento. Su torque de hasta 80 Nm que incluye 2 bater\u00edas de 2 Ah LI-ION, cargador y estuche que lo convierte en un atornillador inal\u00e1mbrico confiable para perforar y atornillar en madera, acero o mamposter\u00eda. Tambi\u00e9n funciona como taladro percutor a bater\u00eda, ideal para tareas exigentes donde se requiere alto rendimiento sin cables.<\/p>\n<p data-start=\"646\" data-end=\"966\">Gracias a su dise\u00f1o compacto, ergon\u00f3mico y liviano, este atornillador de bater\u00eda garantiza comodidad incluso durante largas jornadas de trabajo. Es una herramienta 3 en 1 que puede actuar como taladro, atornillador y percutor, siendo perfecta tanto para profesionales como para usuarios dom\u00e9sticos avanzados.<\/p>\n<p data-start=\"968\" data-end=\"1320\">En proyectos donde se requiere movilidad y precisi\u00f3n, los taladros inal\u00e1mbricos, atornilladores recargables, taladros percutores, atornilladores sin cable y destornilladores a bater\u00eda como este son la mejor elecci\u00f3n. Esta herramienta ofrece una soluci\u00f3n vers\u00e1til, robusta y lista para enfrentar todo tipo de aplicaci\u00f3n con eficacia.<\/p>","protected":false},"excerpt":{"rendered":"<p>Estos taladros atornilladores inal\u00e1mbricos de 18V con motor Brushless (sin escobillas) est\u00e1n dise\u00f1ado para quienes buscan un taladro potente y eficiente con libertad total de movimiento. Su torque de hasta [&hellip;]<\/p>","protected":false},"featured_media":12112,"comment_status":"open","ping_status":"closed","template":"","meta":{"_acf_changed":false},"product_brand":[276],"product_cat":[121,177,189],"product_tag":[],"class_list":{"0":"post-12111","1":"product","2":"type-product","3":"status-publish","4":"has-post-thumbnail","6":"product_brand-stayer","7":"product_cat-herramientas","8":"product_cat-inalambrico","9":"product_cat-taladro-inalambrico","11":"first","12":"instock","13":"taxable","14":"shipping-taxable","15":"purchasable","16":"product-type-simple"},"acf":[],"_links":{"self":[{"href":"https:\/\/ciecompraenlinea.com\/en\/wp-json\/wp\/v2\/product\/12111","targetHints":{"allow":["GET"]}}],"collection":[{"href":"https:\/\/ciecompraenlinea.com\/en\/wp-json\/wp\/v2\/product"}],"about":[{"href":"https:\/\/ciecompraenlinea.com\/en\/wp-json\/wp\/v2\/types\/product"}],"replies":[{"embeddable":true,"href":"https:\/\/ciecompraenlinea.com\/en\/wp-json\/wp\/v2\/comments?post=12111"}],"wp:featuredmedia":[{"embeddable":true,"href":"https:\/\/ciecompraenlinea.com\/en\/wp-json\/wp\/v2\/media\/12112"}],"wp:attachment":[{"href":"https:\/\/ciecompraenlinea.com\/en\/wp-json\/wp\/v2\/media?parent=12111"}],"wp:term":[{"taxonomy":"product_brand","embeddable":true,"href":"https:\/\/ciecompraenlinea.com\/en\/wp-json\/wp\/v2\/product_brand?post=12111"},{"taxonomy":"product_cat","embeddable":true,"href":"https:\/\/ciecompraenlinea.com\/en\/wp-json\/wp\/v2\/product_cat?post=12111"},{"taxonomy":"product_tag","embeddable":true,"href":"https:\/\/ciecompraenlinea.com\/en\/wp-json\/wp\/v2\/product_tag?post=12111"}],"curies":[{"name":"wp","href":"https:\/\/api.w.org\/{rel}","templated":true}]}}