{"id":12128,"date":"2026-03-13T11:32:03","date_gmt":"2026-03-13T16:32:03","guid":{"rendered":"https:\/\/ciecompraenlinea.com\/?post_type=product&#038;p=12128"},"modified":"2026-03-13T11:32:15","modified_gmt":"2026-03-13T16:32:15","slug":"taladro-atornillador-de-impacto-de-bateria-13mm","status":"publish","type":"product","link":"https:\/\/ciecompraenlinea.com\/en\/product\/taladro-atornillador-de-impacto-de-bateria-13mm\/","title":{"rendered":"TALADRO \/ ATORNILLADOR DE IMPACTO DE BATER\u00cdA 18V"},"content":{"rendered":"<p data-start=\"331\" data-end=\"777\">Los taladros atornilladores a bater\u00eda STAYER PBL 202 BLK son una herramienta profesional dise\u00f1adas para ofrecer potencia, precisi\u00f3n y eficiencia en trabajos de perforaci\u00f3n y atornillado en diferentes materiales. Este taladro atornillador inal\u00e1mbrico de 18V incorpora un potente motor brushless (sin escobillas) que mejora el rendimiento, reduce el desgaste del motor y aumenta considerablemente la autonom\u00eda de la bater\u00eda durante el trabajo.<\/p>\n<p data-start=\"779\" data-end=\"1184\">Gracias a su transmisi\u00f3n de dos velocidades mec\u00e1nicas, este taladro atornillador de bater\u00eda permite adaptarse f\u00e1cilmente a distintas aplicaciones, desde trabajos de perforaci\u00f3n en madera o acero hasta tareas de atornillado con alto control de torque. Su portabrocas autom\u00e1tico met\u00e1lico de 13 mm tipo Jacobs facilita el cambio r\u00e1pido de accesorios y garantiza una sujeci\u00f3n segura de las brocas.<\/p>\n<p data-start=\"1186\" data-end=\"1552\">Cuenta con 15 posiciones de ajuste de torque m\u00e1s funci\u00f3n de taladro, permitiendo un control preciso en cada aplicaci\u00f3n. Su dise\u00f1o ergon\u00f3mico y compacto mejora la comodidad durante trabajos prolongados, mientras que su sistema de bater\u00eda de litio de alta eficiencia ofrece mayor autonom\u00eda y rendimiento constante.<\/p>\n<p data-start=\"1554\" data-end=\"1770\">Este taladro atornillador a bater\u00eda es ideal para trabajos de instalaci\u00f3n, mantenimiento, montaje industrial, carpinter\u00eda y uso t\u00e9cnico donde se requiera una herramienta vers\u00e1til, potente y confiable.<\/p>","protected":false},"excerpt":{"rendered":"<p>Los taladros atornilladores a bater\u00eda STAYER PBL 202 BLK son una herramienta profesional dise\u00f1adas para ofrecer potencia, precisi\u00f3n y eficiencia en trabajos de perforaci\u00f3n y atornillado en diferentes materiales. Este [&hellip;]<\/p>","protected":false},"featured_media":12129,"comment_status":"open","ping_status":"closed","template":"","meta":{"_acf_changed":false},"product_brand":[276],"product_cat":[121,178,177],"product_tag":[],"class_list":{"0":"post-12128","1":"product","2":"type-product","3":"status-publish","4":"has-post-thumbnail","6":"product_brand-stayer","7":"product_cat-herramientas","8":"product_cat-atornilladores-taladros-inalambrico","9":"product_cat-inalambrico","11":"first","12":"instock","13":"sale","14":"taxable","15":"shipping-taxable","16":"purchasable","17":"product-type-simple"},"acf":[],"_links":{"self":[{"href":"https:\/\/ciecompraenlinea.com\/en\/wp-json\/wp\/v2\/product\/12128","targetHints":{"allow":["GET"]}}],"collection":[{"href":"https:\/\/ciecompraenlinea.com\/en\/wp-json\/wp\/v2\/product"}],"about":[{"href":"https:\/\/ciecompraenlinea.com\/en\/wp-json\/wp\/v2\/types\/product"}],"replies":[{"embeddable":true,"href":"https:\/\/ciecompraenlinea.com\/en\/wp-json\/wp\/v2\/comments?post=12128"}],"wp:featuredmedia":[{"embeddable":true,"href":"https:\/\/ciecompraenlinea.com\/en\/wp-json\/wp\/v2\/media\/12129"}],"wp:attachment":[{"href":"https:\/\/ciecompraenlinea.com\/en\/wp-json\/wp\/v2\/media?parent=12128"}],"wp:term":[{"taxonomy":"product_brand","embeddable":true,"href":"https:\/\/ciecompraenlinea.com\/en\/wp-json\/wp\/v2\/product_brand?post=12128"},{"taxonomy":"product_cat","embeddable":true,"href":"https:\/\/ciecompraenlinea.com\/en\/wp-json\/wp\/v2\/product_cat?post=12128"},{"taxonomy":"product_tag","embeddable":true,"href":"https:\/\/ciecompraenlinea.com\/en\/wp-json\/wp\/v2\/product_tag?post=12128"}],"curies":[{"name":"wp","href":"https:\/\/api.w.org\/{rel}","templated":true}]}}