{"id":12152,"date":"2026-05-04T15:40:33","date_gmt":"2026-05-04T20:40:33","guid":{"rendered":"https:\/\/ciecompraenlinea.com\/?post_type=product&#038;p=12152"},"modified":"2026-05-04T15:40:33","modified_gmt":"2026-05-04T20:40:33","slug":"taladro-atornillador-percutor-150-nm-de-bateria-18v","status":"publish","type":"product","link":"https:\/\/ciecompraenlinea.com\/en\/product\/taladro-atornillador-percutor-150-nm-de-bateria-18v\/","title":{"rendered":"TALADRO \/ ATORNILLADOR PERCUTOR 150 Nm DE BATER\u00cdA 18V"},"content":{"rendered":"<p data-start=\"279\" data-end=\"866\">El taladro atornillador inal\u00e1mbrico 18V brushless PBL 150Nm es una herramienta profesional de alto torque dise\u00f1ada para aplicaciones exigentes que requieren potencia, precisi\u00f3n y autonom\u00eda. Este equipo se posiciona dentro de los taladros inal\u00e1mbricos y taladros percutores a bater\u00eda de alto rendimiento, permitiendo perforar y atornillar con eficiencia en materiales como madera, acero y mamposter\u00eda. Su capacidad de hasta 150 Nm lo convierte en una soluci\u00f3n ideal tanto como taladro a bater\u00eda como atornillador de bater\u00eda para trabajos industriales, mantenimiento y montaje estructural.<\/p>\n<p data-start=\"868\" data-end=\"1434\">Gracias a su motor brushless, este taladro atornillador a bater\u00eda ofrece mayor eficiencia energ\u00e9tica, menor desgaste y una vida \u00fatil superior frente a herramientas convencionales, destac\u00e1ndose entre los atornilladores a bater\u00eda y atornilladores inal\u00e1mbricos profesionales por su rendimiento en trabajo continuo. Integra 3 funciones (taladro, atornillador y percutor), junto con una caja de engranajes planetario 100% met\u00e1lico y 2 velocidades mec\u00e1nicas que permiten adaptarse a distintas aplicaciones, desde perforaciones de gran di\u00e1metro hasta trabajos de precisi\u00f3n.<\/p>\n<p data-start=\"1436\" data-end=\"1915\">El equipo incorpora portabrocas met\u00e1lico de 13 mm, embrague con m\u00faltiples posiciones de torque, sistema reversible e iluminaci\u00f3n LED para mayor control en cada operaci\u00f3n. Su dise\u00f1o ergon\u00f3mico, junto con bater\u00edas Li-Ion de alta capacidad, clip para cintur\u00f3n y excelente distribuci\u00f3n de peso, garantizan comodidad y autonom\u00eda en jornadas prolongadas, posicion\u00e1ndolo como una opci\u00f3n confiable dentro de los taladros a bater\u00eda y atornilladores de alto desempe\u00f1o para uso profesional.<\/p>\n<p data-start=\"1630\" data-end=\"2207\">\n<span style=\"color: #ffffff;\">Se conoce como:<\/span><br \/>\n<span style=\"color: #ffffff;\">Taladro de bater\u00eda<\/span><br \/>\n<span style=\"color: #ffffff;\">Taladro a bater\u00eda<\/span><\/p>\n<p data-start=\"1630\" data-end=\"2207\"><span style=\"color: #ffffff;\">Atornillador de bater\u00eda<\/span><\/p>\n<p data-start=\"1630\" data-end=\"2207\"><span style=\"color: #ffffff;\">Atornillador a bater\u00eda<\/span><\/p>\n<p data-start=\"1630\" data-end=\"2207\"><span style=\"color: #ffffff;\">taladros de bater\u00eda<\/span><\/p>\n<p data-start=\"1630\" data-end=\"2207\"><span style=\"color: #ffffff;\">taladros a bater\u00eda<\/span><\/p>\n<p data-start=\"1630\" data-end=\"2207\"><span style=\"color: #ffffff;\">atornilladores de bater\u00eda<\/span><\/p>\n<p data-start=\"1630\" data-end=\"2207\"><span style=\"color: #ffffff;\">atornilladores a bater\u00eda<\/span><\/p>\n<p data-start=\"1630\" data-end=\"2207\"><span style=\"color: #ffffff;\">Atornillador inal\u00e1mbrico<\/span><\/p>\n<p data-start=\"1630\" data-end=\"2207\"><span style=\"color: #ffffff;\">Atornilladores inal\u00e1mbricos\u00a0<\/span><\/p>\n<p data-start=\"1630\" data-end=\"2207\"><span style=\"color: #ffffff;\">Taladro inal\u00e1mbrico\u00a0<\/span><\/p>\n<p data-start=\"1630\" data-end=\"2207\"><span style=\"color: #ffffff;\">Taladros inal\u00e1mbricos<\/span><\/p>\n<p data-start=\"1630\" data-end=\"2207\">\n<p data-start=\"1630\" data-end=\"2207\">","protected":false},"excerpt":{"rendered":"<p>El taladro atornillador inal\u00e1mbrico 18V brushless PBL 150Nm es una herramienta profesional de alto torque dise\u00f1ada para aplicaciones exigentes que requieren potencia, precisi\u00f3n y autonom\u00eda. Este equipo se posiciona dentro [&hellip;]<\/p>","protected":false},"featured_media":12153,"comment_status":"open","ping_status":"closed","template":"","meta":{"_acf_changed":false},"product_brand":[276],"product_cat":[121,178,177,189],"product_tag":[],"class_list":{"0":"post-12152","1":"product","2":"type-product","3":"status-publish","4":"has-post-thumbnail","6":"product_brand-stayer","7":"product_cat-herramientas","8":"product_cat-atornilladores-taladros-inalambrico","9":"product_cat-inalambrico","10":"product_cat-taladro-inalambrico","12":"first","13":"instock","14":"taxable","15":"shipping-taxable","16":"purchasable","17":"product-type-simple"},"acf":[],"_links":{"self":[{"href":"https:\/\/ciecompraenlinea.com\/en\/wp-json\/wp\/v2\/product\/12152","targetHints":{"allow":["GET"]}}],"collection":[{"href":"https:\/\/ciecompraenlinea.com\/en\/wp-json\/wp\/v2\/product"}],"about":[{"href":"https:\/\/ciecompraenlinea.com\/en\/wp-json\/wp\/v2\/types\/product"}],"replies":[{"embeddable":true,"href":"https:\/\/ciecompraenlinea.com\/en\/wp-json\/wp\/v2\/comments?post=12152"}],"wp:featuredmedia":[{"embeddable":true,"href":"https:\/\/ciecompraenlinea.com\/en\/wp-json\/wp\/v2\/media\/12153"}],"wp:attachment":[{"href":"https:\/\/ciecompraenlinea.com\/en\/wp-json\/wp\/v2\/media?parent=12152"}],"wp:term":[{"taxonomy":"product_brand","embeddable":true,"href":"https:\/\/ciecompraenlinea.com\/en\/wp-json\/wp\/v2\/product_brand?post=12152"},{"taxonomy":"product_cat","embeddable":true,"href":"https:\/\/ciecompraenlinea.com\/en\/wp-json\/wp\/v2\/product_cat?post=12152"},{"taxonomy":"product_tag","embeddable":true,"href":"https:\/\/ciecompraenlinea.com\/en\/wp-json\/wp\/v2\/product_tag?post=12152"}],"curies":[{"name":"wp","href":"https:\/\/api.w.org\/{rel}","templated":true}]}}