{"id":12154,"date":"2026-05-04T16:23:37","date_gmt":"2026-05-04T21:23:37","guid":{"rendered":"https:\/\/ciecompraenlinea.com\/?post_type=product&#038;p=12154"},"modified":"2026-05-05T09:36:21","modified_gmt":"2026-05-05T14:36:21","slug":"pulidora-angular-5-agb-xtreme-125-l20-18v","status":"publish","type":"product","link":"https:\/\/ciecompraenlinea.com\/en\/product\/pulidora-angular-5-agb-xtreme-125-l20-18v\/","title":{"rendered":"PULIDORA ANGULAR 5&#8243; BRUSHLESS AGB XTREME 125 L20 18V"},"content":{"rendered":"<p data-start=\"184\" data-end=\"701\">La amoladora angular inal\u00e1mbrica 18V brushless AGB XTREME PS L20 STAYER es una herramienta profesional dise\u00f1ada para trabajos exigentes de corte y desbaste donde se requiere potencia, control y seguridad. Esta pulidora inal\u00e1mbrica y las pulidoras inal\u00e1mbricas de alto rendimiento, as\u00ed como esta amoladora a bater\u00eda y las amoladoras a bater\u00eda, ofrecen un desempe\u00f1o superior gracias a su motor sin escobillas, permitiendo mayor eficiencia, menor calentamiento y mayor vida \u00fatil en aplicaciones industriales y de mantenimiento.<\/p>\n<p data-start=\"703\" data-end=\"1253\">Equipada con variador digital de velocidad, esta pulidora a bater\u00eda permite ajustar las revoluciones entre 2.500 y 10.000 rpm, adapt\u00e1ndose a diferentes materiales y tipos de trabajo. Su sistema de seguridad tipo paddle switch con freno electr\u00f3nico detiene el disco en pocos segundos al soltar el interruptor, brindando mayor protecci\u00f3n al operario. Adem\u00e1s, su dise\u00f1o compacto y ergon\u00f3mico facilita el manejo con una sola mano, destac\u00e1ndose dentro de las amoladoras angulares y pulidoras profesionales por su comodidad y control en espacios reducidos.<\/p>\n<p data-start=\"1255\" data-end=\"1731\">Esta amoladora inal\u00e1mbrica profesional incorpora empu\u00f1adura auxiliar de 2 posiciones con sistema antivibraci\u00f3n, \u00f3ptima refrigeraci\u00f3n con protecci\u00f3n contra ingreso de polvo y arranque suave que mejora el control durante el encendido. Compatible con discos de 115 mm y 125 mm, eje M14 y bater\u00edas Li-Ion de alta capacidad, esta pulidora angular a bater\u00eda se posiciona como una soluci\u00f3n robusta y confiable para trabajos continuos en metal, estructuras y mantenimiento industrial.<\/p>\n<p data-start=\"1255\" data-end=\"1731\">Tiene 2 bater\u00edas de 5 Amp<\/p>\n<p><span style=\"color: #ffffff;\">SE CONOCE COMO:<\/span><br \/>\n<span style=\"color: #ffffff;\">PULIDORAS ANGULARES DE BATERIA<\/span><\/p>\n<p data-start=\"1255\" data-end=\"1731\"><span style=\"color: #ffffff;\">PULIDORAS ANGULARES A BATERIA<\/span><\/p>\n<p data-start=\"1255\" data-end=\"1731\"><span style=\"color: #ffffff;\">PULIDORA ANGULAR A BATERIA<\/span><\/p>\n<p data-start=\"1255\" data-end=\"1731\"><span style=\"color: #ffffff;\">PULIDORA ANGULAR DE BATERIA<\/span><\/p>\n<p data-start=\"1255\" data-end=\"1731\"><span style=\"color: #ffffff;\">PULIDORA DE BATERIA<\/span><\/p>\n<p data-start=\"1255\" data-end=\"1731\"><span style=\"color: #ffffff;\">PULIDORA A BATERIA<\/span><\/p>\n<p data-start=\"1255\" data-end=\"1731\"><span style=\"color: #ffffff;\">AMOLADORA A BATERIA<\/span><\/p>\n<p data-start=\"1255\" data-end=\"1731\"><span style=\"color: #ffffff;\">AMOLADORA DE BATERIA<\/span><\/p>\n<p data-start=\"1255\" data-end=\"1731\">","protected":false},"excerpt":{"rendered":"<p>La amoladora angular inal\u00e1mbrica 18V brushless AGB XTREME PS L20 STAYER es una herramienta profesional dise\u00f1ada para trabajos exigentes de corte y desbaste donde se requiere potencia, control y seguridad. [&hellip;]<\/p>","protected":false},"featured_media":12155,"comment_status":"open","ping_status":"closed","template":"","meta":{"_acf_changed":false},"product_brand":[276],"product_cat":[121,177,273],"product_tag":[],"class_list":{"0":"post-12154","1":"product","2":"type-product","3":"status-publish","4":"has-post-thumbnail","6":"product_brand-stayer","7":"product_cat-herramientas","8":"product_cat-inalambrico","9":"product_cat-pulidora-inalambrica","11":"first","12":"instock","13":"taxable","14":"shipping-taxable","15":"purchasable","16":"product-type-simple"},"acf":[],"_links":{"self":[{"href":"https:\/\/ciecompraenlinea.com\/en\/wp-json\/wp\/v2\/product\/12154","targetHints":{"allow":["GET"]}}],"collection":[{"href":"https:\/\/ciecompraenlinea.com\/en\/wp-json\/wp\/v2\/product"}],"about":[{"href":"https:\/\/ciecompraenlinea.com\/en\/wp-json\/wp\/v2\/types\/product"}],"replies":[{"embeddable":true,"href":"https:\/\/ciecompraenlinea.com\/en\/wp-json\/wp\/v2\/comments?post=12154"}],"wp:featuredmedia":[{"embeddable":true,"href":"https:\/\/ciecompraenlinea.com\/en\/wp-json\/wp\/v2\/media\/12155"}],"wp:attachment":[{"href":"https:\/\/ciecompraenlinea.com\/en\/wp-json\/wp\/v2\/media?parent=12154"}],"wp:term":[{"taxonomy":"product_brand","embeddable":true,"href":"https:\/\/ciecompraenlinea.com\/en\/wp-json\/wp\/v2\/product_brand?post=12154"},{"taxonomy":"product_cat","embeddable":true,"href":"https:\/\/ciecompraenlinea.com\/en\/wp-json\/wp\/v2\/product_cat?post=12154"},{"taxonomy":"product_tag","embeddable":true,"href":"https:\/\/ciecompraenlinea.com\/en\/wp-json\/wp\/v2\/product_tag?post=12154"}],"curies":[{"name":"wp","href":"https:\/\/api.w.org\/{rel}","templated":true}]}}