{"id":12156,"date":"2026-05-04T16:29:44","date_gmt":"2026-05-04T21:29:44","guid":{"rendered":"https:\/\/ciecompraenlinea.com\/?post_type=product&#038;p=12156"},"modified":"2026-05-05T09:25:11","modified_gmt":"2026-05-05T14:25:11","slug":"taladro-percutor-electrico-1-2-950w","status":"publish","type":"product","link":"https:\/\/ciecompraenlinea.com\/en\/product\/taladro-percutor-electrico-1-2-950w\/","title":{"rendered":"TALADRO PERCUTOR EL\u00c9CTRICO 1\/2&#8243; 950W"},"content":{"rendered":"<p data-start=\"185\" data-end=\"662\">El taladro percutor el\u00e9ctrico TM 950W es una herramienta robusta y confiable dise\u00f1ada para trabajos de perforaci\u00f3n exigentes en materiales como madera, acero y mamposter\u00eda. Este taladro el\u00e9ctrico y los taladros el\u00e9ctricos de uso profesional, as\u00ed como este taladro percutor y los taladros percutores, ofrecen un excelente rendimiento gracias a su potente motor de 950W, permitiendo trabajar con brocas de hasta 13 mm en aplicaciones de mantenimiento, instalaci\u00f3n y construcci\u00f3n.<\/p>\n<p data-start=\"664\" data-end=\"1156\">Este taladro con cable integra 2 modos de trabajo (rotaci\u00f3n y percusi\u00f3n), adapt\u00e1ndose tanto a perforaciones en materiales blandos como a trabajos en superficies m\u00e1s duras. Su sistema de 2 velocidades mec\u00e1nicas permite ajustar el torque y la velocidad seg\u00fan la aplicaci\u00f3n, posicion\u00e1ndolo como una opci\u00f3n vers\u00e1til dentro de los taladros el\u00e9ctricos profesionales. Adem\u00e1s, el regulador electr\u00f3nico de velocidad y el sistema reversible brindan mayor control en tareas de perforaci\u00f3n y atornillado.<\/p>\n<p data-start=\"1158\" data-end=\"1635\">El equipo incorpora portabrocas autom\u00e1tico de 1.5 a 13 mm, bot\u00f3n de enclavamiento para trabajos continuos y empu\u00f1adura ergon\u00f3mica que mejora la comodidad del operario. Incluye empu\u00f1adura auxiliar con regulador de profundidad para mayor precisi\u00f3n y estabilidad en cada perforaci\u00f3n. Este taladro percutor profesional se destaca dentro de los taladros con cable por su durabilidad, facilidad de uso y capacidad para enfrentar trabajos continuos en entornos industriales y de obra.<\/p>\n<p data-start=\"1158\" data-end=\"1635\"><span style=\"color: #ffffff;\">SE CONOCE COMO:<\/span><br \/>\n<span style=\"color: #ffffff;\">TALADRO EL\u00c9CTRICO<\/span><\/p>\n<p data-start=\"1158\" data-end=\"1635\"><span style=\"color: #ffffff;\">TALADROS EL\u00c9CTRICOS<\/span><\/p>\n<p data-start=\"1158\" data-end=\"1635\"><span style=\"color: #ffffff;\">TALADRO PERCUTORES EL\u00c9CTRICOS<\/span><\/p>","protected":false},"excerpt":{"rendered":"<p>El taladro percutor el\u00e9ctrico TM 950W es una herramienta robusta y confiable dise\u00f1ada para trabajos de perforaci\u00f3n exigentes en materiales como madera, acero y mamposter\u00eda. Este taladro el\u00e9ctrico y los [&hellip;]<\/p>","protected":false},"featured_media":12159,"comment_status":"open","ping_status":"closed","template":"","meta":{"_acf_changed":false},"product_brand":[276],"product_cat":[121,338,122,340,126],"product_tag":[],"class_list":{"0":"post-12156","1":"product","2":"type-product","3":"status-publish","4":"has-post-thumbnail","6":"product_brand-stayer","7":"product_cat-herramientas","8":"product_cat-electricas-herramientas","9":"product_cat-electricas","10":"product_cat-taladro-atornillador-electricas-herramientas","11":"product_cat-taladro-atornillador","13":"first","14":"instock","15":"taxable","16":"shipping-taxable","17":"purchasable","18":"product-type-simple"},"acf":[],"_links":{"self":[{"href":"https:\/\/ciecompraenlinea.com\/en\/wp-json\/wp\/v2\/product\/12156","targetHints":{"allow":["GET"]}}],"collection":[{"href":"https:\/\/ciecompraenlinea.com\/en\/wp-json\/wp\/v2\/product"}],"about":[{"href":"https:\/\/ciecompraenlinea.com\/en\/wp-json\/wp\/v2\/types\/product"}],"replies":[{"embeddable":true,"href":"https:\/\/ciecompraenlinea.com\/en\/wp-json\/wp\/v2\/comments?post=12156"}],"wp:featuredmedia":[{"embeddable":true,"href":"https:\/\/ciecompraenlinea.com\/en\/wp-json\/wp\/v2\/media\/12159"}],"wp:attachment":[{"href":"https:\/\/ciecompraenlinea.com\/en\/wp-json\/wp\/v2\/media?parent=12156"}],"wp:term":[{"taxonomy":"product_brand","embeddable":true,"href":"https:\/\/ciecompraenlinea.com\/en\/wp-json\/wp\/v2\/product_brand?post=12156"},{"taxonomy":"product_cat","embeddable":true,"href":"https:\/\/ciecompraenlinea.com\/en\/wp-json\/wp\/v2\/product_cat?post=12156"},{"taxonomy":"product_tag","embeddable":true,"href":"https:\/\/ciecompraenlinea.com\/en\/wp-json\/wp\/v2\/product_tag?post=12156"}],"curies":[{"name":"wp","href":"https:\/\/api.w.org\/{rel}","templated":true}]}}