{"id":12202,"date":"2026-05-07T14:45:07","date_gmt":"2026-05-07T19:45:07","guid":{"rendered":"https:\/\/ciecompraenlinea.com\/?post_type=product&#038;p=12202"},"modified":"2026-05-07T14:45:08","modified_gmt":"2026-05-07T19:45:08","slug":"disco-de-corte-7-stayer","status":"publish","type":"product","link":"https:\/\/ciecompraenlinea.com\/en\/product\/disco-de-corte-7-stayer\/","title":{"rendered":"DISCO DE CORTE 7&#8243; STAYER"},"content":{"rendered":"<p data-start=\"304\" data-end=\"674\">El disco de corte para acero inoxidable STAYER 180 x 1.6 x 22.23 mm est\u00e1 dise\u00f1ado para ofrecer cortes r\u00e1pidos, precisos y seguros en aplicaciones industriales y trabajos exigentes. Este disco de corte y los discos de corte de su categor\u00eda, as\u00ed como este disco para pulidora y los discos para pulidoras, garantizan alto rendimiento en acero inoxidable y metales ferrosos.<\/p>\n<p data-start=\"676\" data-end=\"989\">Su dise\u00f1o extrafino permite cortes m\u00e1s limpios con menor generaci\u00f3n de rebaba, optimizando el tiempo de trabajo y mejorando el acabado final. Fabricado bajo est\u00e1ndares internacionales, este disco abrasivo cuenta con certificaci\u00f3n MPA Hannover, lo que asegura calidad, seguridad y desempe\u00f1o comprobado en uso real.<\/p>\n<p data-start=\"991\" data-end=\"1116\">Ideal para trabajos continuos, este disco para corte de metal ofrece estabilidad, durabilidad y precisi\u00f3n en cada aplicaci\u00f3n.<\/p>","protected":false},"excerpt":{"rendered":"<p>El disco de corte para acero inoxidable STAYER 180 x 1.6 x 22.23 mm est\u00e1 dise\u00f1ado para ofrecer cortes r\u00e1pidos, precisos y seguros en aplicaciones industriales y trabajos exigentes. Este [&hellip;]<\/p>","protected":false},"featured_media":12195,"comment_status":"open","ping_status":"closed","template":"","meta":{"_acf_changed":false},"product_brand":[276],"product_cat":[128,129],"product_tag":[],"class_list":{"0":"post-12202","1":"product","2":"type-product","3":"status-publish","4":"has-post-thumbnail","6":"product_brand-stayer","7":"product_cat-consumibles","8":"product_cat-abrasivos","10":"first","11":"instock","12":"taxable","13":"shipping-taxable","14":"purchasable","15":"product-type-simple"},"acf":[],"_links":{"self":[{"href":"https:\/\/ciecompraenlinea.com\/en\/wp-json\/wp\/v2\/product\/12202","targetHints":{"allow":["GET"]}}],"collection":[{"href":"https:\/\/ciecompraenlinea.com\/en\/wp-json\/wp\/v2\/product"}],"about":[{"href":"https:\/\/ciecompraenlinea.com\/en\/wp-json\/wp\/v2\/types\/product"}],"replies":[{"embeddable":true,"href":"https:\/\/ciecompraenlinea.com\/en\/wp-json\/wp\/v2\/comments?post=12202"}],"wp:featuredmedia":[{"embeddable":true,"href":"https:\/\/ciecompraenlinea.com\/en\/wp-json\/wp\/v2\/media\/12195"}],"wp:attachment":[{"href":"https:\/\/ciecompraenlinea.com\/en\/wp-json\/wp\/v2\/media?parent=12202"}],"wp:term":[{"taxonomy":"product_brand","embeddable":true,"href":"https:\/\/ciecompraenlinea.com\/en\/wp-json\/wp\/v2\/product_brand?post=12202"},{"taxonomy":"product_cat","embeddable":true,"href":"https:\/\/ciecompraenlinea.com\/en\/wp-json\/wp\/v2\/product_cat?post=12202"},{"taxonomy":"product_tag","embeddable":true,"href":"https:\/\/ciecompraenlinea.com\/en\/wp-json\/wp\/v2\/product_tag?post=12202"}],"curies":[{"name":"wp","href":"https:\/\/api.w.org\/{rel}","templated":true}]}}