{"id":12208,"date":"2026-05-07T15:54:46","date_gmt":"2026-05-07T20:54:46","guid":{"rendered":"https:\/\/ciecompraenlinea.com\/?post_type=product&#038;p=12208"},"modified":"2026-05-07T16:39:05","modified_gmt":"2026-05-07T21:39:05","slug":"careta-as-infinity-v-true-color-multiproceso-stayer","status":"publish","type":"product","link":"https:\/\/ciecompraenlinea.com\/en\/product\/careta-as-infinity-v-true-color-multiproceso-stayer\/","title":{"rendered":"CARETA AS INFINITY V TRUE COLOR MULTIPROCESO STAYER"},"content":{"rendered":"<p data-start=\"243\" data-end=\"668\">La m\u00e1scara de soldadura autom\u00e1tica AS INFINITY V de STAYER est\u00e1 dise\u00f1ada para ofrecer m\u00e1xima protecci\u00f3n, visibilidad y confort en trabajos de soldadura profesional. Esta m\u00e1scara de soldar y las m\u00e1scaras de soldadura autom\u00e1ticas de su categor\u00eda, as\u00ed como esta careta de soldadura y las caretas de soldar, incorporan tecnolog\u00eda de oscurecimiento autom\u00e1tico que garantiza seguridad inmediata frente a chispas y arcos el\u00e9ctricos.<\/p>\n<p data-start=\"670\" data-end=\"988\">Gracias a su amplio campo de visi\u00f3n de 116 x 81 mm y tecnolog\u00eda True Color, permite una visualizaci\u00f3n m\u00e1s clara y natural del \u00e1rea de trabajo, mejorando la precisi\u00f3n en cada aplicaci\u00f3n. Su sistema de sensores de alta respuesta y ajuste de sensibilidad la hacen ideal para diferentes procesos de soldadura y materiales.<\/p>\n<p data-start=\"990\" data-end=\"1177\">Adem\u00e1s, su dise\u00f1o ergon\u00f3mico, arn\u00e9s mejorado y luz LED frontal brindan mayor comodidad en jornadas prolongadas, convirti\u00e9ndola en una soluci\u00f3n confiable para uso industrial y profesional.<\/p>","protected":false},"excerpt":{"rendered":"<p>La m\u00e1scara de soldadura autom\u00e1tica AS INFINITY V de STAYER est\u00e1 dise\u00f1ada para ofrecer m\u00e1xima protecci\u00f3n, visibilidad y confort en trabajos de soldadura profesional. Esta m\u00e1scara de soldar y las [&hellip;]<\/p>","protected":false},"featured_media":12210,"comment_status":"open","ping_status":"closed","template":"","meta":{"_acf_changed":false},"product_brand":[276],"product_cat":[131,174],"product_tag":[],"class_list":{"0":"post-12208","1":"product","2":"type-product","3":"status-publish","4":"has-post-thumbnail","6":"product_brand-stayer","7":"product_cat-accesorios","8":"product_cat-caretas-para-soldadores","10":"first","11":"instock","12":"taxable","13":"shipping-taxable","14":"purchasable","15":"product-type-simple"},"acf":[],"_links":{"self":[{"href":"https:\/\/ciecompraenlinea.com\/en\/wp-json\/wp\/v2\/product\/12208","targetHints":{"allow":["GET"]}}],"collection":[{"href":"https:\/\/ciecompraenlinea.com\/en\/wp-json\/wp\/v2\/product"}],"about":[{"href":"https:\/\/ciecompraenlinea.com\/en\/wp-json\/wp\/v2\/types\/product"}],"replies":[{"embeddable":true,"href":"https:\/\/ciecompraenlinea.com\/en\/wp-json\/wp\/v2\/comments?post=12208"}],"wp:featuredmedia":[{"embeddable":true,"href":"https:\/\/ciecompraenlinea.com\/en\/wp-json\/wp\/v2\/media\/12210"}],"wp:attachment":[{"href":"https:\/\/ciecompraenlinea.com\/en\/wp-json\/wp\/v2\/media?parent=12208"}],"wp:term":[{"taxonomy":"product_brand","embeddable":true,"href":"https:\/\/ciecompraenlinea.com\/en\/wp-json\/wp\/v2\/product_brand?post=12208"},{"taxonomy":"product_cat","embeddable":true,"href":"https:\/\/ciecompraenlinea.com\/en\/wp-json\/wp\/v2\/product_cat?post=12208"},{"taxonomy":"product_tag","embeddable":true,"href":"https:\/\/ciecompraenlinea.com\/en\/wp-json\/wp\/v2\/product_tag?post=12208"}],"curies":[{"name":"wp","href":"https:\/\/api.w.org\/{rel}","templated":true}]}}