{"id":12249,"date":"2026-05-08T14:26:29","date_gmt":"2026-05-08T19:26:29","guid":{"rendered":"https:\/\/ciecompraenlinea.com\/?post_type=product&#038;p=12249"},"modified":"2026-05-08T14:26:29","modified_gmt":"2026-05-08T19:26:29","slug":"kit-taladro-atornillador-3-8-stayer","status":"publish","type":"product","link":"https:\/\/ciecompraenlinea.com\/en\/product\/kit-taladro-atornillador-3-8-stayer\/","title":{"rendered":"KIT TALADRO ATORNILLADOR 3\/8&#8243; STAYER"},"content":{"rendered":"<p data-start=\"225\" data-end=\"567\">El taladro atornillador percutor a bater\u00eda PBL 122 DK de 12V es una herramienta compacta, vers\u00e1til y potente dise\u00f1ada para trabajos de instalaci\u00f3n, mantenimiento y montaje. Este taladro percutor y atornillador inal\u00e1mbrico combina funciones de perforaci\u00f3n y atornillado en un solo equipo, ideal para usuarios que buscan eficiencia y movilidad.<\/p>\n<p data-start=\"569\" data-end=\"868\">Gracias a su sistema de 2 velocidades mec\u00e1nicas, control electr\u00f3nico de velocidad y 32 ajustes de par de apriete, permite trabajar con precisi\u00f3n en diferentes materiales. Es perfecto como taladro a bater\u00eda, atornillador inal\u00e1mbrico o taladro percutor port\u00e1til para trabajos livianos y profesionales.<\/p>","protected":false},"excerpt":{"rendered":"<p>El taladro atornillador percutor a bater\u00eda PBL 122 DK de 12V es una herramienta compacta, vers\u00e1til y potente dise\u00f1ada para trabajos de instalaci\u00f3n, mantenimiento y montaje. Este taladro percutor y [&hellip;]<\/p>","protected":false},"featured_media":12252,"comment_status":"open","ping_status":"closed","template":"","meta":{"_acf_changed":false},"product_brand":[276],"product_cat":[121,178,177],"product_tag":[],"class_list":{"0":"post-12249","1":"product","2":"type-product","3":"status-publish","4":"has-post-thumbnail","6":"product_brand-stayer","7":"product_cat-herramientas","8":"product_cat-atornilladores-taladros-inalambrico","9":"product_cat-inalambrico","11":"first","12":"instock","13":"taxable","14":"shipping-taxable","15":"purchasable","16":"product-type-simple"},"acf":[],"_links":{"self":[{"href":"https:\/\/ciecompraenlinea.com\/en\/wp-json\/wp\/v2\/product\/12249","targetHints":{"allow":["GET"]}}],"collection":[{"href":"https:\/\/ciecompraenlinea.com\/en\/wp-json\/wp\/v2\/product"}],"about":[{"href":"https:\/\/ciecompraenlinea.com\/en\/wp-json\/wp\/v2\/types\/product"}],"replies":[{"embeddable":true,"href":"https:\/\/ciecompraenlinea.com\/en\/wp-json\/wp\/v2\/comments?post=12249"}],"wp:featuredmedia":[{"embeddable":true,"href":"https:\/\/ciecompraenlinea.com\/en\/wp-json\/wp\/v2\/media\/12252"}],"wp:attachment":[{"href":"https:\/\/ciecompraenlinea.com\/en\/wp-json\/wp\/v2\/media?parent=12249"}],"wp:term":[{"taxonomy":"product_brand","embeddable":true,"href":"https:\/\/ciecompraenlinea.com\/en\/wp-json\/wp\/v2\/product_brand?post=12249"},{"taxonomy":"product_cat","embeddable":true,"href":"https:\/\/ciecompraenlinea.com\/en\/wp-json\/wp\/v2\/product_cat?post=12249"},{"taxonomy":"product_tag","embeddable":true,"href":"https:\/\/ciecompraenlinea.com\/en\/wp-json\/wp\/v2\/product_tag?post=12249"}],"curies":[{"name":"wp","href":"https:\/\/api.w.org\/{rel}","templated":true}]}}