{"id":6450,"date":"2025-07-24T22:24:18","date_gmt":"2025-07-24T22:24:18","guid":{"rendered":"https:\/\/aquamarine-salamander-419260.hostingersite.com\/?post_type=product&#038;p=6450"},"modified":"2026-02-03T09:02:58","modified_gmt":"2026-02-03T14:02:58","slug":"reflector-nova-10k","status":"publish","type":"product","link":"https:\/\/ciecompraenlinea.com\/en\/product\/reflector-nova-10k\/","title":{"rendered":"Reflector Nova 10K"},"content":{"rendered":"<p data-start=\"329\" data-end=\"680\">El <strong data-start=\"332\" data-end=\"356\">NOVA 10K de SCANGRIP<\/strong> es un <strong data-start=\"363\" data-end=\"400\">reflector LED de alto rendimiento<\/strong> dise\u00f1ado para uso profesional en los entornos m\u00e1s exigentes. Con <strong data-start=\"466\" data-end=\"527\">tecnolog\u00eda LED COB de \u00faltima generaci\u00f3n y 84W de potencia<\/strong>, ofrece una iluminaci\u00f3n <strong data-start=\"552\" data-end=\"587\">uniforme, potente y sin sombras<\/strong>, ideal para talleres, obras y trabajos industriales tanto en <strong data-start=\"649\" data-end=\"679\">interiores como exteriores<\/strong>.<\/p>\n<p data-start=\"682\" data-end=\"1011\">Gracias a su dise\u00f1o robusto y compacto en <strong data-start=\"724\" data-end=\"754\">aluminio fundido a presi\u00f3n<\/strong>, este <strong data-start=\"761\" data-end=\"789\">reflector LED industrial<\/strong> es resistente a impactos, ca\u00eddas y condiciones extremas. Adem\u00e1s, est\u00e1 protegido con <strong data-start=\"874\" data-end=\"906\">un marco de goma anti-golpes<\/strong> y cuenta con <strong data-start=\"920\" data-end=\"942\">certificaci\u00f3n IP67<\/strong>, lo que lo hace totalmente <strong data-start=\"970\" data-end=\"1010\">resistente al agua, polvo y suciedad<\/strong>.<\/p>\n<p data-start=\"1013\" data-end=\"1196\">Incluye un <strong data-start=\"1024\" data-end=\"1045\">soporte ajustable<\/strong> para orientar la luz en m\u00faltiples \u00e1ngulos o colgarla f\u00e1cilmente. Su <strong data-start=\"1114\" data-end=\"1132\">asa ergon\u00f3mica<\/strong> tambi\u00e9n permite enrollar el cable de forma pr\u00e1ctica y ordenada.<\/p>\n<div style=\"display:flex; gap:10px;justify-content:center\" class=\"wps-pgfw-pdf-generate-icon__wrapper-frontend\">\n\t\t<a  href=\"https:\/\/ciecompraenlinea.com\/en\/wp-json\/wp\/v2\/product\/6450?action=genpdf&amp;id=6450\" class=\"pgfw-single-pdf-download-button\" ><img src=\"https:\/\/ciecompraenlinea.com\/wp-content\/uploads\/2025\/08\/Untitled-image-5.png\" title=\"Generate PDF\" style=\"width:auto; height:50px;\"><\/a>\n\t\t<\/div>","protected":false},"excerpt":{"rendered":"<p><span dir=\"auto\" style=\"vertical-align: inherit;\"><span dir=\"auto\" style=\"vertical-align: inherit;\">Reflector Nova 10K 35444, marca SCANGRIP<\/span><\/span><\/p>","protected":false},"featured_media":6485,"comment_status":"closed","ping_status":"closed","template":"","meta":{"_acf_changed":false},"product_brand":[278],"product_cat":[122,121,127],"product_tag":[],"class_list":{"0":"post-6450","1":"product","2":"type-product","3":"status-publish","4":"has-post-thumbnail","6":"product_brand-scangrip","7":"product_cat-electricas","8":"product_cat-herramientas","9":"product_cat-reflectores","11":"first","12":"instock","13":"featured","14":"taxable","15":"shipping-taxable","16":"purchasable","17":"product-type-simple"},"acf":[],"_links":{"self":[{"href":"https:\/\/ciecompraenlinea.com\/en\/wp-json\/wp\/v2\/product\/6450","targetHints":{"allow":["GET"]}}],"collection":[{"href":"https:\/\/ciecompraenlinea.com\/en\/wp-json\/wp\/v2\/product"}],"about":[{"href":"https:\/\/ciecompraenlinea.com\/en\/wp-json\/wp\/v2\/types\/product"}],"replies":[{"embeddable":true,"href":"https:\/\/ciecompraenlinea.com\/en\/wp-json\/wp\/v2\/comments?post=6450"}],"wp:featuredmedia":[{"embeddable":true,"href":"https:\/\/ciecompraenlinea.com\/en\/wp-json\/wp\/v2\/media\/6485"}],"wp:attachment":[{"href":"https:\/\/ciecompraenlinea.com\/en\/wp-json\/wp\/v2\/media?parent=6450"}],"wp:term":[{"taxonomy":"product_brand","embeddable":true,"href":"https:\/\/ciecompraenlinea.com\/en\/wp-json\/wp\/v2\/product_brand?post=6450"},{"taxonomy":"product_cat","embeddable":true,"href":"https:\/\/ciecompraenlinea.com\/en\/wp-json\/wp\/v2\/product_cat?post=6450"},{"taxonomy":"product_tag","embeddable":true,"href":"https:\/\/ciecompraenlinea.com\/en\/wp-json\/wp\/v2\/product_tag?post=6450"}],"curies":[{"name":"wp","href":"https:\/\/api.w.org\/{rel}","templated":true}]}}