{"id":6452,"date":"2025-07-24T22:24:18","date_gmt":"2025-07-24T22:24:18","guid":{"rendered":"https:\/\/aquamarine-salamander-419260.hostingersite.com\/?post_type=product&#038;p=6452"},"modified":"2026-02-03T08:32:23","modified_gmt":"2026-02-03T13:32:23","slug":"unidad-de-mantenimiento-de-aire-frl-de-3-8-automatica","status":"publish","type":"product","link":"https:\/\/ciecompraenlinea.com\/en\/product\/unidad-de-mantenimiento-de-aire-frl-de-3-8-automatica\/","title":{"rendered":"Unidad de mantenimiento de aire, FRL de 3\/8\u201d Autom\u00e1tica"},"content":{"rendered":"<p><strong>Unidad de mantenimiento de aire, FRL de 3\/8\u201d Autom\u00e1tica<\/strong><\/p>\n<p>La serie AC unidad de filtrado, regulaci\u00f3n y lubricaci\u00f3n de aire de SMC, ofrece un rendimiento \u00f3ptimo de funcionamiento, ahorrando energ\u00eda y con mayores caudales a las de unidades similares de otras marcas.<\/p>\n<ul>\n<li>Dise\u00f1o modular de apariencia limpia<\/li>\n<li>Ahorro de energ\u00eda con alto caudal<\/li>\n<li>Drenaje de condensaci\u00f3n autom\u00e1tico<\/li>\n<li>El espaciador compacto con soporte reduce el espacio total de montaje<\/li>\n<li>Man\u00f3metro incorporado con indicadores de presi\u00f3n optima<\/li>\n<li>Material de los vasos en pl\u00e1stico policarbonato<\/li>\n<li>Perilla reguladora de lubricaci\u00f3n con indicador de goteo<\/li>\n<li>Temperatura de trabajo entre\u20135\u00b0C y 60\u00b0C<\/li>\n<li>Presi\u00f3n m\u00e1xima de prueba 1,5MPa 7 218Psi<\/li>\n<\/ul>\n<p>&nbsp;<\/p>","protected":false},"excerpt":{"rendered":"<p>Unidad de mantenimiento de aire, FRL de 3\/8\u201d Autom\u00e1tica<\/p>","protected":false},"featured_media":11950,"comment_status":"closed","ping_status":"closed","template":"","meta":{"_acf_changed":false},"product_brand":[],"product_cat":[131,132],"product_tag":[],"class_list":{"0":"post-6452","1":"product","2":"type-product","3":"status-publish","4":"has-post-thumbnail","6":"product_cat-accesorios","7":"product_cat-unidades-frl","9":"first","10":"instock","11":"featured","12":"taxable","13":"shipping-taxable","14":"purchasable","15":"product-type-simple"},"acf":[],"_links":{"self":[{"href":"https:\/\/ciecompraenlinea.com\/en\/wp-json\/wp\/v2\/product\/6452","targetHints":{"allow":["GET"]}}],"collection":[{"href":"https:\/\/ciecompraenlinea.com\/en\/wp-json\/wp\/v2\/product"}],"about":[{"href":"https:\/\/ciecompraenlinea.com\/en\/wp-json\/wp\/v2\/types\/product"}],"replies":[{"embeddable":true,"href":"https:\/\/ciecompraenlinea.com\/en\/wp-json\/wp\/v2\/comments?post=6452"}],"wp:featuredmedia":[{"embeddable":true,"href":"https:\/\/ciecompraenlinea.com\/en\/wp-json\/wp\/v2\/media\/11950"}],"wp:attachment":[{"href":"https:\/\/ciecompraenlinea.com\/en\/wp-json\/wp\/v2\/media?parent=6452"}],"wp:term":[{"taxonomy":"product_brand","embeddable":true,"href":"https:\/\/ciecompraenlinea.com\/en\/wp-json\/wp\/v2\/product_brand?post=6452"},{"taxonomy":"product_cat","embeddable":true,"href":"https:\/\/ciecompraenlinea.com\/en\/wp-json\/wp\/v2\/product_cat?post=6452"},{"taxonomy":"product_tag","embeddable":true,"href":"https:\/\/ciecompraenlinea.com\/en\/wp-json\/wp\/v2\/product_tag?post=6452"}],"curies":[{"name":"wp","href":"https:\/\/api.w.org\/{rel}","templated":true}]}}