{"id":6457,"date":"2025-07-24T22:24:18","date_gmt":"2025-07-24T22:24:18","guid":{"rendered":"https:\/\/aquamarine-salamander-419260.hostingersite.com\/?post_type=product&#038;p=6457"},"modified":"2026-02-03T08:22:31","modified_gmt":"2026-02-03T13:22:31","slug":"pad-de-lijadora-de-5-5-agujeros","status":"publish","type":"product","link":"https:\/\/ciecompraenlinea.com\/en\/product\/pad-de-lijadora-de-5-5-agujeros\/","title":{"rendered":"Pad de Lijadora de 5&#8243;-5 agujeros"},"content":{"rendered":"<p data-start=\"163\" data-end=\"531\">El <strong data-start=\"236\" data-end=\"270\">pad de lijadora SUMAKE P-G55VS<\/strong> est\u00e1 dise\u00f1ado para ofrecer un rendimiento \u00f3ptimo en aplicaciones de lijado profesional.<\/p>\n<p data-start=\"163\" data-end=\"531\">Su dise\u00f1o de 5 agujeros permite una eficiente extracci\u00f3n del polvo, asegurando un trabajo limpio y preciso.<\/p>\n<p data-start=\"533\" data-end=\"740\">Este respaldo de alta calidad es ideal para tareas exigentes en carpinter\u00eda, metalmec\u00e1nica y acabados automotrices, garantizando un acople seguro con los discos abrasivos y una superficie uniforme de lijado.<\/p>\n<div style=\"display:flex; gap:10px;justify-content:center\" class=\"wps-pgfw-pdf-generate-icon__wrapper-frontend\">\n\t\t<a  href=\"https:\/\/ciecompraenlinea.com\/en\/wp-json\/wp\/v2\/product\/6457?action=genpdf&amp;id=6457\" class=\"pgfw-single-pdf-download-button\" ><img src=\"https:\/\/ciecompraenlinea.com\/wp-content\/uploads\/2025\/08\/Untitled-image-5.png\" title=\"Generate PDF\" style=\"width:auto; height:50px;\"><\/a>\n\t\t<\/div>","protected":false},"excerpt":{"rendered":"<p>El pad de lijadora SUMAKE P-G55VS est\u00e1 dise\u00f1ado para ofrecer un rendimiento \u00f3ptimo en aplicaciones de lijado profesional. Su dise\u00f1o de 5 agujeros permite una eficiente extracci\u00f3n del polvo, asegurando [&hellip;]<\/p>","protected":false},"featured_media":6500,"comment_status":"closed","ping_status":"closed","template":"","meta":{"_acf_changed":false},"product_brand":[277],"product_cat":[131,138],"product_tag":[],"class_list":{"0":"post-6457","1":"product","2":"type-product","3":"status-publish","4":"has-post-thumbnail","6":"product_brand-sumake","7":"product_cat-accesorios","8":"product_cat-pad-para-lijadoras","10":"first","11":"instock","12":"sale","13":"taxable","14":"shipping-taxable","15":"purchasable","16":"product-type-simple"},"acf":[],"_links":{"self":[{"href":"https:\/\/ciecompraenlinea.com\/en\/wp-json\/wp\/v2\/product\/6457","targetHints":{"allow":["GET"]}}],"collection":[{"href":"https:\/\/ciecompraenlinea.com\/en\/wp-json\/wp\/v2\/product"}],"about":[{"href":"https:\/\/ciecompraenlinea.com\/en\/wp-json\/wp\/v2\/types\/product"}],"replies":[{"embeddable":true,"href":"https:\/\/ciecompraenlinea.com\/en\/wp-json\/wp\/v2\/comments?post=6457"}],"wp:featuredmedia":[{"embeddable":true,"href":"https:\/\/ciecompraenlinea.com\/en\/wp-json\/wp\/v2\/media\/6500"}],"wp:attachment":[{"href":"https:\/\/ciecompraenlinea.com\/en\/wp-json\/wp\/v2\/media?parent=6457"}],"wp:term":[{"taxonomy":"product_brand","embeddable":true,"href":"https:\/\/ciecompraenlinea.com\/en\/wp-json\/wp\/v2\/product_brand?post=6457"},{"taxonomy":"product_cat","embeddable":true,"href":"https:\/\/ciecompraenlinea.com\/en\/wp-json\/wp\/v2\/product_cat?post=6457"},{"taxonomy":"product_tag","embeddable":true,"href":"https:\/\/ciecompraenlinea.com\/en\/wp-json\/wp\/v2\/product_tag?post=6457"}],"curies":[{"name":"wp","href":"https:\/\/api.w.org\/{rel}","templated":true}]}}