{"id":6459,"date":"2025-07-24T22:24:18","date_gmt":"2025-07-24T22:24:18","guid":{"rendered":"https:\/\/aquamarine-salamander-419260.hostingersite.com\/?post_type=product&#038;p=6459"},"modified":"2026-02-03T08:22:04","modified_gmt":"2026-02-03T13:22:04","slug":"fitting-de-1-4-serie-b1-macho-de-1-4-npt","status":"publish","type":"product","link":"https:\/\/ciecompraenlinea.com\/en\/product\/fitting-de-1-4-serie-b1-macho-de-1-4-npt\/","title":{"rendered":"FITTING DE 1\/4&#8243;  SERIE B1 MACHO DE 1\/4  NPT"},"content":{"rendered":"<p>El <strong data-start=\"95\" data-end=\"123\">fitting de 1\/4&#8243; serie B1<\/strong> con rosca <strong data-start=\"134\" data-end=\"147\">NPT macho<\/strong> es un componente esencial para sistemas neum\u00e1ticos industriales. Dise\u00f1ado para ser compatible con los <strong data-start=\"250\" data-end=\"293\">acoplamientos de la serie industrial B1<\/strong>, garantiza una conexi\u00f3n segura, eficiente y duradera en l\u00edneas de aire comprimido. Su fabricaci\u00f3n robusta permite un rendimiento confiable incluso en condiciones exigentes de operaci\u00f3n.<\/p>\n<div style=\"display:flex; gap:10px;justify-content:center\" class=\"wps-pgfw-pdf-generate-icon__wrapper-frontend\">\n\t\t<a  href=\"https:\/\/ciecompraenlinea.com\/en\/wp-json\/wp\/v2\/product\/6459?action=genpdf&amp;id=6459\" class=\"pgfw-single-pdf-download-button\" ><img src=\"https:\/\/ciecompraenlinea.com\/wp-content\/uploads\/2025\/08\/Untitled-image-5.png\" title=\"Generate PDF\" style=\"width:auto; height:50px;\"><\/a>\n\t\t<\/div>","protected":false},"excerpt":{"rendered":"<p>Fiting o espiga de 1\/4 con rosca macho de 1\/4&#8243; PT Serie Industrial para herramienta neum\u00e1tica<\/p>","protected":false},"featured_media":6503,"comment_status":"closed","ping_status":"closed","template":"","meta":{"_acf_changed":false},"product_brand":[280],"product_cat":[131,137],"product_tag":[],"class_list":{"0":"post-6459","1":"product","2":"type-product","3":"status-publish","4":"has-post-thumbnail","6":"product_brand-coil-hose","7":"product_cat-accesorios","8":"product_cat-acoples-y-fitings","10":"first","11":"instock","12":"sale","13":"taxable","14":"shipping-taxable","15":"purchasable","16":"product-type-simple"},"acf":[],"_links":{"self":[{"href":"https:\/\/ciecompraenlinea.com\/en\/wp-json\/wp\/v2\/product\/6459","targetHints":{"allow":["GET"]}}],"collection":[{"href":"https:\/\/ciecompraenlinea.com\/en\/wp-json\/wp\/v2\/product"}],"about":[{"href":"https:\/\/ciecompraenlinea.com\/en\/wp-json\/wp\/v2\/types\/product"}],"replies":[{"embeddable":true,"href":"https:\/\/ciecompraenlinea.com\/en\/wp-json\/wp\/v2\/comments?post=6459"}],"wp:featuredmedia":[{"embeddable":true,"href":"https:\/\/ciecompraenlinea.com\/en\/wp-json\/wp\/v2\/media\/6503"}],"wp:attachment":[{"href":"https:\/\/ciecompraenlinea.com\/en\/wp-json\/wp\/v2\/media?parent=6459"}],"wp:term":[{"taxonomy":"product_brand","embeddable":true,"href":"https:\/\/ciecompraenlinea.com\/en\/wp-json\/wp\/v2\/product_brand?post=6459"},{"taxonomy":"product_cat","embeddable":true,"href":"https:\/\/ciecompraenlinea.com\/en\/wp-json\/wp\/v2\/product_cat?post=6459"},{"taxonomy":"product_tag","embeddable":true,"href":"https:\/\/ciecompraenlinea.com\/en\/wp-json\/wp\/v2\/product_tag?post=6459"}],"curies":[{"name":"wp","href":"https:\/\/api.w.org\/{rel}","templated":true}]}}