{"id":6464,"date":"2025-07-24T22:24:19","date_gmt":"2025-07-24T22:24:19","guid":{"rendered":"https:\/\/aquamarine-salamander-419260.hostingersite.com\/?post_type=product&#038;p=6464"},"modified":"2026-02-03T09:34:35","modified_gmt":"2026-02-03T14:34:35","slug":"acople-articulado-1-4-serie-b1-1-4-espina-de-pescado","status":"publish","type":"product","link":"https:\/\/ciecompraenlinea.com\/en\/product\/acople-articulado-1-4-serie-b1-1-4-espina-de-pescado\/","title":{"rendered":"ACOPLE ARTICULADO 1\/4&#8243; SERIE B1 1\/4&#8243; ESPINA DE PESCADO"},"content":{"rendered":"<p><strong data-start=\"216\" data-end=\"273\">Los acoples articulados 1\/4&#8243; Serie B1 con espina de pescado<\/strong> de la marca TST. Son una soluci\u00f3n robusta y eficiente para aplicaciones neum\u00e1ticas que requieren conexiones r\u00e1pidas y seguras. Este <strong data-start=\"404\" data-end=\"414\">acople<\/strong> garantiza un excelente caudal con m\u00ednima p\u00e9rdida de presi\u00f3n, ofreciendo maniobrabilidad sin esfuerzo gracias a su dise\u00f1o compacto y articulado. Fabricado conforme a normas internacionales ISO 4414 y EN 983, es ideal para entornos industriales exigentes que valoran la seguridad, compatibilidad y facilidad de uso.<\/p>\n<div style=\"display:flex; gap:10px;justify-content:center\" class=\"wps-pgfw-pdf-generate-icon__wrapper-frontend\">\n\t\t<a  href=\"https:\/\/ciecompraenlinea.com\/en\/wp-json\/wp\/v2\/product\/6464?action=genpdf&amp;id=6464\" class=\"pgfw-single-pdf-download-button\" ><img src=\"https:\/\/ciecompraenlinea.com\/wp-content\/uploads\/2025\/08\/Untitled-image-5.png\" title=\"Generate PDF\" style=\"width:auto; height:50px;\"><\/a>\n\t\t<\/div>","protected":false},"excerpt":{"rendered":"<p><strong data-start=\"216\" data-end=\"273\">Los acoples articulados 1\/4\u2033 Serie B1 con espina de pescado<\/strong>\u00a0de la marca TST. Son una soluci\u00f3n robusta y eficiente para aplicaciones neum\u00e1ticas que requieren conexiones r\u00e1pidas y seguras. Este\u00a0<strong data-start=\"404\" data-end=\"414\">acople<\/strong>\u00a0garantiza un excelente caudal con m\u00ednima p\u00e9rdida de presi\u00f3n, ofreciendo maniobrabilidad sin esfuerzo gracias a su dise\u00f1o compacto y articulado. Fabricado conforme a normas internacionales ISO 4414 y EN 983, es ideal para entornos industriales exigentes que valoran la seguridad, compatibilidad y facilidad de uso.<\/p>","protected":false},"featured_media":6517,"comment_status":"closed","ping_status":"closed","template":"","meta":{"_acf_changed":false},"product_brand":[282],"product_cat":[131,137],"product_tag":[],"class_list":{"0":"post-6464","1":"product","2":"type-product","3":"status-publish","4":"has-post-thumbnail","6":"product_brand-tst","7":"product_cat-accesorios","8":"product_cat-acoples-y-fitings","10":"first","11":"instock","12":"sale","13":"featured","14":"taxable","15":"shipping-taxable","16":"purchasable","17":"product-type-simple"},"acf":[],"_links":{"self":[{"href":"https:\/\/ciecompraenlinea.com\/en\/wp-json\/wp\/v2\/product\/6464","targetHints":{"allow":["GET"]}}],"collection":[{"href":"https:\/\/ciecompraenlinea.com\/en\/wp-json\/wp\/v2\/product"}],"about":[{"href":"https:\/\/ciecompraenlinea.com\/en\/wp-json\/wp\/v2\/types\/product"}],"replies":[{"embeddable":true,"href":"https:\/\/ciecompraenlinea.com\/en\/wp-json\/wp\/v2\/comments?post=6464"}],"wp:featuredmedia":[{"embeddable":true,"href":"https:\/\/ciecompraenlinea.com\/en\/wp-json\/wp\/v2\/media\/6517"}],"wp:attachment":[{"href":"https:\/\/ciecompraenlinea.com\/en\/wp-json\/wp\/v2\/media?parent=6464"}],"wp:term":[{"taxonomy":"product_brand","embeddable":true,"href":"https:\/\/ciecompraenlinea.com\/en\/wp-json\/wp\/v2\/product_brand?post=6464"},{"taxonomy":"product_cat","embeddable":true,"href":"https:\/\/ciecompraenlinea.com\/en\/wp-json\/wp\/v2\/product_cat?post=6464"},{"taxonomy":"product_tag","embeddable":true,"href":"https:\/\/ciecompraenlinea.com\/en\/wp-json\/wp\/v2\/product_tag?post=6464"}],"curies":[{"name":"wp","href":"https:\/\/api.w.org\/{rel}","templated":true}]}}