{"id":6467,"date":"2025-07-24T22:24:19","date_gmt":"2025-07-24T22:24:19","guid":{"rendered":"https:\/\/aquamarine-salamander-419260.hostingersite.com\/?post_type=product&#038;p=6467"},"modified":"2026-02-03T09:29:01","modified_gmt":"2026-02-03T14:29:01","slug":"acople-articulado-1-4-serie-b1-rosca-1-4-npt-hembra","status":"publish","type":"product","link":"https:\/\/ciecompraenlinea.com\/en\/product\/acople-articulado-1-4-serie-b1-rosca-1-4-npt-hembra\/","title":{"rendered":"ACOPLE ARTICULADO 1\/4&#8243; SERIE B1 ROSCA 1\/4&#8243; NPT HEMBRA"},"content":{"rendered":"<p>Los <strong data-start=\"169\" data-end=\"192\">acoples articulados<\/strong> de la <strong data-start=\"199\" data-end=\"211\">Serie B1<\/strong> como el modelo con <strong data-start=\"231\" data-end=\"256\">rosca 1\/4&#8243; NPT hembra<\/strong> de la marca <strong data-start=\"269\" data-end=\"276\">TST<\/strong> ofrecen una conexi\u00f3n r\u00e1pida, segura y con m\u00ednima p\u00e9rdida de presi\u00f3n para sistemas neum\u00e1ticos. Su dise\u00f1o articulado facilita el manejo en espacios reducidos, lo que lo hace ideal para operaciones donde la flexibilidad y eficiencia son clave. Cumple con normas internacionales de seguridad y compatibilidad, garantizando alto rendimiento en entornos industriales exigentes.<\/p>\n<div style=\"display:flex; gap:10px;justify-content:center\" class=\"wps-pgfw-pdf-generate-icon__wrapper-frontend\">\n\t\t<a  href=\"https:\/\/ciecompraenlinea.com\/en\/wp-json\/wp\/v2\/product\/6467?action=genpdf&amp;id=6467\" class=\"pgfw-single-pdf-download-button\" ><img src=\"https:\/\/ciecompraenlinea.com\/wp-content\/uploads\/2025\/08\/Untitled-image-5.png\" title=\"Generate PDF\" style=\"width:auto; height:50px;\"><\/a>\n\t\t<\/div>","protected":false},"excerpt":{"rendered":"<p>Los acoples articulados de la Serie B1 como el modelo con rosca 1\/4&#8243; NPT hembra de la marca TST ofrecen una conexi\u00f3n r\u00e1pida, segura y con m\u00ednima p\u00e9rdida de presi\u00f3n [&hellip;]<\/p>","protected":false},"featured_media":6523,"comment_status":"closed","ping_status":"closed","template":"","meta":{"_acf_changed":false},"product_brand":[282],"product_cat":[131,137],"product_tag":[],"class_list":{"0":"post-6467","1":"product","2":"type-product","3":"status-publish","4":"has-post-thumbnail","6":"product_brand-tst","7":"product_cat-accesorios","8":"product_cat-acoples-y-fitings","10":"first","11":"instock","12":"featured","13":"taxable","14":"shipping-taxable","15":"purchasable","16":"product-type-simple"},"acf":[],"_links":{"self":[{"href":"https:\/\/ciecompraenlinea.com\/en\/wp-json\/wp\/v2\/product\/6467","targetHints":{"allow":["GET"]}}],"collection":[{"href":"https:\/\/ciecompraenlinea.com\/en\/wp-json\/wp\/v2\/product"}],"about":[{"href":"https:\/\/ciecompraenlinea.com\/en\/wp-json\/wp\/v2\/types\/product"}],"replies":[{"embeddable":true,"href":"https:\/\/ciecompraenlinea.com\/en\/wp-json\/wp\/v2\/comments?post=6467"}],"wp:featuredmedia":[{"embeddable":true,"href":"https:\/\/ciecompraenlinea.com\/en\/wp-json\/wp\/v2\/media\/6523"}],"wp:attachment":[{"href":"https:\/\/ciecompraenlinea.com\/en\/wp-json\/wp\/v2\/media?parent=6467"}],"wp:term":[{"taxonomy":"product_brand","embeddable":true,"href":"https:\/\/ciecompraenlinea.com\/en\/wp-json\/wp\/v2\/product_brand?post=6467"},{"taxonomy":"product_cat","embeddable":true,"href":"https:\/\/ciecompraenlinea.com\/en\/wp-json\/wp\/v2\/product_cat?post=6467"},{"taxonomy":"product_tag","embeddable":true,"href":"https:\/\/ciecompraenlinea.com\/en\/wp-json\/wp\/v2\/product_tag?post=6467"}],"curies":[{"name":"wp","href":"https:\/\/api.w.org\/{rel}","templated":true}]}}