{"id":6468,"date":"2025-07-24T22:24:19","date_gmt":"2025-07-24T22:24:19","guid":{"rendered":"https:\/\/aquamarine-salamander-419260.hostingersite.com\/?post_type=product&#038;p=6468"},"modified":"2025-09-24T09:31:41","modified_gmt":"2025-09-24T14:31:41","slug":"acople-articulado-3-8-serie-e-rosca-1-2-npt-hembra","status":"publish","type":"product","link":"https:\/\/ciecompraenlinea.com\/en\/product\/acople-articulado-3-8-serie-e-rosca-1-2-npt-hembra\/","title":{"rendered":"ACOPLE ARTICULADO 3\/8&#8243; SERIE \u00abE\u00bb ROSCA 1\/2&#8243; NPT HEMBRA"},"content":{"rendered":"<p>Los <strong data-start=\"195\" data-end=\"218\">acoples articulados<\/strong> de la <strong data-start=\"225\" data-end=\"236\">Serie E<\/strong> de <strong data-start=\"240\" data-end=\"247\">TST<\/strong> est\u00e1n dise\u00f1ados para conexiones neum\u00e1ticas que requieren un flujo de mayor caudal, como el modelo con <strong data-start=\"350\" data-end=\"374\">rosca hembra de 1\/2&#8243;<\/strong> y <strong data-start=\"377\" data-end=\"396\">entrada de 3\/8\u201d<\/strong>. Gracias a su dise\u00f1o compacto, m\u00ednima p\u00e9rdida de presi\u00f3n y cumplimiento con normas internacionales, esta soluci\u00f3n es ideal para sistemas de aire comprimido industriales donde se busca seguridad, facilidad de uso y rendimiento constante en condiciones exigentes.<\/p>\n<div style=\"display:flex; gap:10px;justify-content:center\" class=\"wps-pgfw-pdf-generate-icon__wrapper-frontend\">\n\t\t<a  href=\"https:\/\/ciecompraenlinea.com\/en\/wp-json\/wp\/v2\/product\/6468?action=genpdf&amp;id=6468\" class=\"pgfw-single-pdf-download-button\" ><img src=\"https:\/\/ciecompraenlinea.com\/wp-content\/uploads\/2025\/08\/Untitled-image-5.png\" title=\"Generate PDF\" style=\"width:auto; height:50px;\"><\/a>\n\t\t<\/div>","protected":false},"excerpt":{"rendered":"<p>Los acoples articulados de la Serie E de TST est\u00e1n dise\u00f1ados para conexiones neum\u00e1ticas que requieren un flujo de mayor caudal, como el modelo con rosca hembra de 1\/2&#8243; y [&hellip;]<\/p>","protected":false},"featured_media":6523,"comment_status":"closed","ping_status":"closed","template":"","meta":{"_acf_changed":false},"product_brand":[282],"product_cat":[131,137],"product_tag":[],"class_list":{"0":"post-6468","1":"product","2":"type-product","3":"status-publish","4":"has-post-thumbnail","6":"product_brand-tst","7":"product_cat-accesorios","8":"product_cat-acoples-y-fitings","10":"first","11":"instock","12":"featured","13":"taxable","14":"shipping-taxable","15":"purchasable","16":"product-type-simple"},"acf":[],"_links":{"self":[{"href":"https:\/\/ciecompraenlinea.com\/en\/wp-json\/wp\/v2\/product\/6468","targetHints":{"allow":["GET"]}}],"collection":[{"href":"https:\/\/ciecompraenlinea.com\/en\/wp-json\/wp\/v2\/product"}],"about":[{"href":"https:\/\/ciecompraenlinea.com\/en\/wp-json\/wp\/v2\/types\/product"}],"replies":[{"embeddable":true,"href":"https:\/\/ciecompraenlinea.com\/en\/wp-json\/wp\/v2\/comments?post=6468"}],"wp:featuredmedia":[{"embeddable":true,"href":"https:\/\/ciecompraenlinea.com\/en\/wp-json\/wp\/v2\/media\/6523"}],"wp:attachment":[{"href":"https:\/\/ciecompraenlinea.com\/en\/wp-json\/wp\/v2\/media?parent=6468"}],"wp:term":[{"taxonomy":"product_brand","embeddable":true,"href":"https:\/\/ciecompraenlinea.com\/en\/wp-json\/wp\/v2\/product_brand?post=6468"},{"taxonomy":"product_cat","embeddable":true,"href":"https:\/\/ciecompraenlinea.com\/en\/wp-json\/wp\/v2\/product_cat?post=6468"},{"taxonomy":"product_tag","embeddable":true,"href":"https:\/\/ciecompraenlinea.com\/en\/wp-json\/wp\/v2\/product_tag?post=6468"}],"curies":[{"name":"wp","href":"https:\/\/api.w.org\/{rel}","templated":true}]}}