{"id":6469,"date":"2025-07-24T22:24:19","date_gmt":"2025-07-24T22:24:19","guid":{"rendered":"https:\/\/aquamarine-salamander-419260.hostingersite.com\/?post_type=product&#038;p=6469"},"modified":"2026-02-03T09:24:46","modified_gmt":"2026-02-03T14:24:46","slug":"acople-articulado-3-8-serie-e-rosca-1-4-npt-hembra","status":"publish","type":"product","link":"https:\/\/ciecompraenlinea.com\/en\/product\/acople-articulado-3-8-serie-e-rosca-1-4-npt-hembra\/","title":{"rendered":"ACOPLE ARTICULADO 3\/8&#8243; SERIE \u00abE\u00bb ROSCA 1\/4&#8243; NPT HEMBRA"},"content":{"rendered":"<p>Los <strong data-start=\"177\" data-end=\"200\">acoples articulados<\/strong> TST de la <strong data-start=\"211\" data-end=\"222\">Serie E<\/strong> est\u00e1n dise\u00f1ados para conexiones r\u00e1pidas y seguras en l\u00edneas de aire comprimido. El modelo con <strong data-start=\"317\" data-end=\"342\">rosca 1\/4&#8243; NPT hembra<\/strong> y <strong data-start=\"345\" data-end=\"363\">caudal de 3\/8&#8243;<\/strong> combina eficiencia, seguridad y una estructura compacta ideal para aplicaciones industriales donde se requiere un acople fiable y de f\u00e1cil manejo. Su dise\u00f1o cumple con las normas internacionales de seguridad y permite una instalaci\u00f3n sin esfuerzos, reduciendo al m\u00ednimo la p\u00e9rdida de presi\u00f3n.<\/p>\n<div style=\"display:flex; gap:10px;justify-content:center\" class=\"wps-pgfw-pdf-generate-icon__wrapper-frontend\">\n\t\t<a  href=\"https:\/\/ciecompraenlinea.com\/en\/wp-json\/wp\/v2\/product\/6469?action=genpdf&amp;id=6469\" class=\"pgfw-single-pdf-download-button\" ><img src=\"https:\/\/ciecompraenlinea.com\/wp-content\/uploads\/2025\/08\/Untitled-image-5.png\" title=\"Generate PDF\" style=\"width:auto; height:50px;\"><\/a>\n\t\t<\/div>","protected":false},"excerpt":{"rendered":"<p>Los acoples articulados TST de la Serie E est\u00e1n dise\u00f1ados para conexiones r\u00e1pidas y seguras en l\u00edneas de aire comprimido. El modelo con rosca 1\/4&#8243; NPT hembra y caudal de [&hellip;]<\/p>","protected":false},"featured_media":6523,"comment_status":"closed","ping_status":"closed","template":"","meta":{"_acf_changed":false},"product_brand":[282],"product_cat":[131,137],"product_tag":[],"class_list":{"0":"post-6469","1":"product","2":"type-product","3":"status-publish","4":"has-post-thumbnail","6":"product_brand-tst","7":"product_cat-accesorios","8":"product_cat-acoples-y-fitings","10":"first","11":"instock","12":"taxable","13":"shipping-taxable","14":"purchasable","15":"product-type-simple"},"acf":[],"_links":{"self":[{"href":"https:\/\/ciecompraenlinea.com\/en\/wp-json\/wp\/v2\/product\/6469","targetHints":{"allow":["GET"]}}],"collection":[{"href":"https:\/\/ciecompraenlinea.com\/en\/wp-json\/wp\/v2\/product"}],"about":[{"href":"https:\/\/ciecompraenlinea.com\/en\/wp-json\/wp\/v2\/types\/product"}],"replies":[{"embeddable":true,"href":"https:\/\/ciecompraenlinea.com\/en\/wp-json\/wp\/v2\/comments?post=6469"}],"wp:featuredmedia":[{"embeddable":true,"href":"https:\/\/ciecompraenlinea.com\/en\/wp-json\/wp\/v2\/media\/6523"}],"wp:attachment":[{"href":"https:\/\/ciecompraenlinea.com\/en\/wp-json\/wp\/v2\/media?parent=6469"}],"wp:term":[{"taxonomy":"product_brand","embeddable":true,"href":"https:\/\/ciecompraenlinea.com\/en\/wp-json\/wp\/v2\/product_brand?post=6469"},{"taxonomy":"product_cat","embeddable":true,"href":"https:\/\/ciecompraenlinea.com\/en\/wp-json\/wp\/v2\/product_cat?post=6469"},{"taxonomy":"product_tag","embeddable":true,"href":"https:\/\/ciecompraenlinea.com\/en\/wp-json\/wp\/v2\/product_tag?post=6469"}],"curies":[{"name":"wp","href":"https:\/\/api.w.org\/{rel}","templated":true}]}}