{"id":6470,"date":"2025-07-24T22:24:19","date_gmt":"2025-07-24T22:24:19","guid":{"rendered":"https:\/\/aquamarine-salamander-419260.hostingersite.com\/?post_type=product&#038;p=6470"},"modified":"2026-02-03T09:24:07","modified_gmt":"2026-02-03T14:24:07","slug":"acople-de-esferas-neumatico-1-4-seria-b1-rosca-1-4-npt-hembra","status":"publish","type":"product","link":"https:\/\/ciecompraenlinea.com\/en\/product\/acople-de-esferas-neumatico-1-4-seria-b1-rosca-1-4-npt-hembra\/","title":{"rendered":"Acople de esferas neum\u00e1tico 1\/4&#8243;, Ser\u00eda B1 rosca 1\/4&#8243; NPT hembra"},"content":{"rendered":"<p>Los <strong data-start=\"196\" data-end=\"229\">acoples de esferas neum\u00e1ticos<\/strong> de la <strong data-start=\"236\" data-end=\"248\">serie B1<\/strong> est\u00e1n dise\u00f1ados para ofrecer conexiones r\u00e1pidas, seguras y de alto rendimiento en sistemas de aire comprimido. El modelo con <strong data-start=\"374\" data-end=\"399\">rosca 1\/4&#8243; NPT hembra<\/strong> es ideal para aplicaciones profesionales que requieren una conexi\u00f3n confiable y sin fugas. Su dise\u00f1o compacto y eficiente lo convierte en una soluci\u00f3n pr\u00e1ctica para talleres, l\u00edneas de ensamblaje y entornos industriales exigentes.<\/p>\n<div style=\"display:flex; gap:10px;justify-content:center\" class=\"wps-pgfw-pdf-generate-icon__wrapper-frontend\">\n\t\t<a  href=\"https:\/\/ciecompraenlinea.com\/en\/wp-json\/wp\/v2\/product\/6470?action=genpdf&amp;id=6470\" class=\"pgfw-single-pdf-download-button\" ><img src=\"https:\/\/ciecompraenlinea.com\/wp-content\/uploads\/2025\/08\/Untitled-image-5.png\" title=\"Generate PDF\" style=\"width:auto; height:50px;\"><\/a>\n\t\t<\/div>","protected":false},"excerpt":{"rendered":"<p>Acople de esferas neum\u00e1tico 1\/4&#8243;<\/p>","protected":false},"featured_media":6498,"comment_status":"closed","ping_status":"closed","template":"","meta":{"_acf_changed":false},"product_brand":[280],"product_cat":[131,137],"product_tag":[],"class_list":{"0":"post-6470","1":"product","2":"type-product","3":"status-publish","4":"has-post-thumbnail","6":"product_brand-coil-hose","7":"product_cat-accesorios","8":"product_cat-acoples-y-fitings","10":"first","11":"instock","12":"featured","13":"taxable","14":"shipping-taxable","15":"purchasable","16":"product-type-simple"},"acf":[],"_links":{"self":[{"href":"https:\/\/ciecompraenlinea.com\/en\/wp-json\/wp\/v2\/product\/6470","targetHints":{"allow":["GET"]}}],"collection":[{"href":"https:\/\/ciecompraenlinea.com\/en\/wp-json\/wp\/v2\/product"}],"about":[{"href":"https:\/\/ciecompraenlinea.com\/en\/wp-json\/wp\/v2\/types\/product"}],"replies":[{"embeddable":true,"href":"https:\/\/ciecompraenlinea.com\/en\/wp-json\/wp\/v2\/comments?post=6470"}],"wp:featuredmedia":[{"embeddable":true,"href":"https:\/\/ciecompraenlinea.com\/en\/wp-json\/wp\/v2\/media\/6498"}],"wp:attachment":[{"href":"https:\/\/ciecompraenlinea.com\/en\/wp-json\/wp\/v2\/media?parent=6470"}],"wp:term":[{"taxonomy":"product_brand","embeddable":true,"href":"https:\/\/ciecompraenlinea.com\/en\/wp-json\/wp\/v2\/product_brand?post=6470"},{"taxonomy":"product_cat","embeddable":true,"href":"https:\/\/ciecompraenlinea.com\/en\/wp-json\/wp\/v2\/product_cat?post=6470"},{"taxonomy":"product_tag","embeddable":true,"href":"https:\/\/ciecompraenlinea.com\/en\/wp-json\/wp\/v2\/product_tag?post=6470"}],"curies":[{"name":"wp","href":"https:\/\/api.w.org\/{rel}","templated":true}]}}