{"id":6471,"date":"2025-07-24T22:24:19","date_gmt":"2025-07-24T22:24:19","guid":{"rendered":"https:\/\/aquamarine-salamander-419260.hostingersite.com\/?post_type=product&#038;p=6471"},"modified":"2026-02-03T09:21:37","modified_gmt":"2026-02-03T14:21:37","slug":"remachadora-neumatica-para-tuercas-tipo-pistola","status":"publish","type":"product","link":"https:\/\/ciecompraenlinea.com\/en\/product\/remachadora-neumatica-para-tuercas-tipo-pistola\/","title":{"rendered":"Remachadora neum\u00e1tica para Tuercas Tipo Pistola"},"content":{"rendered":"<p data-start=\"336\" data-end=\"756\">La <strong data-start=\"339\" data-end=\"398\">remachadora neum\u00e1tica de tuercas tipo pistola OP-PS6-G1<\/strong> est\u00e1 dise\u00f1ada para instalar tuercas remachables en medidas desde <strong data-start=\"464\" data-end=\"479\">M3 hasta M6<\/strong> y en di\u00e1metros de <strong data-start=\"498\" data-end=\"514\">3\/16\u201d y 1\/4\u201d<\/strong> en materiales como acero, acero inox y aluminio. Con una estructura de engranaje robusta, esta herramienta ofrece un <strong data-start=\"620\" data-end=\"640\">torque constante<\/strong> y un sistema de <strong data-start=\"657\" data-end=\"685\">gatillo de doble funci\u00f3n<\/strong> que permite recoger y soltar el inserto de forma segura y eficiente.<\/p>\n<p data-start=\"758\" data-end=\"1126\">Su dise\u00f1o ergon\u00f3mico reduce la fatiga en usos prolongados, mientras que la <strong data-start=\"833\" data-end=\"851\">nariz estriada<\/strong> elimina la reacci\u00f3n del torque durante la instalaci\u00f3n, asegurando un trabajo m\u00e1s c\u00f3modo y preciso. Es la soluci\u00f3n ideal para l\u00edneas de ensamble, talleres automotrices e industrias que requieren productividad, calidad y uniformidad en la instalaci\u00f3n de tuercas remachables.<\/p>\n<p data-start=\"1128\" data-end=\"1274\"><strong data-start=\"1128\" data-end=\"1158\">Aplicaciones recomendadas:<\/strong> fabricaci\u00f3n met\u00e1lica, ensamble automotriz, estructuras livianas, carpinter\u00eda met\u00e1lica y mantenimiento industrial.<\/p>\n<p data-start=\"1128\" data-end=\"1274\"><strong data-start=\"579\" data-end=\"594\">Importante:<\/strong> la m\u00e1quina se entrega \u00fanicamente con <strong data-start=\"632\" data-end=\"648\">una boquilla<\/strong> de la medida que el cliente elija para su aplicaci\u00f3n. En caso de requerir trabajar con varias medidas de tuerca remachable, las <strong data-start=\"777\" data-end=\"833\">boquillas adicionales pueden adquirirse por separado<\/strong>.<\/p>","protected":false},"excerpt":{"rendered":"<p>La remachadora neum\u00e1tica de tuercas tipo pistola OP-PS6-G1 est\u00e1 dise\u00f1ada para instalar tuercas remachables en medidas desde M3 hasta M6 y en di\u00e1metros de 3\/16\u201d y 1\/4\u201d en materiales como [&hellip;]<\/p>","protected":false},"featured_media":6526,"comment_status":"closed","ping_status":"closed","template":"","meta":{"_acf_changed":false},"product_brand":[284],"product_cat":[121,124,144],"product_tag":[],"class_list":{"0":"post-6471","1":"product","2":"type-product","3":"status-publish","4":"has-post-thumbnail","6":"product_brand-onpin","7":"product_cat-herramientas","8":"product_cat-neumaticas","9":"product_cat-remachadoras","11":"first","12":"instock","13":"taxable","14":"shipping-taxable","15":"purchasable","16":"product-type-variable"},"acf":[],"_links":{"self":[{"href":"https:\/\/ciecompraenlinea.com\/en\/wp-json\/wp\/v2\/product\/6471","targetHints":{"allow":["GET"]}}],"collection":[{"href":"https:\/\/ciecompraenlinea.com\/en\/wp-json\/wp\/v2\/product"}],"about":[{"href":"https:\/\/ciecompraenlinea.com\/en\/wp-json\/wp\/v2\/types\/product"}],"replies":[{"embeddable":true,"href":"https:\/\/ciecompraenlinea.com\/en\/wp-json\/wp\/v2\/comments?post=6471"}],"wp:featuredmedia":[{"embeddable":true,"href":"https:\/\/ciecompraenlinea.com\/en\/wp-json\/wp\/v2\/media\/6526"}],"wp:attachment":[{"href":"https:\/\/ciecompraenlinea.com\/en\/wp-json\/wp\/v2\/media?parent=6471"}],"wp:term":[{"taxonomy":"product_brand","embeddable":true,"href":"https:\/\/ciecompraenlinea.com\/en\/wp-json\/wp\/v2\/product_brand?post=6471"},{"taxonomy":"product_cat","embeddable":true,"href":"https:\/\/ciecompraenlinea.com\/en\/wp-json\/wp\/v2\/product_cat?post=6471"},{"taxonomy":"product_tag","embeddable":true,"href":"https:\/\/ciecompraenlinea.com\/en\/wp-json\/wp\/v2\/product_tag?post=6471"}],"curies":[{"name":"wp","href":"https:\/\/api.w.org\/{rel}","templated":true}]}}