{"id":6472,"date":"2025-07-24T22:24:19","date_gmt":"2025-07-24T22:24:19","guid":{"rendered":"https:\/\/aquamarine-salamander-419260.hostingersite.com\/?post_type=product&#038;p=6472"},"modified":"2026-02-03T09:18:54","modified_gmt":"2026-02-03T14:18:54","slug":"juego-de-copas-con-entrada-de-1-2-sis-4405-milimetricos","status":"publish","type":"product","link":"https:\/\/ciecompraenlinea.com\/en\/product\/juego-de-copas-con-entrada-de-1-2-sis-4405-milimetricos\/","title":{"rendered":"Juego de copas con entrada de 1\/2&#8243; SIS-4405 Milim\u00e9tricos"},"content":{"rendered":"<p>El <strong data-start=\"241\" data-end=\"259\">juego de copas<\/strong> SIS-4405 est\u00e1 compuesto por 9 piezas en medidas m\u00e9tricas, dise\u00f1adas para tareas exigentes en talleres mec\u00e1nicos, obras e industrias. Cada <strong data-start=\"398\" data-end=\"406\">copa<\/strong> est\u00e1 fabricada con acero resistente al desgaste, permitiendo aplicar torque elevado sin deformaciones. Ideal para trabajos de precisi\u00f3n con llaves manuales o herramientas neum\u00e1ticas.<\/p>\n<div style=\"display:flex; gap:10px;justify-content:center\" class=\"wps-pgfw-pdf-generate-icon__wrapper-frontend\">\n\t\t<a  href=\"https:\/\/ciecompraenlinea.com\/en\/wp-json\/wp\/v2\/product\/6472?action=genpdf&amp;id=6472\" class=\"pgfw-single-pdf-download-button\" ><img src=\"https:\/\/ciecompraenlinea.com\/wp-content\/uploads\/2025\/08\/Untitled-image-5.png\" title=\"Generate PDF\" style=\"width:auto; height:50px;\"><\/a>\n\t\t<\/div>","protected":false},"excerpt":{"rendered":"<p>El juego de copas SIS-4405 est\u00e1 compuesto por 9 piezas en medidas m\u00e9tricas, dise\u00f1adas para tareas exigentes en talleres mec\u00e1nicos, obras e industrias. Cada copa est\u00e1 fabricada con acero resistente [&hellip;]<\/p>","protected":false},"featured_media":6527,"comment_status":"closed","ping_status":"closed","template":"","meta":{"_acf_changed":false},"product_brand":[277],"product_cat":[131,145],"product_tag":[],"class_list":{"0":"post-6472","1":"product","2":"type-product","3":"status-publish","4":"has-post-thumbnail","6":"product_brand-sumake","7":"product_cat-accesorios","8":"product_cat-copas-de-impacto","10":"first","11":"instock","12":"featured","13":"taxable","14":"shipping-taxable","15":"purchasable","16":"product-type-simple"},"acf":[],"_links":{"self":[{"href":"https:\/\/ciecompraenlinea.com\/en\/wp-json\/wp\/v2\/product\/6472","targetHints":{"allow":["GET"]}}],"collection":[{"href":"https:\/\/ciecompraenlinea.com\/en\/wp-json\/wp\/v2\/product"}],"about":[{"href":"https:\/\/ciecompraenlinea.com\/en\/wp-json\/wp\/v2\/types\/product"}],"replies":[{"embeddable":true,"href":"https:\/\/ciecompraenlinea.com\/en\/wp-json\/wp\/v2\/comments?post=6472"}],"wp:featuredmedia":[{"embeddable":true,"href":"https:\/\/ciecompraenlinea.com\/en\/wp-json\/wp\/v2\/media\/6527"}],"wp:attachment":[{"href":"https:\/\/ciecompraenlinea.com\/en\/wp-json\/wp\/v2\/media?parent=6472"}],"wp:term":[{"taxonomy":"product_brand","embeddable":true,"href":"https:\/\/ciecompraenlinea.com\/en\/wp-json\/wp\/v2\/product_brand?post=6472"},{"taxonomy":"product_cat","embeddable":true,"href":"https:\/\/ciecompraenlinea.com\/en\/wp-json\/wp\/v2\/product_cat?post=6472"},{"taxonomy":"product_tag","embeddable":true,"href":"https:\/\/ciecompraenlinea.com\/en\/wp-json\/wp\/v2\/product_tag?post=6472"}],"curies":[{"name":"wp","href":"https:\/\/api.w.org\/{rel}","templated":true}]}}