{"id":6476,"date":"2025-07-24T22:24:19","date_gmt":"2025-07-24T22:24:19","guid":{"rendered":"https:\/\/aquamarine-salamander-419260.hostingersite.com\/?post_type=product&#038;p=6476"},"modified":"2026-02-03T09:11:11","modified_gmt":"2026-02-03T14:11:11","slug":"torcometro-digital-0-5-a-5nm","status":"publish","type":"product","link":"https:\/\/ciecompraenlinea.com\/en\/product\/torcometro-digital-0-5-a-5nm\/","title":{"rendered":"Torcometro digital 0.5 a 5Nm"},"content":{"rendered":"<p data-start=\"328\" data-end=\"570\">El <strong data-start=\"331\" data-end=\"367\">Torqu\u00edmetro Digital S2005 de BMS<\/strong> es una <strong data-start=\"375\" data-end=\"420\">herramienta electr\u00f3nica de alta precisi\u00f3n<\/strong>, dise\u00f1ada para aplicaciones que requieren control exacto de torque en ensamblajes industriales, laboratorios de calibraci\u00f3n y l\u00edneas de producci\u00f3n.<\/p>\n<p data-start=\"572\" data-end=\"754\">Fabricado en Irlanda, estos torqu\u00edmetros <strong data-start=\"599\" data-end=\"639\">digitales tipo atornillador<\/strong> ofrece un <strong data-start=\"650\" data-end=\"673\">rango de 0.5 a 5 Nm<\/strong>, con <strong data-start=\"679\" data-end=\"696\">precisi\u00f3n \u00b11%<\/strong>, ideal para tareas que demandan exactitud y trazabilidad.<\/p>\n<p data-start=\"756\" data-end=\"1022\">Los torcometros digitales cuentan con <strong data-start=\"759\" data-end=\"790\">pantalla LCD retroiluminada<\/strong> y sus <strong data-start=\"797\" data-end=\"822\">12 modos de operaci\u00f3n<\/strong> permiten una experiencia de uso intuitiva y vers\u00e1til. Adem\u00e1s, cuenta con <strong data-start=\"896\" data-end=\"936\">memoria interna para 2.000 registros<\/strong>, incluyendo torque, fecha y hora, con comunicaci\u00f3n bidireccional v\u00eda <strong data-start=\"1006\" data-end=\"1021\">USB o RS232<\/strong>.<\/p>\n<div style=\"display:flex; gap:10px;justify-content:center\" class=\"wps-pgfw-pdf-generate-icon__wrapper-frontend\">\n\t\t<a  href=\"https:\/\/ciecompraenlinea.com\/en\/wp-json\/wp\/v2\/product\/6476?action=genpdf&amp;id=6476\" class=\"pgfw-single-pdf-download-button\" ><img src=\"https:\/\/ciecompraenlinea.com\/wp-content\/uploads\/2025\/08\/Untitled-image-5.png\" title=\"Generate PDF\" style=\"width:auto; height:50px;\"><\/a>\n\t\t<\/div>","protected":false},"excerpt":{"rendered":"<p>Torcometro digital S2005 Marca BMS<\/p>","protected":false},"featured_media":6539,"comment_status":"closed","ping_status":"closed","template":"","meta":{"_acf_changed":false},"product_brand":[285],"product_cat":[149,150],"product_tag":[],"class_list":{"0":"post-6476","1":"product","2":"type-product","3":"status-publish","4":"has-post-thumbnail","6":"product_brand-bms","7":"product_cat-herramientas-de-torque","8":"product_cat-torcometros-digitales","10":"first","11":"instock","12":"taxable","13":"shipping-taxable","14":"purchasable","15":"product-type-simple"},"acf":[],"_links":{"self":[{"href":"https:\/\/ciecompraenlinea.com\/en\/wp-json\/wp\/v2\/product\/6476","targetHints":{"allow":["GET"]}}],"collection":[{"href":"https:\/\/ciecompraenlinea.com\/en\/wp-json\/wp\/v2\/product"}],"about":[{"href":"https:\/\/ciecompraenlinea.com\/en\/wp-json\/wp\/v2\/types\/product"}],"replies":[{"embeddable":true,"href":"https:\/\/ciecompraenlinea.com\/en\/wp-json\/wp\/v2\/comments?post=6476"}],"wp:featuredmedia":[{"embeddable":true,"href":"https:\/\/ciecompraenlinea.com\/en\/wp-json\/wp\/v2\/media\/6539"}],"wp:attachment":[{"href":"https:\/\/ciecompraenlinea.com\/en\/wp-json\/wp\/v2\/media?parent=6476"}],"wp:term":[{"taxonomy":"product_brand","embeddable":true,"href":"https:\/\/ciecompraenlinea.com\/en\/wp-json\/wp\/v2\/product_brand?post=6476"},{"taxonomy":"product_cat","embeddable":true,"href":"https:\/\/ciecompraenlinea.com\/en\/wp-json\/wp\/v2\/product_cat?post=6476"},{"taxonomy":"product_tag","embeddable":true,"href":"https:\/\/ciecompraenlinea.com\/en\/wp-json\/wp\/v2\/product_tag?post=6476"}],"curies":[{"name":"wp","href":"https:\/\/api.w.org\/{rel}","templated":true}]}}