{"id":6480,"date":"2025-07-24T22:25:08","date_gmt":"2025-07-24T22:25:08","guid":{"rendered":"https:\/\/aquamarine-salamander-419260.hostingersite.com\/?post_type=product&#038;p=6480"},"modified":"2026-02-17T11:02:55","modified_gmt":"2026-02-17T16:02:55","slug":"multiplicador-de-torque-ht3-1300nm","status":"publish","type":"product","link":"https:\/\/ciecompraenlinea.com\/en\/product\/multiplicador-de-torque-ht3-1300nm\/","title":{"rendered":"Multiplicador de torque HT3 1300Nm"},"content":{"rendered":"<p>Multiplicador de torque HT3 1300Nm Marca Norbar<\/p>\n<p>El multiplicador de torque &#8216;Highwayman&#8217; ha sido dise\u00f1ado para usarse donde es necesario proporcionar torques m\u00e1s altos de lo que ser\u00eda posible debido a las limitaciones de espacio o fuerza del operador. La entrada al multiplicador se realiza a trav\u00e9s de una llave dinamom\u00e9trica de trinquete ajustada a una quinta parte del par de salida deseado.<\/p>\n<p><strong>Caracter\u00edsticas<\/strong><\/p>\n<ul>\n<li>Multiplicaci\u00f3n de par 5:1, precisi\u00f3n garantizada mejor que \u00b14%.<\/li>\n<li>Se suministra con dos estilos de barra de reacci\u00f3n para una m\u00e1xima versatilidad.<\/li>\n<li>La construcci\u00f3n robusta significa un mantenimiento m\u00ednimo y una larga vida \u00fatil.<\/li>\n<li>Suministrado en un malet\u00edn de transporte, el Highwayman es ideal para incluirlo en el kit de veh\u00edculos pesados.<\/li>\n<li>La versi\u00f3n de 1300 Nm tiene un cuadrado de salida de 3\/4&#8243; de repuesto incluido en el kit.<\/li>\n<\/ul>","protected":false},"excerpt":{"rendered":"<p>Multiplicador de torque HT3 1300Nm Marca Norbar<\/p>","protected":false},"featured_media":11488,"comment_status":"closed","ping_status":"closed","template":"","meta":{"_acf_changed":false},"product_brand":[286],"product_cat":[149,154],"product_tag":[],"class_list":{"0":"post-6480","1":"product","2":"type-product","3":"status-publish","4":"has-post-thumbnail","6":"product_brand-norbar","7":"product_cat-herramientas-de-torque","8":"product_cat-multiplicadores-de-torque","10":"first","11":"instock","12":"taxable","13":"shipping-taxable","14":"purchasable","15":"product-type-simple"},"acf":[],"_links":{"self":[{"href":"https:\/\/ciecompraenlinea.com\/en\/wp-json\/wp\/v2\/product\/6480","targetHints":{"allow":["GET"]}}],"collection":[{"href":"https:\/\/ciecompraenlinea.com\/en\/wp-json\/wp\/v2\/product"}],"about":[{"href":"https:\/\/ciecompraenlinea.com\/en\/wp-json\/wp\/v2\/types\/product"}],"replies":[{"embeddable":true,"href":"https:\/\/ciecompraenlinea.com\/en\/wp-json\/wp\/v2\/comments?post=6480"}],"wp:featuredmedia":[{"embeddable":true,"href":"https:\/\/ciecompraenlinea.com\/en\/wp-json\/wp\/v2\/media\/11488"}],"wp:attachment":[{"href":"https:\/\/ciecompraenlinea.com\/en\/wp-json\/wp\/v2\/media?parent=6480"}],"wp:term":[{"taxonomy":"product_brand","embeddable":true,"href":"https:\/\/ciecompraenlinea.com\/en\/wp-json\/wp\/v2\/product_brand?post=6480"},{"taxonomy":"product_cat","embeddable":true,"href":"https:\/\/ciecompraenlinea.com\/en\/wp-json\/wp\/v2\/product_cat?post=6480"},{"taxonomy":"product_tag","embeddable":true,"href":"https:\/\/ciecompraenlinea.com\/en\/wp-json\/wp\/v2\/product_tag?post=6480"}],"curies":[{"name":"wp","href":"https:\/\/api.w.org\/{rel}","templated":true}]}}