{"id":6490,"date":"2025-07-24T22:27:02","date_gmt":"2025-07-24T22:27:02","guid":{"rendered":"https:\/\/aquamarine-salamander-419260.hostingersite.com\/?post_type=product&#038;p=6490"},"modified":"2025-09-24T09:47:18","modified_gmt":"2025-09-24T14:47:18","slug":"minilijadora-tipo-pistola-3","status":"publish","type":"product","link":"https:\/\/ciecompraenlinea.com\/en\/product\/minilijadora-tipo-pistola-3\/","title":{"rendered":"Minilijadora Tipo Pistola 3&#8243;"},"content":{"rendered":"<p>La <strong data-start=\"329\" data-end=\"383\">mini lijadoras neum\u00e1ticas tipo pistola de 3 pulgadas<\/strong> CP7202 es una soluci\u00f3n profesional para tareas de acabado detallado en espacios reducidos. Gracias a su dise\u00f1o compacto y liviano, esta <strong data-start=\"520\" data-end=\"563\">lijadora de aire comprimido compacta 3\u201d<\/strong> ofrece gran control con m\u00ednima fatiga, permitiendo un uso prolongado sin comprometer la precisi\u00f3n. Ideal como <strong data-start=\"674\" data-end=\"717\">lijadora neum\u00e1tica peque\u00f1a tipo pistola<\/strong>, brinda un desempe\u00f1o eficiente para lijado de retoques y superficies delicadas.<\/p>\n<p>Su empu\u00f1adura ergon\u00f3mica y activaci\u00f3n por gatillo la convierten en una <strong data-start=\"869\" data-end=\"919\">mini lijadora neum\u00e1tica para lijado preciso<\/strong>, perfecta como <strong data-start=\"935\" data-end=\"988\">lijadora neum\u00e1tica de 3\u201d para acabados detallados<\/strong>, <strong data-start=\"990\" data-end=\"1047\">lijadora tipo pistola compacta con conexi\u00f3n neum\u00e1tica<\/strong>, <strong data-start=\"1049\" data-end=\"1108\">mini lijadora orbital neum\u00e1tica para espacios reducidos<\/strong>, <strong data-start=\"1110\" data-end=\"1157\">lijadora neum\u00e1tica ergon\u00f3mica de 3 pulgadas<\/strong>, <strong data-start=\"1159\" data-end=\"1216\">lijadora profesional tipo pistola para retoques finos<\/strong> y <strong data-start=\"1219\" data-end=\"1275\">lijadora neum\u00e1tica ligera para trabajos de precisi\u00f3n<\/strong>.<\/p>","protected":false},"excerpt":{"rendered":"<p>La mini lijadoras neum\u00e1ticas tipo pistola de 3 pulgadas CP7202 es una soluci\u00f3n profesional para tareas de acabado detallado en espacios reducidos. Gracias a su dise\u00f1o compacto y liviano, esta [&hellip;]<\/p>","protected":false},"featured_media":6557,"comment_status":"closed","ping_status":"closed","template":"","meta":{"_acf_changed":false},"product_brand":[283],"product_cat":[121,161,135,124],"product_tag":[],"class_list":{"0":"post-6490","1":"product","2":"type-product","3":"status-publish","4":"has-post-thumbnail","6":"product_brand-chicago-pneumatic","7":"product_cat-herramientas","8":"product_cat-lijadora-tipo-pistola","9":"product_cat-lijadoras","10":"product_cat-neumaticas","12":"first","13":"instock","14":"taxable","15":"shipping-taxable","16":"purchasable","17":"product-type-simple"},"acf":[],"_links":{"self":[{"href":"https:\/\/ciecompraenlinea.com\/en\/wp-json\/wp\/v2\/product\/6490","targetHints":{"allow":["GET"]}}],"collection":[{"href":"https:\/\/ciecompraenlinea.com\/en\/wp-json\/wp\/v2\/product"}],"about":[{"href":"https:\/\/ciecompraenlinea.com\/en\/wp-json\/wp\/v2\/types\/product"}],"replies":[{"embeddable":true,"href":"https:\/\/ciecompraenlinea.com\/en\/wp-json\/wp\/v2\/comments?post=6490"}],"wp:featuredmedia":[{"embeddable":true,"href":"https:\/\/ciecompraenlinea.com\/en\/wp-json\/wp\/v2\/media\/6557"}],"wp:attachment":[{"href":"https:\/\/ciecompraenlinea.com\/en\/wp-json\/wp\/v2\/media?parent=6490"}],"wp:term":[{"taxonomy":"product_brand","embeddable":true,"href":"https:\/\/ciecompraenlinea.com\/en\/wp-json\/wp\/v2\/product_brand?post=6490"},{"taxonomy":"product_cat","embeddable":true,"href":"https:\/\/ciecompraenlinea.com\/en\/wp-json\/wp\/v2\/product_cat?post=6490"},{"taxonomy":"product_tag","embeddable":true,"href":"https:\/\/ciecompraenlinea.com\/en\/wp-json\/wp\/v2\/product_tag?post=6490"}],"curies":[{"name":"wp","href":"https:\/\/api.w.org\/{rel}","templated":true}]}}