{"id":6504,"date":"2025-07-24T22:29:16","date_gmt":"2025-07-24T22:29:16","guid":{"rendered":"https:\/\/aquamarine-salamander-419260.hostingersite.com\/?post_type=product&#038;p=6504"},"modified":"2026-02-03T09:50:03","modified_gmt":"2026-02-03T14:50:03","slug":"manguera-espiral-1-4","status":"publish","type":"product","link":"https:\/\/ciecompraenlinea.com\/en\/product\/manguera-espiral-1-4\/","title":{"rendered":"Manguera espiral 1\/4&#8243;"},"content":{"rendered":"<p data-start=\"170\" data-end=\"624\">Las <strong data-start=\"233\" data-end=\"256\">mangueras espirales<\/strong> de poliuretano como el modelo <strong data-start=\"287\" data-end=\"300\">PU14-10-B<\/strong> de COIL HOSE ofrecen una soluci\u00f3n profesional, ligera y resistente para aplicaciones neum\u00e1ticas en entornos industriales y talleres. Su dise\u00f1o espiralado garantiza flexibilidad y recuperaci\u00f3n r\u00e1pida, mientras que sus accesorios r\u00edgidos de alivio de tensi\u00f3n brindan seguridad, durabilidad y facilidad de reparaci\u00f3n en campo.<\/p>\n<p data-start=\"626\" data-end=\"805\">Fabricada en EE.UU., esta <strong data-start=\"652\" data-end=\"664\">manguera<\/strong> es ideal para conectar herramientas neum\u00e1ticas y mantener el orden en el \u00e1rea de trabajo sin comprometer la resistencia ni el flujo de aire.<\/p>","protected":false},"excerpt":{"rendered":"<p>Las mangueras espirales de poliuretano como el modelo PU14-10-B de COIL HOSE ofrecen una soluci\u00f3n profesional, ligera y resistente para aplicaciones neum\u00e1ticas en entornos industriales y talleres. Su dise\u00f1o espiralado [&hellip;]<\/p>","protected":false},"featured_media":6573,"comment_status":"closed","ping_status":"closed","template":"","meta":{"_acf_changed":false},"product_brand":[280],"product_cat":[131,164],"product_tag":[],"class_list":{"0":"post-6504","1":"product","2":"type-product","3":"status-publish","4":"has-post-thumbnail","6":"product_brand-coil-hose","7":"product_cat-accesorios","8":"product_cat-mangueras","10":"first","11":"instock","12":"taxable","13":"shipping-taxable","14":"purchasable","15":"product-type-simple"},"acf":[],"_links":{"self":[{"href":"https:\/\/ciecompraenlinea.com\/en\/wp-json\/wp\/v2\/product\/6504","targetHints":{"allow":["GET"]}}],"collection":[{"href":"https:\/\/ciecompraenlinea.com\/en\/wp-json\/wp\/v2\/product"}],"about":[{"href":"https:\/\/ciecompraenlinea.com\/en\/wp-json\/wp\/v2\/types\/product"}],"replies":[{"embeddable":true,"href":"https:\/\/ciecompraenlinea.com\/en\/wp-json\/wp\/v2\/comments?post=6504"}],"wp:featuredmedia":[{"embeddable":true,"href":"https:\/\/ciecompraenlinea.com\/en\/wp-json\/wp\/v2\/media\/6573"}],"wp:attachment":[{"href":"https:\/\/ciecompraenlinea.com\/en\/wp-json\/wp\/v2\/media?parent=6504"}],"wp:term":[{"taxonomy":"product_brand","embeddable":true,"href":"https:\/\/ciecompraenlinea.com\/en\/wp-json\/wp\/v2\/product_brand?post=6504"},{"taxonomy":"product_cat","embeddable":true,"href":"https:\/\/ciecompraenlinea.com\/en\/wp-json\/wp\/v2\/product_cat?post=6504"},{"taxonomy":"product_tag","embeddable":true,"href":"https:\/\/ciecompraenlinea.com\/en\/wp-json\/wp\/v2\/product_tag?post=6504"}],"curies":[{"name":"wp","href":"https:\/\/api.w.org\/{rel}","templated":true}]}}