{"id":6520,"date":"2025-07-24T22:31:12","date_gmt":"2025-07-24T22:31:12","guid":{"rendered":"https:\/\/aquamarine-salamander-419260.hostingersite.com\/?post_type=product&#038;p=6520"},"modified":"2025-11-21T15:56:20","modified_gmt":"2025-11-21T20:56:20","slug":"grasa-molykote-br-2-plus-x-400-gr","status":"publish","type":"product","link":"https:\/\/ciecompraenlinea.com\/en\/product\/grasa-molykote-br-2-plus-x-400-gr\/","title":{"rendered":"Grasa MOLYKOTE BR 2 PLUS X 400 GR"},"content":{"rendered":"<p>La <strong data-start=\"167\" data-end=\"195\">grasa MOLYKOTE BR 2 Plus<\/strong> es una de las <strong data-start=\"210\" data-end=\"220\">grasas<\/strong> industriales m\u00e1s vers\u00e1tiles y confiables del mercado. Dise\u00f1ada para combinaciones metal-metal con movimientos lentos o r\u00e1pidos y condiciones de carga media a alta, esta <strong data-start=\"390\" data-end=\"414\">grasa multifuncional<\/strong> de base litio incorpora lubricantes s\u00f3lidos como <strong data-start=\"464\" data-end=\"472\">MoS\u2082<\/strong>, ofreciendo una excelente protecci\u00f3n contra el desgaste, una alta resistencia al lavado por agua y un rendimiento superior incluso en ambientes hostiles. Ideal para mantenimiento industrial, sistemas de lubricaci\u00f3n centralizada y aplicaciones donde otras <strong data-start=\"728\" data-end=\"738\">grasas<\/strong> convencionales no son suficientes.<\/p>","protected":false},"excerpt":{"rendered":"<p>La grasa MOLYKOTE BR 2 Plus es una de las grasas industriales m\u00e1s vers\u00e1tiles y confiables del mercado. Dise\u00f1ada para combinaciones metal-metal con movimientos lentos o r\u00e1pidos y condiciones de [&hellip;]<\/p>","protected":false},"featured_media":6585,"comment_status":"closed","ping_status":"closed","template":"","meta":{"_acf_changed":false},"product_brand":[291],"product_cat":[131,167],"product_tag":[],"class_list":{"0":"post-6520","1":"product","2":"type-product","3":"status-publish","4":"has-post-thumbnail","6":"product_brand-molykote","7":"product_cat-accesorios","8":"product_cat-aceites-y-lubricantes","10":"first","11":"instock","12":"taxable","13":"shipping-taxable","14":"purchasable","15":"product-type-simple"},"acf":[],"_links":{"self":[{"href":"https:\/\/ciecompraenlinea.com\/en\/wp-json\/wp\/v2\/product\/6520","targetHints":{"allow":["GET"]}}],"collection":[{"href":"https:\/\/ciecompraenlinea.com\/en\/wp-json\/wp\/v2\/product"}],"about":[{"href":"https:\/\/ciecompraenlinea.com\/en\/wp-json\/wp\/v2\/types\/product"}],"replies":[{"embeddable":true,"href":"https:\/\/ciecompraenlinea.com\/en\/wp-json\/wp\/v2\/comments?post=6520"}],"wp:featuredmedia":[{"embeddable":true,"href":"https:\/\/ciecompraenlinea.com\/en\/wp-json\/wp\/v2\/media\/6585"}],"wp:attachment":[{"href":"https:\/\/ciecompraenlinea.com\/en\/wp-json\/wp\/v2\/media?parent=6520"}],"wp:term":[{"taxonomy":"product_brand","embeddable":true,"href":"https:\/\/ciecompraenlinea.com\/en\/wp-json\/wp\/v2\/product_brand?post=6520"},{"taxonomy":"product_cat","embeddable":true,"href":"https:\/\/ciecompraenlinea.com\/en\/wp-json\/wp\/v2\/product_cat?post=6520"},{"taxonomy":"product_tag","embeddable":true,"href":"https:\/\/ciecompraenlinea.com\/en\/wp-json\/wp\/v2\/product_tag?post=6520"}],"curies":[{"name":"wp","href":"https:\/\/api.w.org\/{rel}","templated":true}]}}