{"id":6541,"date":"2025-07-24T22:33:46","date_gmt":"2025-07-24T22:33:46","guid":{"rendered":"https:\/\/aquamarine-salamander-419260.hostingersite.com\/?post_type=product&#038;p=6541"},"modified":"2025-09-25T15:03:33","modified_gmt":"2025-09-25T20:03:33","slug":"remachadora-neumatica-para-pop-hasta-3-16-2","status":"publish","type":"product","link":"https:\/\/ciecompraenlinea.com\/en\/product\/remachadora-neumatica-para-pop-hasta-3-16-2\/","title":{"rendered":"Remachadora Neum\u00e1tica para Pop hasta 3\/16"},"content":{"rendered":"<div class=\"text-base my-auto mx-auto py-5 [--thread-content-margin:--spacing(4)] @[37rem]:[--thread-content-margin:--spacing(6)] @[72rem]:[--thread-content-margin:--spacing(16)] px-(--thread-content-margin)\">\n<div class=\"[--thread-content-max-width:32rem] @[34rem]:[--thread-content-max-width:40rem] @[64rem]:[--thread-content-max-width:48rem] mx-auto flex max-w-(--thread-content-max-width) flex-1 text-base gap-4 md:gap-5 lg:gap-6 group\/turn-messages focus-visible:outline-hidden\" tabindex=\"-1\">\n<div class=\"group\/conversation-turn relative flex w-full min-w-0 flex-col agent-turn\">\n<div class=\"relative flex-col gap-1 md:gap-3\">\n<div class=\"flex max-w-full flex-col grow\">\n<div class=\"min-h-8 text-message relative flex w-full flex-col items-end gap-2 text-start break-words whitespace-normal [.text-message+&amp;]:mt-5\" dir=\"auto\" data-message-author-role=\"assistant\" data-message-id=\"e2fcacc0-fb5e-4206-8480-4eb24c342c5d\" data-message-model-slug=\"gpt-4o\">\n<div class=\"flex w-full flex-col gap-1 empty:hidden first:pt-[3px]\">\n<div class=\"markdown prose dark:prose-invert w-full break-words light\">\n<p data-start=\"235\" data-end=\"595\">Las <strong data-start=\"238\" data-end=\"283\">remachadoras neum\u00e1ticas ST-66165V de Sumake<\/strong> son una herramienta <strong data-start=\"303\" data-end=\"333\">\u00f3leo-neum\u00e1tica profesional<\/strong> de alto rendimiento, dise\u00f1ada para aplicaciones exigentes en l\u00edneas de ensamble, mantenimiento industrial y talleres de producci\u00f3n. Su estructura ligera con cuerpo compuesto ofrece m\u00e1xima comodidad para el operario, reduciendo la fatiga en jornadas prolongadas.<\/p>\n<p data-start=\"597\" data-end=\"904\">Gracias a su <strong data-start=\"610\" data-end=\"638\">accionamiento autom\u00e1tico<\/strong>, carrera larga y sistema de evacuaci\u00f3n y recolecci\u00f3n de v\u00e1stagos, esta herramienta garantiza ciclos de remachado r\u00e1pidos, limpios y eficientes. Adem\u00e1s, su dise\u00f1o de bajo mantenimiento la convierte en una de las <strong data-start=\"850\" data-end=\"877\">remachadoras neum\u00e1ticas<\/strong> m\u00e1s pr\u00e1cticas del mercado.<\/p>\n<p data-start=\"906\" data-end=\"1058\">Una excelente opci\u00f3n para quienes buscan <strong data-start=\"947\" data-end=\"974\">remachadoras confiables<\/strong>, potentes y ergon\u00f3micas para remaches ciegos en aluminio, acero o acero inoxidable.<\/p>\n<\/div>\n<\/div>\n<\/div>\n<\/div>\n<\/div>\n<\/div>\n<\/div>\n<\/div>\n<div style=\"display:flex; gap:10px;justify-content:center\" class=\"wps-pgfw-pdf-generate-icon__wrapper-frontend\">\n\t\t<a  href=\"https:\/\/ciecompraenlinea.com\/en\/wp-json\/wp\/v2\/product\/6541?action=genpdf&amp;id=6541\" class=\"pgfw-single-pdf-download-button\" ><img src=\"https:\/\/ciecompraenlinea.com\/wp-content\/uploads\/2025\/08\/Untitled-image-5.png\" title=\"Generate PDF\" style=\"width:auto; height:50px;\"><\/a>\n\t\t<\/div>","protected":false},"excerpt":{"rendered":"<p><strong>Remachadora Neumatica ST-66165V Marca sumake<\/strong><\/p>","protected":false},"featured_media":6623,"comment_status":"closed","ping_status":"closed","template":"","meta":{"_acf_changed":false},"product_brand":[277],"product_cat":[121,124,144],"product_tag":[],"class_list":{"0":"post-6541","1":"product","2":"type-product","3":"status-publish","4":"has-post-thumbnail","6":"product_brand-sumake","7":"product_cat-herramientas","8":"product_cat-neumaticas","9":"product_cat-remachadoras","11":"first","12":"instock","13":"sale","14":"taxable","15":"shipping-taxable","16":"purchasable","17":"product-type-simple"},"acf":[],"_links":{"self":[{"href":"https:\/\/ciecompraenlinea.com\/en\/wp-json\/wp\/v2\/product\/6541","targetHints":{"allow":["GET"]}}],"collection":[{"href":"https:\/\/ciecompraenlinea.com\/en\/wp-json\/wp\/v2\/product"}],"about":[{"href":"https:\/\/ciecompraenlinea.com\/en\/wp-json\/wp\/v2\/types\/product"}],"replies":[{"embeddable":true,"href":"https:\/\/ciecompraenlinea.com\/en\/wp-json\/wp\/v2\/comments?post=6541"}],"wp:featuredmedia":[{"embeddable":true,"href":"https:\/\/ciecompraenlinea.com\/en\/wp-json\/wp\/v2\/media\/6623"}],"wp:attachment":[{"href":"https:\/\/ciecompraenlinea.com\/en\/wp-json\/wp\/v2\/media?parent=6541"}],"wp:term":[{"taxonomy":"product_brand","embeddable":true,"href":"https:\/\/ciecompraenlinea.com\/en\/wp-json\/wp\/v2\/product_brand?post=6541"},{"taxonomy":"product_cat","embeddable":true,"href":"https:\/\/ciecompraenlinea.com\/en\/wp-json\/wp\/v2\/product_cat?post=6541"},{"taxonomy":"product_tag","embeddable":true,"href":"https:\/\/ciecompraenlinea.com\/en\/wp-json\/wp\/v2\/product_tag?post=6541"}],"curies":[{"name":"wp","href":"https:\/\/api.w.org\/{rel}","templated":true}]}}