{"id":6564,"date":"2025-07-24T22:37:03","date_gmt":"2025-07-24T22:37:03","guid":{"rendered":"https:\/\/aquamarine-salamander-419260.hostingersite.com\/?post_type=product&#038;p=6564"},"modified":"2026-03-12T10:55:14","modified_gmt":"2026-03-12T15:55:14","slug":"pulidora-electrica-industrial-de-7-obsequio","status":"publish","type":"product","link":"https:\/\/ciecompraenlinea.com\/en\/product\/pulidora-electrica-industrial-de-7-obsequio\/","title":{"rendered":"PULIDORA EL\u00c9CTRICA 7&#8243; 2400W +OBSEQUIO"},"content":{"rendered":"<p data-start=\"159\" data-end=\"512\">La amoladora angular el\u00e9ctrica de 7&#8243; AGR 24-18AL de Stayer es una herramienta el\u00e9ctrica robusta, pensada para enfrentar los desaf\u00edos m\u00e1s exigentes en corte y desbaste. Con su potente motor S1 de 2400 W, esta amoladora el\u00e9ctrica 7\u201d garantiza un rendimiento constante incluso en trabajos prolongados de construcci\u00f3n o mantenimiento industrial.<\/p>\n<p data-start=\"514\" data-end=\"879\">Gracias a su sistema AL (arranque lento), esta pulidora angular el\u00e9ctrica de 7\u201d ofrece mayor control y seguridad, evitando sacudidas al iniciar el trabajo. Adem\u00e1s, incluye bloqueo de disco, carcasa de protecci\u00f3n, y una empu\u00f1adura lateral ajustable en tres posiciones que permite adaptarse c\u00f3modamente a distintas posturas y \u00e1ngulos de operaci\u00f3n.<\/p>\n<p data-start=\"881\" data-end=\"1329\">Ya sea que se requiera una pulidora el\u00e9ctrica para metal, una amoladora angular 7&#8243; con cable, o un esmeril angular el\u00e9ctrico 7&#8243; para tareas pesadas, esta herramienta cumple con los m\u00e1s altos est\u00e1ndares de seguridad, potencia y durabilidad. Las amoladoras el\u00e9ctricas 7\u201d, pulidoras angulares el\u00e9ctricas y esmeriles el\u00e9ctricos de esta gama est\u00e1n dise\u00f1ados para profesionales que exigen rendimiento sin comprometer la comodidad.<\/p>\n<div style=\"display:flex; gap:10px;justify-content:center\" class=\"wps-pgfw-pdf-generate-icon__wrapper-frontend\">\n\t\t<a  href=\"https:\/\/ciecompraenlinea.com\/en\/wp-json\/wp\/v2\/product\/6564?action=genpdf&amp;id=6564\" class=\"pgfw-single-pdf-download-button\" ><img src=\"https:\/\/ciecompraenlinea.com\/wp-content\/uploads\/2025\/08\/Untitled-image-5.png\" title=\"Generate PDF\" style=\"width:auto; height:50px;\"><\/a>\n\t\t<\/div>","protected":false},"excerpt":{"rendered":"<h3><strong>\ud83c\udf89 \u00a1No te pierdas nuestra Super Promo! \ud83c\udf89 Por la compra de una Pulidora El\u00e9ctrica 7\u2033 AGR 24-18AL de la L\u00ednea Industrial STAYER, te llevas TOTALMENTE GRATIS una <a href=\"https:\/\/ciecompraenlinea.com\/en\/pulidora-angular-profesional-de-7-sa-21-180\/\" target=\"_blank\" rel=\"noopener\"><span style=\"color: #ff0000;\">Pulidora Angular Profesional de 7\u2033 SA 21-180 STAYER.<\/span><\/a>\u00a0 \ud83d\udc48\ud83d\udc48\ud83d\udc48<\/strong><\/h3>\n<h5>\ud83d\udca5 Equipa tu taller con las mejores herramientas y potencia tu trabajo al m\u00e1ximo nivel. \u00a1Esta oferta es por tiempo limitado, as\u00ed que corre a aprovecharla! \ud83d\udd25<\/h5>","protected":false},"featured_media":6649,"comment_status":"closed","ping_status":"closed","template":"","meta":{"_acf_changed":false},"product_brand":[276],"product_cat":[122,121,123],"product_tag":[],"class_list":{"0":"post-6564","1":"product","2":"type-product","3":"status-publish","4":"has-post-thumbnail","6":"product_brand-stayer","7":"product_cat-electricas","8":"product_cat-herramientas","9":"product_cat-pulidora","11":"first","12":"instock","13":"featured","14":"taxable","15":"shipping-taxable","16":"purchasable","17":"product-type-simple"},"acf":[],"_links":{"self":[{"href":"https:\/\/ciecompraenlinea.com\/en\/wp-json\/wp\/v2\/product\/6564","targetHints":{"allow":["GET"]}}],"collection":[{"href":"https:\/\/ciecompraenlinea.com\/en\/wp-json\/wp\/v2\/product"}],"about":[{"href":"https:\/\/ciecompraenlinea.com\/en\/wp-json\/wp\/v2\/types\/product"}],"replies":[{"embeddable":true,"href":"https:\/\/ciecompraenlinea.com\/en\/wp-json\/wp\/v2\/comments?post=6564"}],"wp:featuredmedia":[{"embeddable":true,"href":"https:\/\/ciecompraenlinea.com\/en\/wp-json\/wp\/v2\/media\/6649"}],"wp:attachment":[{"href":"https:\/\/ciecompraenlinea.com\/en\/wp-json\/wp\/v2\/media?parent=6564"}],"wp:term":[{"taxonomy":"product_brand","embeddable":true,"href":"https:\/\/ciecompraenlinea.com\/en\/wp-json\/wp\/v2\/product_brand?post=6564"},{"taxonomy":"product_cat","embeddable":true,"href":"https:\/\/ciecompraenlinea.com\/en\/wp-json\/wp\/v2\/product_cat?post=6564"},{"taxonomy":"product_tag","embeddable":true,"href":"https:\/\/ciecompraenlinea.com\/en\/wp-json\/wp\/v2\/product_tag?post=6564"}],"curies":[{"name":"wp","href":"https:\/\/api.w.org\/{rel}","templated":true}]}}