{"id":6568,"date":"2025-07-24T22:37:41","date_gmt":"2025-07-24T22:37:41","guid":{"rendered":"https:\/\/aquamarine-salamander-419260.hostingersite.com\/?post_type=product&#038;p=6568"},"modified":"2025-09-25T15:19:49","modified_gmt":"2025-09-25T20:19:49","slug":"llave-de-impacto-de-3-8","status":"publish","type":"product","link":"https:\/\/ciecompraenlinea.com\/en\/product\/llave-de-impacto-de-3-8\/","title":{"rendered":"Llave de Impacto de 3\/8&#8243;"},"content":{"rendered":"<p>Las <strong data-start=\"301\" data-end=\"339\">llaves de impacto neum\u00e1ticas de 3\/8&#8243;<\/strong> modelo ST-C534 combinan tecnolog\u00eda avanzada, eficiencia energ\u00e9tica y excelente control para operaciones continuas. Dise\u00f1ada con un sistema de doble martillo forjado, proporciona un <strong data-start=\"520\" data-end=\"535\">alto torque<\/strong> con bajo consumo de aire, ideal para aplicaciones exigentes en <strong data-start=\"599\" data-end=\"622\">mec\u00e1nica automotriz<\/strong> y <strong data-start=\"625\" data-end=\"653\">mantenimiento industrial<\/strong>. Su construcci\u00f3n liviana y el <strong data-start=\"684\" data-end=\"703\">mango compuesto<\/strong> reducen las vibraciones, ofreciendo mayor comodidad al operador. Estas <strong data-start=\"774\" data-end=\"811\">pistolas de impacto neum\u00e1ticas 3\/8\u201d<\/strong> incorporan un regulador de potencia de 4 posiciones, disparador de arranque lento y dial de avance\/reversa en la parte trasera, lo que la convierte en una <strong data-start=\"966\" data-end=\"1021\">herramienta neum\u00e1tica de impacto 3\/8\u201d para mec\u00e1nica<\/strong> altamente controlable y eficiente. Con dise\u00f1o compacto y componentes reforzados, es perfecta como <strong data-start=\"1120\" data-end=\"1159\">llave neum\u00e1tica profesional de 3\/8\u201d<\/strong>, <strong data-start=\"1161\" data-end=\"1209\">llave de impacto 3\/8\u201d para taller automotriz<\/strong>, <strong>pistola de impacto neum\u00e1tica industrial 3\/8\u201d <\/strong>y <strong data-start=\"1260\" data-end=\"1317\">llave neum\u00e1tica de 3\/8\u201d para mantenimiento y ensamble<\/strong>, destac\u00e1ndose tambi\u00e9n como una <strong data-start=\"1349\" data-end=\"1393\">llave de impacto de aire comprimido 3\/8\u201d<\/strong> confiable para trabajo continuo.<\/p>\n<div style=\"display:flex; gap:10px;justify-content:center\" class=\"wps-pgfw-pdf-generate-icon__wrapper-frontend\">\n\t\t<a  href=\"https:\/\/ciecompraenlinea.com\/en\/wp-json\/wp\/v2\/product\/6568?action=genpdf&amp;id=6568\" class=\"pgfw-single-pdf-download-button\" ><img src=\"https:\/\/ciecompraenlinea.com\/wp-content\/uploads\/2025\/08\/Untitled-image-5.png\" title=\"Generate PDF\" style=\"width:auto; height:50px;\"><\/a>\n\t\t<\/div>","protected":false},"excerpt":{"rendered":"<p>Las llaves de impacto neum\u00e1ticas de 3\/8&#8243; modelo ST-C534 combinan tecnolog\u00eda avanzada, eficiencia energ\u00e9tica y excelente control para operaciones continuas. Dise\u00f1ada con un sistema de doble martillo forjado, proporciona un [&hellip;]<\/p>","protected":false},"featured_media":6655,"comment_status":"closed","ping_status":"closed","template":"","meta":{"_acf_changed":false},"product_brand":[277],"product_cat":[121,125,124],"product_tag":[],"class_list":{"0":"post-6568","1":"product","2":"type-product","3":"status-publish","4":"has-post-thumbnail","6":"product_brand-sumake","7":"product_cat-herramientas","8":"product_cat-llaves-de-impacto","9":"product_cat-neumaticas","11":"first","12":"instock","13":"sale","14":"taxable","15":"shipping-taxable","16":"purchasable","17":"product-type-simple"},"acf":[],"_links":{"self":[{"href":"https:\/\/ciecompraenlinea.com\/en\/wp-json\/wp\/v2\/product\/6568","targetHints":{"allow":["GET"]}}],"collection":[{"href":"https:\/\/ciecompraenlinea.com\/en\/wp-json\/wp\/v2\/product"}],"about":[{"href":"https:\/\/ciecompraenlinea.com\/en\/wp-json\/wp\/v2\/types\/product"}],"replies":[{"embeddable":true,"href":"https:\/\/ciecompraenlinea.com\/en\/wp-json\/wp\/v2\/comments?post=6568"}],"wp:featuredmedia":[{"embeddable":true,"href":"https:\/\/ciecompraenlinea.com\/en\/wp-json\/wp\/v2\/media\/6655"}],"wp:attachment":[{"href":"https:\/\/ciecompraenlinea.com\/en\/wp-json\/wp\/v2\/media?parent=6568"}],"wp:term":[{"taxonomy":"product_brand","embeddable":true,"href":"https:\/\/ciecompraenlinea.com\/en\/wp-json\/wp\/v2\/product_brand?post=6568"},{"taxonomy":"product_cat","embeddable":true,"href":"https:\/\/ciecompraenlinea.com\/en\/wp-json\/wp\/v2\/product_cat?post=6568"},{"taxonomy":"product_tag","embeddable":true,"href":"https:\/\/ciecompraenlinea.com\/en\/wp-json\/wp\/v2\/product_tag?post=6568"}],"curies":[{"name":"wp","href":"https:\/\/api.w.org\/{rel}","templated":true}]}}