{"id":6571,"date":"2025-07-24T22:38:13","date_gmt":"2025-07-24T22:38:13","guid":{"rendered":"https:\/\/aquamarine-salamander-419260.hostingersite.com\/?post_type=product&#038;p=6571"},"modified":"2025-09-25T15:19:53","modified_gmt":"2025-09-25T20:19:53","slug":"llave-de-impacto-de-1-2-industrial","status":"publish","type":"product","link":"https:\/\/ciecompraenlinea.com\/en\/product\/llave-de-impacto-de-1-2-industrial\/","title":{"rendered":"Llave de Impacto de 1\/2&#8243; Industrial"},"content":{"rendered":"<p data-start=\"340\" data-end=\"1508\">Las <strong data-start=\"343\" data-end=\"381\">llaves de impacto neum\u00e1ticas de 1\/2&#8243;<\/strong> ST-5407 de Sumake son una <strong data-start=\"407\" data-end=\"462\">herramienta neum\u00e1tica de impacto 1\/2\u201d para mec\u00e1nica<\/strong> que ofrece un alto rendimiento gracias a su sistema de doble martillo forjado, ideal para aplicaciones exigentes en entornos industriales y automotrices. Las pistolas de impacto neum\u00e1ticas cuentan con dise\u00f1o ergon\u00f3mico con <strong data-start=\"642\" data-end=\"679\">mango compuesto y carcasa liviana<\/strong> proporciona aislamiento t\u00e9rmico, absorci\u00f3n de vibraciones y comodidad durante jornadas prolongadas. Equipada con <strong data-start=\"793\" data-end=\"834\">regulador de potencia de 4 posiciones<\/strong> en avance y un dial trasero para avance\/retroceso, esta <strong data-start=\"891\" data-end=\"934\">pistola de impacto 1\/2\u201d con alto torque<\/strong> permite un control preciso en cada aplicaci\u00f3n. Con un <strong data-start=\"989\" data-end=\"1021\">disparador de arranque lento<\/strong> y tecnolog\u00eda de ahorro de energ\u00eda, se posiciona como una <strong data-start=\"1079\" data-end=\"1123\">llave de impacto de aire comprimido 1\/2\u201d<\/strong>, ideal para <strong data-start=\"1136\" data-end=\"1161\">talleres automotrices<\/strong>, <strong data-start=\"1163\" data-end=\"1201\">l\u00edneas de mantenimiento y ensamble<\/strong>, y operaciones de <strong data-start=\"1220\" data-end=\"1253\">servicio profesional continuo<\/strong>. Es perfecta como <strong data-start=\"1272\" data-end=\"1307\">llave neum\u00e1tica compacta de 1\/2<\/strong>, <strong data-start=\"1309\" data-end=\"1355\">llave de impacto industrial 1\/2\u201d neum\u00e1tica<\/strong>, <strong data-start=\"1357\" data-end=\"1396\">llave neum\u00e1tica profesional de 1\/2\u201d<\/strong>, y <strong data-start=\"1400\" data-end=\"1437\">pistola de impacto neum\u00e1tica 1\/2\u201d<\/strong> para todo tipo de trabajos donde se requiere potencia y confiabilidad.<\/p>\n<div style=\"display:flex; gap:10px;justify-content:center\" class=\"wps-pgfw-pdf-generate-icon__wrapper-frontend\">\n\t\t<a  href=\"https:\/\/ciecompraenlinea.com\/en\/wp-json\/wp\/v2\/product\/6571?action=genpdf&amp;id=6571\" class=\"pgfw-single-pdf-download-button\" ><img src=\"https:\/\/ciecompraenlinea.com\/wp-content\/uploads\/2025\/08\/Untitled-image-5.png\" title=\"Generate PDF\" style=\"width:auto; height:50px;\"><\/a>\n\t\t<\/div>","protected":false},"excerpt":{"rendered":"<p>Las llaves de impacto neum\u00e1ticas de 1\/2&#8243; ST-5407 de Sumake son una herramienta neum\u00e1tica de impacto 1\/2\u201d para mec\u00e1nica que ofrece un alto rendimiento gracias a su sistema de doble [&hellip;]<\/p>","protected":false},"featured_media":6658,"comment_status":"closed","ping_status":"closed","template":"","meta":{"_acf_changed":false},"product_brand":[277],"product_cat":[121,125,124],"product_tag":[],"class_list":{"0":"post-6571","1":"product","2":"type-product","3":"status-publish","4":"has-post-thumbnail","6":"product_brand-sumake","7":"product_cat-herramientas","8":"product_cat-llaves-de-impacto","9":"product_cat-neumaticas","11":"first","12":"instock","13":"taxable","14":"shipping-taxable","15":"purchasable","16":"product-type-simple"},"acf":[],"_links":{"self":[{"href":"https:\/\/ciecompraenlinea.com\/en\/wp-json\/wp\/v2\/product\/6571","targetHints":{"allow":["GET"]}}],"collection":[{"href":"https:\/\/ciecompraenlinea.com\/en\/wp-json\/wp\/v2\/product"}],"about":[{"href":"https:\/\/ciecompraenlinea.com\/en\/wp-json\/wp\/v2\/types\/product"}],"replies":[{"embeddable":true,"href":"https:\/\/ciecompraenlinea.com\/en\/wp-json\/wp\/v2\/comments?post=6571"}],"wp:featuredmedia":[{"embeddable":true,"href":"https:\/\/ciecompraenlinea.com\/en\/wp-json\/wp\/v2\/media\/6658"}],"wp:attachment":[{"href":"https:\/\/ciecompraenlinea.com\/en\/wp-json\/wp\/v2\/media?parent=6571"}],"wp:term":[{"taxonomy":"product_brand","embeddable":true,"href":"https:\/\/ciecompraenlinea.com\/en\/wp-json\/wp\/v2\/product_brand?post=6571"},{"taxonomy":"product_cat","embeddable":true,"href":"https:\/\/ciecompraenlinea.com\/en\/wp-json\/wp\/v2\/product_cat?post=6571"},{"taxonomy":"product_tag","embeddable":true,"href":"https:\/\/ciecompraenlinea.com\/en\/wp-json\/wp\/v2\/product_tag?post=6571"}],"curies":[{"name":"wp","href":"https:\/\/api.w.org\/{rel}","templated":true}]}}