{"id":6572,"date":"2025-07-24T22:38:13","date_gmt":"2025-07-24T22:38:13","guid":{"rendered":"https:\/\/aquamarine-salamander-419260.hostingersite.com\/?post_type=product&#038;p=6572"},"modified":"2026-02-03T11:07:49","modified_gmt":"2026-02-03T16:07:49","slug":"llave-de-impacto-de-3-4-industrial","status":"publish","type":"product","link":"https:\/\/ciecompraenlinea.com\/en\/product\/llave-de-impacto-de-3-4-industrial\/","title":{"rendered":"Llave de Impacto de 3\/4&#8243; Industrial"},"content":{"rendered":"<p>Las <strong data-start=\"328\" data-end=\"373\">llaves de impacto neum\u00e1ticas de 3\/4 pulgada<\/strong> ST-5608 combina potencia industrial con dise\u00f1o ergon\u00f3mico para brindar mayor control y eficiencia en operaciones prolongadas. Esta <strong data-start=\"505\" data-end=\"542\">pistola de impacto neum\u00e1tica 3\/4\u201d<\/strong> es ideal para <strong data-start=\"557\" data-end=\"585\">mantenimiento y ensamble<\/strong>, gracias a su mecanismo de <strong data-start=\"613\" data-end=\"640\">martillo doble duradero<\/strong> y su cuerpo compuesto ligero, que reduce la fatiga del operario. Su <strong data-start=\"709\" data-end=\"748\">llave neum\u00e1tica profesional de 3\/4\u201d<\/strong> ofrece una excelente relaci\u00f3n peso-potencia, adecuada para <strong data-start=\"808\" data-end=\"878\">servicios automotrices, talleres de carrocer\u00eda, granjas y camiones<\/strong>. Estas <strong data-start=\"885\" data-end=\"929\">pistolas de impacto neum\u00e1ticas de aire comprimido 3\/4\u201d<\/strong> permite trabajar con precisi\u00f3n y confort, incluso para operarios zurdos, y est\u00e1 dise\u00f1ada como una <strong data-start=\"1028\" data-end=\"1083\">herramienta neum\u00e1tica de impacto 3\/4\u201d para mec\u00e1nica<\/strong> exigente. Su dise\u00f1o vers\u00e1til la convierte tambi\u00e9n en una <strong data-start=\"1141\" data-end=\"1184\">llave neum\u00e1tica compacta de 3\/4 pulgada<\/strong> con excelente torque para el trabajo pesado, siendo la elecci\u00f3n ideal para quienes buscan una <strong data-start=\"1279\" data-end=\"1327\">llave de impacto 3\/4\u201d para taller automotriz<\/strong>, confiable y duradera. Perfecta como <strong data-start=\"1365\" data-end=\"1408\">pistola de impacto 3\/4\u201d con alto torque<\/strong>, se consolida como una <strong data-start=\"1432\" data-end=\"1478\">llave de impacto industrial 3\/4\u201d neum\u00e1tica<\/strong> para uso intensivo.<\/p>\n<div style=\"display:flex; gap:10px;justify-content:center\" class=\"wps-pgfw-pdf-generate-icon__wrapper-frontend\">\n\t\t<a  href=\"https:\/\/ciecompraenlinea.com\/en\/wp-json\/wp\/v2\/product\/6572?action=genpdf&amp;id=6572\" class=\"pgfw-single-pdf-download-button\" ><img src=\"https:\/\/ciecompraenlinea.com\/wp-content\/uploads\/2025\/08\/Untitled-image-5.png\" title=\"Generate PDF\" style=\"width:auto; height:50px;\"><\/a>\n\t\t<\/div>","protected":false},"excerpt":{"rendered":"<p>Las llaves de impacto neum\u00e1ticas de 3\/4 pulgada ST-5608 combina potencia industrial con dise\u00f1o ergon\u00f3mico para brindar mayor control y eficiencia en operaciones prolongadas. Esta pistola de impacto neum\u00e1tica 3\/4\u201d [&hellip;]<\/p>","protected":false},"featured_media":6659,"comment_status":"closed","ping_status":"closed","template":"","meta":{"_acf_changed":false},"product_brand":[277],"product_cat":[121,125,124],"product_tag":[],"class_list":{"0":"post-6572","1":"product","2":"type-product","3":"status-publish","4":"has-post-thumbnail","6":"product_brand-sumake","7":"product_cat-herramientas","8":"product_cat-llaves-de-impacto","9":"product_cat-neumaticas","11":"first","12":"instock","13":"taxable","14":"shipping-taxable","15":"purchasable","16":"product-type-simple"},"acf":[],"_links":{"self":[{"href":"https:\/\/ciecompraenlinea.com\/en\/wp-json\/wp\/v2\/product\/6572","targetHints":{"allow":["GET"]}}],"collection":[{"href":"https:\/\/ciecompraenlinea.com\/en\/wp-json\/wp\/v2\/product"}],"about":[{"href":"https:\/\/ciecompraenlinea.com\/en\/wp-json\/wp\/v2\/types\/product"}],"replies":[{"embeddable":true,"href":"https:\/\/ciecompraenlinea.com\/en\/wp-json\/wp\/v2\/comments?post=6572"}],"wp:featuredmedia":[{"embeddable":true,"href":"https:\/\/ciecompraenlinea.com\/en\/wp-json\/wp\/v2\/media\/6659"}],"wp:attachment":[{"href":"https:\/\/ciecompraenlinea.com\/en\/wp-json\/wp\/v2\/media?parent=6572"}],"wp:term":[{"taxonomy":"product_brand","embeddable":true,"href":"https:\/\/ciecompraenlinea.com\/en\/wp-json\/wp\/v2\/product_brand?post=6572"},{"taxonomy":"product_cat","embeddable":true,"href":"https:\/\/ciecompraenlinea.com\/en\/wp-json\/wp\/v2\/product_cat?post=6572"},{"taxonomy":"product_tag","embeddable":true,"href":"https:\/\/ciecompraenlinea.com\/en\/wp-json\/wp\/v2\/product_tag?post=6572"}],"curies":[{"name":"wp","href":"https:\/\/api.w.org\/{rel}","templated":true}]}}