{"id":6582,"date":"2025-07-24T22:39:58","date_gmt":"2025-07-24T22:39:58","guid":{"rendered":"https:\/\/aquamarine-salamander-419260.hostingersite.com\/?post_type=product&#038;p=6582"},"modified":"2025-11-16T17:15:54","modified_gmt":"2025-11-16T22:15:54","slug":"lijadora-neumatica-tipo-pistola-3","status":"publish","type":"product","link":"https:\/\/ciecompraenlinea.com\/en\/product\/lijadora-neumatica-tipo-pistola-3\/","title":{"rendered":"Lijadora Neum\u00e1tica tipo pistola 3&#8243;"},"content":{"rendered":"<p>Las <strong data-start=\"322\" data-end=\"361\">lijadoras neum\u00e1ticas de banda ST-C120<\/strong> de Sumake son una herramienta profesional dise\u00f1adas para trabajos de <strong data-start=\"429\" data-end=\"449\">lijado con banda<\/strong> en metal, madera y superficies exigentes. Su dise\u00f1o tipo pistola con <strong data-start=\"519\" data-end=\"548\">cuerpo compuesto compacto<\/strong> ofrece comodidad, resistencia a impactos y evita que las manos se enfr\u00eden en ambientes fr\u00edos. Equipada con <strong data-start=\"656\" data-end=\"685\">motor neum\u00e1tico de 0,4 HP<\/strong> y <strong data-start=\"688\" data-end=\"724\">rotores mecanizados de precisi\u00f3n<\/strong>, garantiza durabilidad y un desempe\u00f1o estable. Gracias a su <strong data-start=\"785\" data-end=\"818\">control de velocidad variable<\/strong>, <strong data-start=\"820\" data-end=\"838\">escape trasero<\/strong>, y <strong data-start=\"842\" data-end=\"866\">silenciador mejorado<\/strong>, permite un trabajo m\u00e1s c\u00f3modo y silencioso. Ideal como <strong data-start=\"923\" data-end=\"963\">lijadora neum\u00e1tica de alta velocidad<\/strong>, <strong data-start=\"965\" data-end=\"1010\">lijadora de banda para trabajo industrial<\/strong>, <strong data-start=\"1012\" data-end=\"1066\">lijadora neum\u00e1tica profesional para metal y madera<\/strong>, as\u00ed como para <strong data-start=\"1082\" data-end=\"1125\">acabados precisos en espacios reducidos<\/strong>. Es una <strong data-start=\"1134\" data-end=\"1181\">herramienta neum\u00e1tica para bandas abrasivas<\/strong> indispensable para aplicaciones de desbaste, acabado y mantenimiento industrial.<\/p>","protected":false},"excerpt":{"rendered":"<p>Las lijadoras neum\u00e1ticas de banda ST-C120 de Sumake son una herramienta profesional dise\u00f1adas para trabajos de lijado con banda en metal, madera y superficies exigentes. Su dise\u00f1o tipo pistola con [&hellip;]<\/p>","protected":false},"featured_media":6668,"comment_status":"closed","ping_status":"closed","template":"","meta":{"_acf_changed":false},"product_brand":[277],"product_cat":[121,161,135,124],"product_tag":[],"class_list":{"0":"post-6582","1":"product","2":"type-product","3":"status-publish","4":"has-post-thumbnail","6":"product_brand-sumake","7":"product_cat-herramientas","8":"product_cat-lijadora-tipo-pistola","9":"product_cat-lijadoras","10":"product_cat-neumaticas","12":"first","13":"instock","14":"taxable","15":"shipping-taxable","16":"purchasable","17":"product-type-simple"},"acf":[],"_links":{"self":[{"href":"https:\/\/ciecompraenlinea.com\/en\/wp-json\/wp\/v2\/product\/6582","targetHints":{"allow":["GET"]}}],"collection":[{"href":"https:\/\/ciecompraenlinea.com\/en\/wp-json\/wp\/v2\/product"}],"about":[{"href":"https:\/\/ciecompraenlinea.com\/en\/wp-json\/wp\/v2\/types\/product"}],"replies":[{"embeddable":true,"href":"https:\/\/ciecompraenlinea.com\/en\/wp-json\/wp\/v2\/comments?post=6582"}],"wp:featuredmedia":[{"embeddable":true,"href":"https:\/\/ciecompraenlinea.com\/en\/wp-json\/wp\/v2\/media\/6668"}],"wp:attachment":[{"href":"https:\/\/ciecompraenlinea.com\/en\/wp-json\/wp\/v2\/media?parent=6582"}],"wp:term":[{"taxonomy":"product_brand","embeddable":true,"href":"https:\/\/ciecompraenlinea.com\/en\/wp-json\/wp\/v2\/product_brand?post=6582"},{"taxonomy":"product_cat","embeddable":true,"href":"https:\/\/ciecompraenlinea.com\/en\/wp-json\/wp\/v2\/product_cat?post=6582"},{"taxonomy":"product_tag","embeddable":true,"href":"https:\/\/ciecompraenlinea.com\/en\/wp-json\/wp\/v2\/product_tag?post=6582"}],"curies":[{"name":"wp","href":"https:\/\/api.w.org\/{rel}","templated":true}]}}