{"id":6594,"date":"2025-07-24T22:41:50","date_gmt":"2025-07-24T22:41:50","guid":{"rendered":"https:\/\/aquamarine-salamander-419260.hostingersite.com\/?post_type=product&#038;p=6594"},"modified":"2026-03-25T12:38:56","modified_gmt":"2026-03-25T17:38:56","slug":"llave-de-impacto-neumatica-de-1-2","status":"publish","type":"product","link":"https:\/\/ciecompraenlinea.com\/en\/product\/llave-de-impacto-neumatica-de-1-2\/","title":{"rendered":"Llave de Impacto Neum\u00e1tica de 1\/2&#8243;"},"content":{"rendered":"<p>La llave de impacto neum\u00e1tica CP749 de 1\/2&#8243; es parte de la gama cl\u00e1sica de Chicago Pneumatic. Dise\u00f1ada para trabajos exigentes, ofrece alto par de apriete con un mecanismo de martillos dobles en ba\u00f1o de aceite que garantiza durabilidad. Su cuerpo met\u00e1lico, mango ergon\u00f3mico y selector de 4 potencias permiten un uso confiable en aplicaciones automotrices e industriales.<\/p>\n<p>&nbsp;<\/p>\n<div style=\"display:flex; gap:10px;justify-content:center\" class=\"wps-pgfw-pdf-generate-icon__wrapper-frontend\">\n\t\t<a  href=\"https:\/\/ciecompraenlinea.com\/en\/wp-json\/wp\/v2\/product\/6594?action=genpdf&amp;id=6594\" class=\"pgfw-single-pdf-download-button\" ><img src=\"https:\/\/ciecompraenlinea.com\/wp-content\/uploads\/2025\/08\/Untitled-image-5.png\" title=\"Generate PDF\" style=\"width:auto; height:50px;\"><\/a>\n\t\t<\/div>","protected":false},"excerpt":{"rendered":"<p>La llave de impacto neum\u00e1tica CP749 de 1\/2&#8243; es parte de la gama cl\u00e1sica de Chicago Pneumatic. Dise\u00f1ada para trabajos exigentes, ofrece alto par de apriete con un mecanismo de [&hellip;]<\/p>","protected":false},"featured_media":6687,"comment_status":"closed","ping_status":"closed","template":"","meta":{"_acf_changed":false},"product_brand":[283],"product_cat":[121,125,124],"product_tag":[181],"class_list":{"0":"post-6594","1":"product","2":"type-product","3":"status-publish","4":"has-post-thumbnail","6":"product_brand-chicago-pneumatic","7":"product_cat-herramientas","8":"product_cat-llaves-de-impacto","9":"product_cat-neumaticas","10":"product_tag-1-2","12":"first","13":"outofstock","14":"sale","15":"taxable","16":"shipping-taxable","17":"purchasable","18":"product-type-simple"},"acf":[],"_links":{"self":[{"href":"https:\/\/ciecompraenlinea.com\/en\/wp-json\/wp\/v2\/product\/6594","targetHints":{"allow":["GET"]}}],"collection":[{"href":"https:\/\/ciecompraenlinea.com\/en\/wp-json\/wp\/v2\/product"}],"about":[{"href":"https:\/\/ciecompraenlinea.com\/en\/wp-json\/wp\/v2\/types\/product"}],"replies":[{"embeddable":true,"href":"https:\/\/ciecompraenlinea.com\/en\/wp-json\/wp\/v2\/comments?post=6594"}],"wp:featuredmedia":[{"embeddable":true,"href":"https:\/\/ciecompraenlinea.com\/en\/wp-json\/wp\/v2\/media\/6687"}],"wp:attachment":[{"href":"https:\/\/ciecompraenlinea.com\/en\/wp-json\/wp\/v2\/media?parent=6594"}],"wp:term":[{"taxonomy":"product_brand","embeddable":true,"href":"https:\/\/ciecompraenlinea.com\/en\/wp-json\/wp\/v2\/product_brand?post=6594"},{"taxonomy":"product_cat","embeddable":true,"href":"https:\/\/ciecompraenlinea.com\/en\/wp-json\/wp\/v2\/product_cat?post=6594"},{"taxonomy":"product_tag","embeddable":true,"href":"https:\/\/ciecompraenlinea.com\/en\/wp-json\/wp\/v2\/product_tag?post=6594"}],"curies":[{"name":"wp","href":"https:\/\/api.w.org\/{rel}","templated":true}]}}