{"id":6625,"date":"2025-07-24T22:48:42","date_gmt":"2025-07-24T22:48:42","guid":{"rendered":"https:\/\/aquamarine-salamander-419260.hostingersite.com\/?post_type=product&#038;p=6625"},"modified":"2026-03-25T12:43:57","modified_gmt":"2026-03-25T17:43:57","slug":"esmeril-recto-neumatico-de-1-4","status":"publish","type":"product","link":"https:\/\/ciecompraenlinea.com\/en\/product\/esmeril-recto-neumatico-de-1-4\/","title":{"rendered":"Esmeril Recto Neum\u00e1tico de 1\/4&#8243;"},"content":{"rendered":"<p data-start=\"186\" data-end=\"729\">Los esmeriles neum\u00e1ticos o <strong data-start=\"189\" data-end=\"244\">motortools neum\u00e1ticos 1\/4\u201d CP860 de Chicago Pneumatic<\/strong> son una herramienta recta de alto rendimiento ideal para procesos de desbaste, limpieza, perforado y pulido. Gracias a su dise\u00f1o compacto, este <strong data-start=\"388\" data-end=\"401\">motortool<\/strong> neum\u00e1tico garantiza control preciso y comodidad, posicion\u00e1ndose como una soluci\u00f3n ergon\u00f3mica para trabajos industriales exigentes. Su motor de 370 W y pinza de 1\/4\u201d hacen de esta herramienta una opci\u00f3n potente y confiable para quienes necesitan una <strong data-start=\"641\" data-end=\"660\">amoladora neum\u00e1tica recta<\/strong> o un <strong data-start=\"666\" data-end=\"687\">esmeril neum\u00e1tico<\/strong> con velocidad constante y alto desempe\u00f1o.<\/p>\n<p data-start=\"731\" data-end=\"1166\">Este equipo tambi\u00e9n se reconoce dentro de las mejores <strong data-start=\"785\" data-end=\"817\">amoladoras rectas neum\u00e1ticas<\/strong> por su durabilidad, facilidad de maniobra y eficiencia en entornos como la <strong data-start=\"893\" data-end=\"910\">metalmec\u00e1nica<\/strong>, el mantenimiento automotriz o la fabricaci\u00f3n en general. Ya sea que busques un <strong data-start=\"991\" data-end=\"1018\">esmeril neum\u00e1ticos<\/strong> para trabajos finos o <strong data-start=\"1044\" data-end=\"1067\">motortools neum\u00e1ticos<\/strong> de uso continuo, el CP860 es una herramienta robusta para tareas que exigen precisi\u00f3n profesional.<\/p>","protected":false},"excerpt":{"rendered":"<p>Los esmeriles neum\u00e1ticos o motortools neum\u00e1ticos 1\/4\u201d CP860 de Chicago Pneumatic son una herramienta recta de alto rendimiento ideal para procesos de desbaste, limpieza, perforado y pulido. Gracias a su [&hellip;]<\/p>","protected":false},"featured_media":6710,"comment_status":"closed","ping_status":"closed","template":"","meta":{"_acf_changed":false},"product_brand":[283],"product_cat":[142,121,124],"product_tag":[],"class_list":{"0":"post-6625","1":"product","2":"type-product","3":"status-publish","4":"has-post-thumbnail","6":"product_brand-chicago-pneumatic","7":"product_cat-esmeril-recto-neumatico","8":"product_cat-herramientas","9":"product_cat-neumaticas","11":"first","12":"instock","13":"sale","14":"purchasable","15":"product-type-simple"},"acf":[],"_links":{"self":[{"href":"https:\/\/ciecompraenlinea.com\/en\/wp-json\/wp\/v2\/product\/6625","targetHints":{"allow":["GET"]}}],"collection":[{"href":"https:\/\/ciecompraenlinea.com\/en\/wp-json\/wp\/v2\/product"}],"about":[{"href":"https:\/\/ciecompraenlinea.com\/en\/wp-json\/wp\/v2\/types\/product"}],"replies":[{"embeddable":true,"href":"https:\/\/ciecompraenlinea.com\/en\/wp-json\/wp\/v2\/comments?post=6625"}],"wp:featuredmedia":[{"embeddable":true,"href":"https:\/\/ciecompraenlinea.com\/en\/wp-json\/wp\/v2\/media\/6710"}],"wp:attachment":[{"href":"https:\/\/ciecompraenlinea.com\/en\/wp-json\/wp\/v2\/media?parent=6625"}],"wp:term":[{"taxonomy":"product_brand","embeddable":true,"href":"https:\/\/ciecompraenlinea.com\/en\/wp-json\/wp\/v2\/product_brand?post=6625"},{"taxonomy":"product_cat","embeddable":true,"href":"https:\/\/ciecompraenlinea.com\/en\/wp-json\/wp\/v2\/product_cat?post=6625"},{"taxonomy":"product_tag","embeddable":true,"href":"https:\/\/ciecompraenlinea.com\/en\/wp-json\/wp\/v2\/product_tag?post=6625"}],"curies":[{"name":"wp","href":"https:\/\/api.w.org\/{rel}","templated":true}]}}