{"id":6657,"date":"2025-07-24T22:55:13","date_gmt":"2025-07-24T22:55:13","guid":{"rendered":"https:\/\/aquamarine-salamander-419260.hostingersite.com\/?post_type=product&#038;p=6657"},"modified":"2026-02-03T16:24:54","modified_gmt":"2026-02-03T21:24:54","slug":"equilibrador-14-18kg-9357","status":"publish","type":"product","link":"https:\/\/ciecompraenlinea.com\/en\/product\/equilibrador-14-18kg-9357\/","title":{"rendered":"Equilibrador 14-18Kg 9357"},"content":{"rendered":"<p><strong>EQUILIBRADORES TECNA CON CUERDA DE ACERO INOXIDABLE<\/strong><\/p>\n<ul>\n<li>EQUILIBRADOR TECNA 9357 con caudal de 14-18Kg y con cable de acero inoxidable de hasta 2000mm.<\/li>\n<li>El equilibrador Tecna est\u00e1 equipado con un freno que controla la velocidad de rotaci\u00f3n del tambor. Opci\u00f3n a solicitar en el momento del pedido, no es posible montar en equilibradores ya instalados.<\/li>\n<li>El equilibrador de resorte es una herramienta esencial para cancelar la fatiga del operador, aumentar la productividad al reducir los tiempos de procesamiento y mejorar la calidad del trabajo.<\/li>\n<li>Los equilibradores Tecna se fabrican de conformidad con la directiva DIN 15112 y, gracias a la alta tecnolog\u00eda de construcci\u00f3n y al cumplimiento de las normativas vigentes, son certificados BG de seguridad en el lugar de trabajo por parte del organismo alem\u00e1n.<\/li>\n<li>La estructura ergon\u00f3mica de los equilibradores Tecna ha sido dise\u00f1ada para facilitar todas las operaciones de uso, desde la facilidad de movimiento hasta la fuerza del cuerpo, desde la facilidad de uso hasta el poder de elevaci\u00f3n.<\/li>\n<\/ul>\n<p>&nbsp;<\/p>\n<div style=\"display:flex; gap:10px;justify-content:center\" class=\"wps-pgfw-pdf-generate-icon__wrapper-frontend\">\n\t\t<a  href=\"https:\/\/ciecompraenlinea.com\/en\/wp-json\/wp\/v2\/product\/6657?action=genpdf&amp;id=6657\" class=\"pgfw-single-pdf-download-button\" ><img src=\"https:\/\/ciecompraenlinea.com\/wp-content\/uploads\/2025\/08\/Untitled-image-5.png\" title=\"Generate PDF\" style=\"width:auto; height:50px;\"><\/a>\n\t\t<\/div>","protected":false},"excerpt":{"rendered":"<p>EQUILIBRADORES TECNA CON CUERDA DE ACERO INOXIDABLE EQUILIBRADOR TECNA 9357 con caudal de 14-18Kg y con cable de acero inoxidable de hasta 2000mm. El equilibrador Tecna est\u00e1 equipado con un [&hellip;]<\/p>","protected":false},"featured_media":11369,"comment_status":"closed","ping_status":"closed","template":"","meta":{"_acf_changed":false},"product_brand":[292],"product_cat":[131,184],"product_tag":[],"class_list":{"0":"post-6657","1":"product","2":"type-product","3":"status-publish","4":"has-post-thumbnail","6":"product_brand-tecna","7":"product_cat-accesorios","8":"product_cat-balancin","10":"first","11":"instock","12":"sale","13":"taxable","14":"shipping-taxable","15":"purchasable","16":"product-type-simple"},"acf":[],"_links":{"self":[{"href":"https:\/\/ciecompraenlinea.com\/en\/wp-json\/wp\/v2\/product\/6657","targetHints":{"allow":["GET"]}}],"collection":[{"href":"https:\/\/ciecompraenlinea.com\/en\/wp-json\/wp\/v2\/product"}],"about":[{"href":"https:\/\/ciecompraenlinea.com\/en\/wp-json\/wp\/v2\/types\/product"}],"replies":[{"embeddable":true,"href":"https:\/\/ciecompraenlinea.com\/en\/wp-json\/wp\/v2\/comments?post=6657"}],"wp:featuredmedia":[{"embeddable":true,"href":"https:\/\/ciecompraenlinea.com\/en\/wp-json\/wp\/v2\/media\/11369"}],"wp:attachment":[{"href":"https:\/\/ciecompraenlinea.com\/en\/wp-json\/wp\/v2\/media?parent=6657"}],"wp:term":[{"taxonomy":"product_brand","embeddable":true,"href":"https:\/\/ciecompraenlinea.com\/en\/wp-json\/wp\/v2\/product_brand?post=6657"},{"taxonomy":"product_cat","embeddable":true,"href":"https:\/\/ciecompraenlinea.com\/en\/wp-json\/wp\/v2\/product_cat?post=6657"},{"taxonomy":"product_tag","embeddable":true,"href":"https:\/\/ciecompraenlinea.com\/en\/wp-json\/wp\/v2\/product_tag?post=6657"}],"curies":[{"name":"wp","href":"https:\/\/api.w.org\/{rel}","templated":true}]}}