{"id":6661,"date":"2025-07-24T22:55:50","date_gmt":"2025-07-24T22:55:50","guid":{"rendered":"https:\/\/aquamarine-salamander-419260.hostingersite.com\/?post_type=product&#038;p=6661"},"modified":"2026-02-03T16:30:15","modified_gmt":"2026-02-03T21:30:15","slug":"equilibrador-0-6-1-5kg-sa-2203","status":"publish","type":"product","link":"https:\/\/ciecompraenlinea.com\/en\/product\/equilibrador-0-6-1-5kg-sa-2203\/","title":{"rendered":"Equilibrador 0.6-1.5kg SA-2203"},"content":{"rendered":"<p data-start=\"232\" data-end=\"571\">El equilibrador SA-2203 de Sumake es un equipo dise\u00f1ado para el manejo controlado de herramientas livianas en estaciones de trabajo y procesos de ensamblaje. Este tipo de soluci\u00f3n hace parte de los equilibradores utilizados en entornos donde se busca mejorar la ergonom\u00eda, el orden del puesto de trabajo y la continuidad operativa.<\/p>\n<p data-start=\"573\" data-end=\"899\">Como balanc\u00edn para herramientas, permite compensar el peso de la herramienta durante el uso, facilitando movimientos suaves y precisos, y reduciendo el esfuerzo f\u00edsico del operario en tareas repetitivas. Su funcionamiento ayuda a mantener la herramienta suspendida y siempre disponible, optimizando los tiempos de trabajo.<\/p>\n<p data-start=\"901\" data-end=\"1200\">Este modelo se integra de forma eficiente en sistemas de balancines industriales, aportando estabilidad y control en aplicaciones de bajo peso. Su dise\u00f1o interno en espiral permite un balance progresivo, logrando que la herramienta se mantenga en la posici\u00f3n donde se libera sin generar tirones.<\/p>\n<p data-start=\"1202\" data-end=\"1527\">Dentro de la categor\u00eda de balanceador industrial, el SA-2203 ofrece una soluci\u00f3n compacta y funcional para l\u00edneas de producci\u00f3n y puestos de montaje. Adem\u00e1s, forma parte de la gama de balanceadores empleados en aplicaciones donde la comodidad del operario y la precisi\u00f3n en el manejo de herramientas son prioritarias.<\/p>","protected":false},"excerpt":{"rendered":"<p>El equilibrador SA-2203 de Sumake es un equipo dise\u00f1ado para el manejo controlado de herramientas livianas en estaciones de trabajo y procesos de ensamblaje. Este tipo de soluci\u00f3n hace parte [&hellip;]<\/p>","protected":false},"featured_media":11370,"comment_status":"closed","ping_status":"closed","template":"","meta":{"_acf_changed":false},"product_brand":[277],"product_cat":[131,184],"product_tag":[],"class_list":{"0":"post-6661","1":"product","2":"type-product","3":"status-publish","4":"has-post-thumbnail","6":"product_brand-sumake","7":"product_cat-accesorios","8":"product_cat-balancin","10":"first","11":"instock","12":"taxable","13":"shipping-taxable","14":"purchasable","15":"product-type-simple"},"acf":[],"_links":{"self":[{"href":"https:\/\/ciecompraenlinea.com\/en\/wp-json\/wp\/v2\/product\/6661","targetHints":{"allow":["GET"]}}],"collection":[{"href":"https:\/\/ciecompraenlinea.com\/en\/wp-json\/wp\/v2\/product"}],"about":[{"href":"https:\/\/ciecompraenlinea.com\/en\/wp-json\/wp\/v2\/types\/product"}],"replies":[{"embeddable":true,"href":"https:\/\/ciecompraenlinea.com\/en\/wp-json\/wp\/v2\/comments?post=6661"}],"wp:featuredmedia":[{"embeddable":true,"href":"https:\/\/ciecompraenlinea.com\/en\/wp-json\/wp\/v2\/media\/11370"}],"wp:attachment":[{"href":"https:\/\/ciecompraenlinea.com\/en\/wp-json\/wp\/v2\/media?parent=6661"}],"wp:term":[{"taxonomy":"product_brand","embeddable":true,"href":"https:\/\/ciecompraenlinea.com\/en\/wp-json\/wp\/v2\/product_brand?post=6661"},{"taxonomy":"product_cat","embeddable":true,"href":"https:\/\/ciecompraenlinea.com\/en\/wp-json\/wp\/v2\/product_cat?post=6661"},{"taxonomy":"product_tag","embeddable":true,"href":"https:\/\/ciecompraenlinea.com\/en\/wp-json\/wp\/v2\/product_tag?post=6661"}],"curies":[{"name":"wp","href":"https:\/\/api.w.org\/{rel}","templated":true}]}}