{"id":6672,"date":"2025-07-24T22:57:56","date_gmt":"2025-07-24T22:57:56","guid":{"rendered":"https:\/\/aquamarine-salamander-419260.hostingersite.com\/?post_type=product&#038;p=6672"},"modified":"2026-02-10T10:13:29","modified_gmt":"2026-02-10T15:13:29","slug":"torcometro-industrial-3ar-n-3-4","status":"publish","type":"product","link":"https:\/\/ciecompraenlinea.com\/en\/product\/torcometro-industrial-3ar-n-3-4\/","title":{"rendered":"Torcometro Industrial 3AR-N, 3\/4&#8243;"},"content":{"rendered":"<p><strong>Torcometro Industrial 3AR-N, 3\/4&#8243; 120101 Marca Norbar<\/strong><\/p>\n<p>Un favorito de los clientes desde hace mucho tiempo redise\u00f1ado para ser m\u00e1s compacto, robusto y f\u00e1cil de usar.\u00a0Ideal para aplicaciones de servicio pesado.<\/p>\n<ul>\n<li>La escala de f\u00e1cil lectura est\u00e1 protegida contra el polvo, la suciedad y las salpicaduras.<\/li>\n<li>Exclusiva leva perfilada y placa de reacci\u00f3n: proporciona un \u00abpunto de ruptura de par\u00bb mucho m\u00e1s claro, lo que reduce la posibilidad de un par excesivo.<\/li>\n<li>La construcci\u00f3n robusta brinda resultados precisos de \u00b14 % incluso en condiciones de trabajo arduas<\/li>\n<li>F\u00e1cil de configurar con precisi\u00f3n<\/li>\n<li>Se puede dividir y empacar en dos partes para un paquete m\u00e1s peque\u00f1o y f\u00e1cil de transportar<\/li>\n<li>El trinquete de empuje permite torsi\u00f3n en dos direcciones<\/li>\n<li>Dise\u00f1ado para ser rentable mantenimiento<\/li>\n<li>Nuevo mango: m\u00e1s c\u00f3modo y gu\u00eda la mano del operador a la posici\u00f3n correcta<\/li>\n<li>Suministrado con una Declaraci\u00f3n de Conformidad, que cumple con los requisitos de ISO 6789-1:2017<\/li>\n<\/ul>","protected":false},"excerpt":{"rendered":"<p>Torcometro Industrial 3AR-N, 3\/4&#8243; 120101 Marca Norbar Un favorito de los clientes desde hace mucho tiempo redise\u00f1ado para ser m\u00e1s compacto, robusto y f\u00e1cil de usar.\u00a0Ideal para aplicaciones de servicio [&hellip;]<\/p>","protected":false},"featured_media":11985,"comment_status":"closed","ping_status":"closed","template":"","meta":{"_acf_changed":false},"product_brand":[286],"product_cat":[149,180],"product_tag":[],"class_list":{"0":"post-6672","1":"product","2":"type-product","3":"status-publish","4":"has-post-thumbnail","6":"product_brand-norbar","7":"product_cat-herramientas-de-torque","8":"product_cat-torcometros-torquimetros","10":"first","11":"outofstock","12":"taxable","13":"shipping-taxable","14":"purchasable","15":"product-type-simple"},"acf":[],"_links":{"self":[{"href":"https:\/\/ciecompraenlinea.com\/en\/wp-json\/wp\/v2\/product\/6672","targetHints":{"allow":["GET"]}}],"collection":[{"href":"https:\/\/ciecompraenlinea.com\/en\/wp-json\/wp\/v2\/product"}],"about":[{"href":"https:\/\/ciecompraenlinea.com\/en\/wp-json\/wp\/v2\/types\/product"}],"replies":[{"embeddable":true,"href":"https:\/\/ciecompraenlinea.com\/en\/wp-json\/wp\/v2\/comments?post=6672"}],"wp:featuredmedia":[{"embeddable":true,"href":"https:\/\/ciecompraenlinea.com\/en\/wp-json\/wp\/v2\/media\/11985"}],"wp:attachment":[{"href":"https:\/\/ciecompraenlinea.com\/en\/wp-json\/wp\/v2\/media?parent=6672"}],"wp:term":[{"taxonomy":"product_brand","embeddable":true,"href":"https:\/\/ciecompraenlinea.com\/en\/wp-json\/wp\/v2\/product_brand?post=6672"},{"taxonomy":"product_cat","embeddable":true,"href":"https:\/\/ciecompraenlinea.com\/en\/wp-json\/wp\/v2\/product_cat?post=6672"},{"taxonomy":"product_tag","embeddable":true,"href":"https:\/\/ciecompraenlinea.com\/en\/wp-json\/wp\/v2\/product_tag?post=6672"}],"curies":[{"name":"wp","href":"https:\/\/api.w.org\/{rel}","templated":true}]}}