{"id":6673,"date":"2025-07-24T22:57:56","date_gmt":"2025-07-24T22:57:56","guid":{"rendered":"https:\/\/aquamarine-salamander-419260.hostingersite.com\/?post_type=product&#038;p=6673"},"modified":"2026-02-10T08:49:45","modified_gmt":"2026-02-10T13:49:45","slug":"torcometro-3-8-4-20-nm","status":"publish","type":"product","link":"https:\/\/ciecompraenlinea.com\/en\/product\/torcometro-3-8-4-20-nm\/","title":{"rendered":"Torcometro 3\/8&#8243; 4-20Nm"},"content":{"rendered":"<p>TTi20 3\/8&#8243;, 4 &#8211; 20 N\u00b7m, 35 &#8211; 180 lbf\u00b7in <strong>13831<\/strong><\/p>\n<p>Las llaves dinamom\u00e9tricas Norbar TTi son precisas, f\u00e1ciles de ajustar y c\u00f3modas de usar. Est\u00e1n acabados en una atractiva y duradera placa de cromo satinado. Este modelo TTi20 se suministra con carraca reversible de 3\/8&#8243;.<\/p>\n<ul>\n<li>N\u00famero de pieza: 13831<\/li>\n<li>Precisi\u00f3n: \u00b13%<\/li>\n<li>Opera entre:<\/li>\n<li>4,00 &#8211; 20,00 N\u00b7m (incremento de 0,05)<\/li>\n<li>35,00 &#8211; 180,00 lbf\u00b7in (incremento de 0,50)<\/li>\n<\/ul>\n<p><strong>Caracter\u00edsticas:<\/strong><\/p>\n<ul>\n<li>Escala microm\u00e9trica para un ajuste sencillo y sin errores. (En las llaves de doble escala, el incremento microm\u00e9trico se aplica a la escala N\u00b7m.)<\/li>\n<li>Ajuste r\u00e1pido y ligero: el ajuste en toda la escala se puede lograr r\u00e1pidamente y con un esfuerzo m\u00ednimo en aproximadamente diez vueltas completas (el n\u00famero exacto var\u00eda seg\u00fan el modelo).<\/li>\n<li>Mango c\u00f3modo y duradero: el mango est\u00e1 construido con dos materiales; un material base para mayor resistencia superpuesto con un agarre de tacto suave para mayor comodidad y resistencia al deslizamiento.<\/li>\n<li>El material del mango y la lente resisten los productos qu\u00edmicos de uso com\u00fan en los entornos industriales, de aviaci\u00f3n y de automoci\u00f3n.<\/li>\n<li>Suministrado con una Declaraci\u00f3n de Conformidad, que cumple con los requisitos de ISO 6789-1:2017<\/li>\n<\/ul>\n<p><strong>Especificaciones t\u00e9cnicas<\/strong><\/p>\n<ul>\n<li>Longitud: 230 mm<\/li>\n<li>Tama\u00f1o cuadrado: 3\/8&#8243;<\/li>\n<li>Di\u00e1metro del trinquete: 30 mm<\/li>\n<li>Compromisos por revoluci\u00f3n: 72<\/li>\n<li>Incrementos de escala (N\u00b7m): 0.1<\/li>\n<li>Incrementos de escala (lbf\u00b7in): 10<\/li>\n<\/ul>\n<p><strong>Dimensiones y Pesos<\/strong><\/p>\n<ul>\n<li>Peso de la herramienta (kg): 0,44<\/li>\n<li>Peso Embalado* (kg): 0.52<\/li>\n<li>Ancho embalado* (W) (mm): 258.00<\/li>\n<li>Altura Embalada* (H) (mm): 50.00<\/li>\n<li>Profundidad Embalada* (D) (mm): 50.00<\/li>\n<\/ul>","protected":false},"excerpt":{"rendered":"<p>TTi20 3\/8&#8243;, 4 &#8211; 20 N\u00b7m, 35 &#8211; 180 lbf\u00b7in 13831 Las llaves dinamom\u00e9tricas Norbar TTi son precisas, f\u00e1ciles de ajustar y c\u00f3modas de usar. Est\u00e1n acabados en una atractiva [&hellip;]<\/p>","protected":false},"featured_media":11982,"comment_status":"closed","ping_status":"closed","template":"","meta":{"_acf_changed":false},"product_brand":[286],"product_cat":[149,180],"product_tag":[],"class_list":{"0":"post-6673","1":"product","2":"type-product","3":"status-publish","4":"has-post-thumbnail","6":"product_brand-norbar","7":"product_cat-herramientas-de-torque","8":"product_cat-torcometros-torquimetros","10":"first","11":"outofstock","12":"taxable","13":"shipping-taxable","14":"purchasable","15":"product-type-simple"},"acf":[],"_links":{"self":[{"href":"https:\/\/ciecompraenlinea.com\/en\/wp-json\/wp\/v2\/product\/6673","targetHints":{"allow":["GET"]}}],"collection":[{"href":"https:\/\/ciecompraenlinea.com\/en\/wp-json\/wp\/v2\/product"}],"about":[{"href":"https:\/\/ciecompraenlinea.com\/en\/wp-json\/wp\/v2\/types\/product"}],"replies":[{"embeddable":true,"href":"https:\/\/ciecompraenlinea.com\/en\/wp-json\/wp\/v2\/comments?post=6673"}],"wp:featuredmedia":[{"embeddable":true,"href":"https:\/\/ciecompraenlinea.com\/en\/wp-json\/wp\/v2\/media\/11982"}],"wp:attachment":[{"href":"https:\/\/ciecompraenlinea.com\/en\/wp-json\/wp\/v2\/media?parent=6673"}],"wp:term":[{"taxonomy":"product_brand","embeddable":true,"href":"https:\/\/ciecompraenlinea.com\/en\/wp-json\/wp\/v2\/product_brand?post=6673"},{"taxonomy":"product_cat","embeddable":true,"href":"https:\/\/ciecompraenlinea.com\/en\/wp-json\/wp\/v2\/product_cat?post=6673"},{"taxonomy":"product_tag","embeddable":true,"href":"https:\/\/ciecompraenlinea.com\/en\/wp-json\/wp\/v2\/product_tag?post=6673"}],"curies":[{"name":"wp","href":"https:\/\/api.w.org\/{rel}","templated":true}]}}